{"id":17862,"date":"2021-02-07T16:03:04","date_gmt":"2021-02-07T16:03:04","guid":{"rendered":"http:\/\/roigk.de\/e-er0102-spezial-batterie-fuer-duschen-mit-piezzo-zeitventil\/"},"modified":"2026-01-21T09:15:22","modified_gmt":"2026-01-21T09:15:22","slug":"e-er0102-spezial-batterie-fuer-duschen-mit-piezzo-zeitventil","status":"publish","type":"product","link":"https:\/\/roigk.de\/en\/e-er0102-spezial-batterie-fuer-duschen-mit-piezzo-zeitventil\/","title":{"rendered":"E# ER0102 Spezial-Batterie (f\u00fcr Duschen mit Piezzo Zeitventil)"},"content":{"rendered":"","protected":false},"excerpt":{"rendered":"<p>gem\u00e4\u00df Abbildung<\/p>\n","protected":false},"featured_media":17859,"template":"","meta":{"_acf_changed":false},"product_brand":[],"product_cat":[116],"product_tag":[],"class_list":{"0":"post-17862","1":"product","2":"type-product","3":"status-publish","4":"has-post-thumbnail","6":"product_cat-duschen-ersatzteile","8":"first","9":"instock","10":"taxable","11":"shipping-taxable","12":"purchasable","13":"product-type-simple"},"acf":[],"_links":{"self":[{"href":"https:\/\/roigk.de\/en\/wp-json\/wp\/v2\/product\/17862","targetHints":{"allow":["GET"]}}],"collection":[{"href":"https:\/\/roigk.de\/en\/wp-json\/wp\/v2\/product"}],"about":[{"href":"https:\/\/roigk.de\/en\/wp-json\/wp\/v2\/types\/product"}],"wp:featuredmedia":[{"embeddable":true,"href":"https:\/\/roigk.de\/en\/wp-json\/wp\/v2\/media\/17859"}],"wp:attachment":[{"href":"https:\/\/roigk.de\/en\/wp-json\/wp\/v2\/media?parent=17862"}],"wp:term":[{"taxonomy":"product_brand","embeddable":true,"href":"https:\/\/roigk.de\/en\/wp-json\/wp\/v2\/product_brand?post=17862"},{"taxonomy":"product_cat","embeddable":true,"href":"https:\/\/roigk.de\/en\/wp-json\/wp\/v2\/product_cat?post=17862"},{"taxonomy":"product_tag","embeddable":true,"href":"https:\/\/roigk.de\/en\/wp-json\/wp\/v2\/product_tag?post=17862"}],"curies":[{"name":"wp","href":"https:\/\/api.w.org\/{rel}","templated":true}]}}