{"id":26289,"date":"2023-04-11T14:55:46","date_gmt":"2023-04-11T14:55:46","guid":{"rendered":"https:\/\/roigk.de\/z-verlaengerungsadapter-aus-edelstahl-fuer-schwimmleinen\/"},"modified":"2026-01-21T09:19:52","modified_gmt":"2026-01-21T09:19:52","slug":"z-verlaengerungsadapter-aus-edelstahl-fuer-schwimmleinen","status":"publish","type":"product","link":"https:\/\/roigk.de\/en\/z-verlaengerungsadapter-aus-edelstahl-fuer-schwimmleinen\/","title":{"rendered":"Z# 2er SET Verl\u00e4ngerungsadapter R771165-V aus Edelstahl (f\u00fcr Schwimmleinen)"},"content":{"rendered":"","protected":false},"excerpt":{"rendered":"<p>Ben\u00f6tigt wenn der Abstand der Leinenhalter von \u00d6se zu \u00d6se l\u00e4nger als die Standardl\u00e4nge der Schwimmleinen ist!<br \/>Aus gebogenem 8 mm Edelstahlrundstab. Gem\u00e4\u00df Foto.<br \/>L\u00e4nge individuell an Ihr Becken angepasst. <br \/>Material: Edelstahl V4A (1.4571)<br \/><b>Bitte Gesamtma\u00df von \u00d6se zu \u00d6se bei Bestellung angeben!!!! Ohne dieses Ma\u00df kann die Bestellung nicht durchgef\u00fchrt werden.<br \/><\/b><b>Diese Position besteht aus einem Set aus 2 St\u00fcck f\u00fcr beide Seiten der Leine!<\/b><\/p>\n","protected":false},"featured_media":26286,"template":"","meta":{"_acf_changed":false},"product_brand":[],"product_cat":[118,30],"product_tag":[],"class_list":{"0":"post-26289","1":"product","2":"type-product","3":"status-publish","4":"has-post-thumbnail","6":"product_cat-schwimmleinen-ersatzteile","7":"product_cat-schwimmsportausruestung-schwimmleinen-leinenwagen","9":"first","10":"instock","11":"taxable","12":"shipping-taxable","13":"purchasable","14":"product-type-simple"},"acf":[],"_links":{"self":[{"href":"https:\/\/roigk.de\/en\/wp-json\/wp\/v2\/product\/26289","targetHints":{"allow":["GET"]}}],"collection":[{"href":"https:\/\/roigk.de\/en\/wp-json\/wp\/v2\/product"}],"about":[{"href":"https:\/\/roigk.de\/en\/wp-json\/wp\/v2\/types\/product"}],"wp:featuredmedia":[{"embeddable":true,"href":"https:\/\/roigk.de\/en\/wp-json\/wp\/v2\/media\/26286"}],"wp:attachment":[{"href":"https:\/\/roigk.de\/en\/wp-json\/wp\/v2\/media?parent=26289"}],"wp:term":[{"taxonomy":"product_brand","embeddable":true,"href":"https:\/\/roigk.de\/en\/wp-json\/wp\/v2\/product_brand?post=26289"},{"taxonomy":"product_cat","embeddable":true,"href":"https:\/\/roigk.de\/en\/wp-json\/wp\/v2\/product_cat?post=26289"},{"taxonomy":"product_tag","embeddable":true,"href":"https:\/\/roigk.de\/en\/wp-json\/wp\/v2\/product_tag?post=26289"}],"curies":[{"name":"wp","href":"https:\/\/api.w.org\/{rel}","templated":true}]}}