{"id":28437,"date":"2024-10-25T11:14:01","date_gmt":"2024-10-25T11:14:01","guid":{"rendered":"https:\/\/roigk.de\/z-schwimmbadregeln-schild-a3-als-aluverbund-platte-r202301-50\/"},"modified":"2026-01-21T09:21:05","modified_gmt":"2026-01-21T09:21:05","slug":"z-schwimmbadregeln-schild-a3-als-aluverbund-platte-r202301-50","status":"publish","type":"product","link":"https:\/\/roigk.de\/en\/z-schwimmbadregeln-schild-a3-als-aluverbund-platte-r202301-50\/","title":{"rendered":"Z# Schwimmbadregeln Schild A3 als Aluverbund-Platte R202301-50"},"content":{"rendered":"","protected":false},"excerpt":{"rendered":"<p><span>So geht es richtig! Mitch erkl\u00e4rt das richtige Verhalten am und im Wasser im Schwimmbad f\u00fcr Ihre Badeg\u00e4ste.<\/span><\/p>\n<p><span>Gemeinsam mit den Bad-Betreiber-Profis von <\/span><span>@baedercoach<\/span><span> haben wir ein allgemeing\u00fcltiges Schild entwickelt, welches Ihnen im laufenden Betrieb hilft und Ihnen auch rechtlich mehr Sicherheit geben kann. Auch wenn diese im Einzelfall nicht ganz zu jedem Bad passt, so zeigt das Plakat dennoch die Grundregeln in verst\u00e4ndlicher Form, mit Bildern und Text.<\/span><\/p>\n<p>Dieses Platte ist aus stablilem wasserfesten 6mm Aluverbundmaterial.<\/p>\n<p>(Optional ist das Schild auch preisgleich in den Sprachen Englisch, Arabisch und Russisch erh\u00e4ltlich. Dazu bitte per email bestellen unter vertrieb@roigk.de)<\/p>\n","protected":false},"featured_media":28434,"template":"","meta":{"_acf_changed":false},"product_brand":[],"product_cat":[119,120],"product_tag":[],"class_list":{"0":"post-28437","1":"product","2":"type-product","3":"status-publish","4":"has-post-thumbnail","6":"product_cat-ersatzteile-wartung-service","7":"product_cat-schwimmbadleitern-ersatzteile-v4a-edelstahl","9":"first","10":"instock","11":"taxable","12":"shipping-taxable","13":"purchasable","14":"product-type-simple"},"acf":[],"_links":{"self":[{"href":"https:\/\/roigk.de\/en\/wp-json\/wp\/v2\/product\/28437","targetHints":{"allow":["GET"]}}],"collection":[{"href":"https:\/\/roigk.de\/en\/wp-json\/wp\/v2\/product"}],"about":[{"href":"https:\/\/roigk.de\/en\/wp-json\/wp\/v2\/types\/product"}],"wp:featuredmedia":[{"embeddable":true,"href":"https:\/\/roigk.de\/en\/wp-json\/wp\/v2\/media\/28434"}],"wp:attachment":[{"href":"https:\/\/roigk.de\/en\/wp-json\/wp\/v2\/media?parent=28437"}],"wp:term":[{"taxonomy":"product_brand","embeddable":true,"href":"https:\/\/roigk.de\/en\/wp-json\/wp\/v2\/product_brand?post=28437"},{"taxonomy":"product_cat","embeddable":true,"href":"https:\/\/roigk.de\/en\/wp-json\/wp\/v2\/product_cat?post=28437"},{"taxonomy":"product_tag","embeddable":true,"href":"https:\/\/roigk.de\/en\/wp-json\/wp\/v2\/product_tag?post=28437"}],"curies":[{"name":"wp","href":"https:\/\/api.w.org\/{rel}","templated":true}]}}