{"id":29887,"date":"2025-05-23T17:20:43","date_gmt":"2025-05-23T17:20:43","guid":{"rendered":"https:\/\/roigk.de\/professionelle-lifterwartung\/"},"modified":"2026-01-21T09:17:42","modified_gmt":"2026-01-21T09:17:42","slug":"professionelle-lifterwartung","status":"publish","type":"product","link":"https:\/\/roigk.de\/en\/professionelle-lifterwartung\/","title":{"rendered":"Professionelle Lifterwartung"},"content":{"rendered":"","protected":false},"excerpt":{"rendered":"<p>Professionelle Lifterwartung \u2013 Sicherheit und Werterhalt aus einer Hand<\/p>\n<p>Ihre Schwimmbadlifte transportieren t\u00e4glich Menschen mit eingeschr\u00e4nkter Mobilit\u00e4t. Damit sie jederzeit zuverl\u00e4ssig und normgerecht funktionieren, ist die j\u00e4hrliche Wartung nach ISO 10535 Pflicht. Unsere professionelle Lifterwartung garantiert, dass Ihr Ger\u00e4t alle Sicherheits\u00adanforderungen erf\u00fcllt und seine volle Lebensdauer aussch\u00f6pft.<\/p>\n<p>Ein zertifiziertes Roigk-Serviceteam \u00fcberpr\u00fcft Tragarm, Hubmechanik, Sicherheits\u00adsensoren, Akkus, Ladeger\u00e4t, Hand\u00adbedienung und s\u00e4mtliche Verschlei\u00dfteile. Wir f\u00fchren einen Funktions\u00adtest unter Last durch, schmieren Lager, justieren Endanschl\u00e4ge und ersetzen defekte Komponenten sofort mit Original-Ersatzteilen. Alle Befunde werden in einem detaillierten Pr\u00fcfprotokoll dokumentiert; ein neuer Wartungs\u00adaufkleber zeigt den n\u00e4chsten Service\u00adtermin auf einen Blick.<\/p>\n<p>Sie profitieren von maximaler Rechtssicherheit, weniger Ausfallzeiten und planbaren Kosten. Abgerechnet werden lediglich Anfahrt, die tats\u00e4chlich ben\u00f6tigten Arbeitsstunden pro Monteur sowie die verbauten Ersatzteile \u2013 vollkommen transparent und ohne versteckte Pauschalen.<\/p>\n<p>Setzen Sie auf Fachkompetenz, die sich auszahlt, und lassen Sie Ihren Schwimmbadlifter von unserem geschulten Team warten.<\/p>\n<p><b><u>Jetzt Wartungstermin hier \u00fcber diesen Link anfragen oder bestellen:<\/u><\/b> <a rel=\"nofollow\" href=\"https:\/\/roigk.de\/lifter-wartung\"><b>&nbsp;<\/b><\/a><\/p>\n<p><a rel=\"nofollow\" href=\"https:\/\/roigk.de\/lifter-wartung\"><b>https:\/\/roigk.de\/lifter-wartung<\/b><\/a><\/p>\n<p>&nbsp;<\/p>\n","protected":false},"featured_media":29884,"template":"","meta":{"_acf_changed":false},"product_brand":[],"product_cat":[115],"product_tag":[],"class_list":{"0":"post-29887","1":"product","2":"type-product","3":"status-publish","4":"has-post-thumbnail","6":"product_cat-schwimmbadlifter-ersatzteile","8":"first","9":"instock","10":"taxable","11":"shipping-taxable","12":"product-type-simple"},"acf":[],"_links":{"self":[{"href":"https:\/\/roigk.de\/en\/wp-json\/wp\/v2\/product\/29887","targetHints":{"allow":["GET"]}}],"collection":[{"href":"https:\/\/roigk.de\/en\/wp-json\/wp\/v2\/product"}],"about":[{"href":"https:\/\/roigk.de\/en\/wp-json\/wp\/v2\/types\/product"}],"wp:featuredmedia":[{"embeddable":true,"href":"https:\/\/roigk.de\/en\/wp-json\/wp\/v2\/media\/29884"}],"wp:attachment":[{"href":"https:\/\/roigk.de\/en\/wp-json\/wp\/v2\/media?parent=29887"}],"wp:term":[{"taxonomy":"product_brand","embeddable":true,"href":"https:\/\/roigk.de\/en\/wp-json\/wp\/v2\/product_brand?post=29887"},{"taxonomy":"product_cat","embeddable":true,"href":"https:\/\/roigk.de\/en\/wp-json\/wp\/v2\/product_cat?post=29887"},{"taxonomy":"product_tag","embeddable":true,"href":"https:\/\/roigk.de\/en\/wp-json\/wp\/v2\/product_tag?post=29887"}],"curies":[{"name":"wp","href":"https:\/\/api.w.org\/{rel}","templated":true}]}}