{"id":29946,"date":"2025-05-29T13:27:55","date_gmt":"2025-05-29T13:27:55","guid":{"rendered":"https:\/\/roigk.de\/e-o-ring-dichtung-er0108-fuer-mittlere-wasserduesen-z-b-fuer-loop-kanone\/"},"modified":"2026-01-21T09:24:44","modified_gmt":"2026-01-21T09:24:44","slug":"e-o-ring-dichtung-er0108-fuer-mittlere-wasserduesen-z-b-fuer-loop-kanone","status":"publish","type":"product","link":"https:\/\/roigk.de\/en\/e-o-ring-dichtung-er0108-fuer-mittlere-wasserduesen-z-b-fuer-loop-kanone\/","title":{"rendered":"E# O-Ring Dichtung ER0108 (f\u00fcr mittlere Wasserd\u00fcsen z.B. f\u00fcr Loop Kanone)"},"content":{"rendered":"","protected":false},"excerpt":{"rendered":"<p>passend f\u00fcr f\u00fcr mittlere Wasserd\u00fcsen z.B. f\u00fcr Loop Kanone<\/p>\n","protected":false},"featured_media":29943,"template":"","meta":{"_acf_changed":false},"product_brand":[],"product_cat":[119,117],"product_tag":[],"class_list":{"0":"post-29946","1":"product","2":"type-product","3":"status-publish","4":"has-post-thumbnail","6":"product_cat-ersatzteile-wartung-service","7":"product_cat-attraktionen-wasserspeier-ersatzteile","9":"first","10":"instock","11":"taxable","12":"shipping-taxable","13":"purchasable","14":"product-type-simple"},"acf":[],"_links":{"self":[{"href":"https:\/\/roigk.de\/en\/wp-json\/wp\/v2\/product\/29946","targetHints":{"allow":["GET"]}}],"collection":[{"href":"https:\/\/roigk.de\/en\/wp-json\/wp\/v2\/product"}],"about":[{"href":"https:\/\/roigk.de\/en\/wp-json\/wp\/v2\/types\/product"}],"wp:featuredmedia":[{"embeddable":true,"href":"https:\/\/roigk.de\/en\/wp-json\/wp\/v2\/media\/29943"}],"wp:attachment":[{"href":"https:\/\/roigk.de\/en\/wp-json\/wp\/v2\/media?parent=29946"}],"wp:term":[{"taxonomy":"product_brand","embeddable":true,"href":"https:\/\/roigk.de\/en\/wp-json\/wp\/v2\/product_brand?post=29946"},{"taxonomy":"product_cat","embeddable":true,"href":"https:\/\/roigk.de\/en\/wp-json\/wp\/v2\/product_cat?post=29946"},{"taxonomy":"product_tag","embeddable":true,"href":"https:\/\/roigk.de\/en\/wp-json\/wp\/v2\/product_tag?post=29946"}],"curies":[{"name":"wp","href":"https:\/\/api.w.org\/{rel}","templated":true}]}}