{"id":12614,"date":"2020-07-22T16:35:56","date_gmt":"2020-07-22T16:35:56","guid":{"rendered":"http:\/\/roigk.de\/agb-widerrufsbelehrung\/"},"modified":"2022-09-25T18:23:20","modified_gmt":"2022-09-25T18:23:20","slug":"agb-widerrufsbelehrung","status":"publish","type":"page","link":"https:\/\/roigk.de\/fr\/agb-widerrufsbelehrung\/","title":{"rendered":"AGB &amp; Widerrufsbelehrung"},"content":{"rendered":"\t\t<div data-elementor-type=\"wp-page\" data-elementor-id=\"12614\" class=\"elementor elementor-12614 elementor-4947\" data-elementor-post-type=\"page\">\n\t\t\t\t\t\t<section class=\"has_ae_slider elementor-section elementor-top-section elementor-element elementor-element-fd68655 elementor-section-boxed elementor-section-height-default elementor-section-height-default ae-bg-gallery-type-default\" data-id=\"fd68655\" data-element_type=\"section\">\n\t\t\t\t\t\t<div class=\"elementor-container elementor-column-gap-default\">\n\t\t\t\t\t<div class=\"has_ae_slider elementor-column elementor-col-100 elementor-top-column elementor-element elementor-element-ac3c26d ae-bg-gallery-type-default\" data-id=\"ac3c26d\" data-element_type=\"column\">\n\t\t\t<div class=\"elementor-widget-wrap elementor-element-populated\">\n\t\t\t\t\t\t<div class=\"elementor-element elementor-element-a3e111e elementor-widget elementor-widget-heading\" data-id=\"a3e111e\" data-element_type=\"widget\" data-widget_type=\"heading.default\">\n\t\t\t\t<div class=\"elementor-widget-container\">\n\t\t\t\t\t<h1 class=\"elementor-heading-title elementor-size-default\">AGB &amp; Widerrufsbelehrung<\/h1>\t\t\t\t<\/div>\n\t\t\t\t<\/div>\n\t\t\t\t<div class=\"elementor-element elementor-element-2a12564 elementor-widget elementor-widget-text-editor\" data-id=\"2a12564\" data-element_type=\"widget\" data-widget_type=\"text-editor.default\">\n\t\t\t\t<div class=\"elementor-widget-container\">\n\t\t\t\t\t\t\t\t\t<p>Conditions g\u00e9n\u00e9rales de vente de la soci\u00e9t\u00e9 Roigk GmbH &amp; Co<\/p>\n<p>\u00a71 Validit\u00e9 vis-\u00e0-vis des entrepreneurs et d\u00e9finitions<\/p>\n<p>(1) Les conditions g\u00e9n\u00e9rales de vente suivantes s&rsquo;appliquent \u00e0 toutes les livraisons entre nous et un consommateur dans leur version en vigueur au moment de la commande.<\/p>\n<p>Le consommateur est toute personne physique qui conclut un acte juridique \u00e0 des fins qui, pour l&rsquo;essentiel, ne peuvent \u00eatre imput\u00e9es ni \u00e0 son activit\u00e9 commerciale ni \u00e0 son activit\u00e9 professionnelle ind\u00e9pendante (\u00a7 13 BGB).<\/p>\n<p>\u00a72 R\u00e9alisation d&rsquo;un contrat, enregistrement du texte du contrat<\/p>\n<p>(1) Les r\u00e8gles suivantes relatives \u00e0 la conclusion du contrat s&rsquo;appliquent aux commandes pass\u00e9es via notre boutique Internet http:\/\/roigk.de .<\/p>\n<p><b>(2) En cas de conclusion du contrat, le contrat est conclu avec<br \/><\/b><\/p>\n<div>\n<p>Roigk GmbH &amp; Co<br \/>Christian Roigk<br \/>Rue Hundicker 11-19<br \/>D-58285 Gevelsberg<br \/>Num\u00e9ro d&rsquo;enregistrement HRB 5652<br \/>Tribunal d&rsquo;enregistrement de Gevelsberg<\/p>\n<\/div>\n<p><b>a \u00e9t\u00e9 r\u00e9alis\u00e9.<br \/><\/b><br \/>(3) La pr\u00e9sentation des marchandises dans notre boutique Internet ne constitue pas une offre de contrat juridiquement contraignante de notre part, mais uniquement une invitation non contraignante pour le consommateur \u00e0 commander des marchandises. En commandant la marchandise souhait\u00e9e, le consommateur fait une offre qui le lie \u00e0 la conclusion d&rsquo;un contrat de vente.<br \/>(4) Les r\u00e8gles suivantes s&rsquo;appliquent \u00e0 la r\u00e9ception d&rsquo;une commande dans notre boutique en ligne : Le consommateur fait une offre de contrat ferme en suivant avec succ\u00e8s la proc\u00e9dure de commande pr\u00e9vue dans notre boutique Internet.<\/p>\n<p>La commande se fait selon les \u00e9tapes suivantes :<\/p>\n<div class=\"ml20\">\n<p>1) S\u00e9lectionner le produit souhait\u00e9<br \/>2) Confirmer en cliquant sur le bouton \u00ab\u00a0Commander<br \/>3) V\u00e9rification des donn\u00e9es du panier d&rsquo;achat<br \/>4) Actionner le bouton \u00ab\u00a0Passer \u00e0 la caisse\u00a0\u00bb.<br \/>5) Connexion \u00e0 la boutique Internet apr\u00e8s enregistrement et saisie des donn\u00e9es de connexion (adresse e-mail et mot de passe).<br \/>6) V\u00e9rifier \u00e0 nouveau ou corriger les donn\u00e9es respectives saisies.<br \/>7) Envoi obligatoire de la commande en cliquant sur le bouton \u00ab\u00a0commande payante\u00a0\u00bb ou \u00ab\u00a0acheter\u00a0\u00bb.<\/p>\n<\/div>\n<p>Avant l&rsquo;envoi obligatoire de la commande, le consommateur peut, apr\u00e8s avoir contr\u00f4l\u00e9 ses donn\u00e9es, revenir \u00e0 la page Internet sur laquelle les donn\u00e9es du client ont \u00e9t\u00e9 saisies et corriger les erreurs de saisie ou interrompre le processus de commande en fermant le navigateur Internet, en appuyant sur la touche \u00ab\u00a0retour\u00a0\u00bb contenue dans le navigateur Internet qu&rsquo;il utilise. Nous confirmons imm\u00e9diatement la r\u00e9ception de la commande par un e-mail g\u00e9n\u00e9r\u00e9 automatiquement (\u00ab\u00a0confirmation de commande\u00a0\u00bb). Avec celle-ci, nous acceptons votre offre.<\/p>\n<p>(5) Enregistrement du texte du contrat en cas de commande via notre boutique Internet : nous vous envoyons les donn\u00e9es de la commande et nos CGV par e-mail. Vous pouvez \u00e9galement consulter les CGV \u00e0 tout moment sur http:\/\/roigk.de\/agb\/. Pour des raisons de s\u00e9curit\u00e9, les donn\u00e9es relatives \u00e0 votre commande ne sont plus accessibles via Internet.<\/p>\n<p>\u00a73 Prix, frais d&rsquo;exp\u00e9dition, paiement, \u00e9ch\u00e9ance<\/p>\n<p>(1) Les prix indiqu\u00e9s comprennent la taxe sur la valeur ajout\u00e9e l\u00e9gale et d&rsquo;autres \u00e9l\u00e9ments de prix. S&rsquo;y ajoutent les \u00e9ventuels frais d&rsquo;exp\u00e9dition.<\/p>\n<p>(2) Le consommateur a la possibilit\u00e9 de payer par paiement anticip\u00e9, par pr\u00e9l\u00e8vement automatique .<\/p>\n<p>(3) Si le consommateur a choisi le paiement par avance, il s&rsquo;engage \u00e0 payer le prix d&rsquo;achat imm\u00e9diatement apr\u00e8s la conclusion du contrat.<\/p>\n<p>\u00a74 Livraison<\/p>\n<p>(1) Sauf indication contraire claire dans la description du produit, tous les articles que nous proposons sont pr\u00eats \u00e0 \u00eatre exp\u00e9di\u00e9s imm\u00e9diatement. La livraison s&rsquo;effectue ici au plus tard dans les 7 jours ouvrables. Dans ce contexte, le d\u00e9lai de livraison commence \u00e0 courir, en cas de paiement par avance, le jour suivant l&rsquo;ordre de paiement \u00e0 la banque charg\u00e9e du virement et, pour tous les autres modes de paiement, le jour suivant la conclusion du contrat. Si le d\u00e9lai expire un samedi, un dimanche ou un jour f\u00e9ri\u00e9 l\u00e9gal au lieu de livraison, le d\u00e9lai expire le jour ouvrable suivant.<\/p>\n<p>(2) Le risque de perte ou de d\u00e9t\u00e9rioration accidentelle de la chose vendue n&rsquo;est transf\u00e9r\u00e9 \u00e0 l&rsquo;acheteur qu&rsquo;au moment de la remise de la chose \u00e0 l&rsquo;acheteur, m\u00eame en cas de vente par correspondance.<\/p>\n<p>\u00a75 R\u00e9serve de propri\u00e9t\u00e9<\/p>\n<p>Nous nous r\u00e9servons la propri\u00e9t\u00e9 de la marchandise jusqu&rsquo;au paiement int\u00e9gral du prix d&rsquo;achat.<\/p>\n<p>****************************************************************************************************<\/p>\n<p>\u00a76 Droit de r\u00e9tractation du client en tant que consommateur :<\/p>\n<p><b>Droit de r\u00e9tractation pour les consommateurs<\/b><\/p>\n<p>Les consommateurs disposent d&rsquo;un droit de r\u00e9tractation conform\u00e9ment aux dispositions suivantes, le consommateur \u00e9tant toute personne physique qui conclut un acte juridique \u00e0 des fins qui, pour l&rsquo;essentiel, ne peuvent \u00eatre imput\u00e9es ni \u00e0 son activit\u00e9 commerciale ni \u00e0 son activit\u00e9 professionnelle ind\u00e9pendante :<\/p>\n<p>Information sur le droit de r\u00e9tractation<\/p>\n<p><b>Droit de r\u00e9tractation<\/b><\/p>\n<p>Vous avez le droit de vous r\u00e9tracter du pr\u00e9sent contrat dans un d\u00e9lai de quatorze jours sans donner de motif.<\/p>\n<p>Le d\u00e9lai de r\u00e9tractation est de quatorze jours \u00e0 compter de la date \u00e0 laquelle vous, ou un tiers autre que le transporteur et d\u00e9sign\u00e9 par vous, avez pris possession des biens.<\/p>\n<p>Pour exercer votre droit de r\u00e9tractation, vous devez nous envoyer<\/p>\n<div>Roigk GmbH &amp; Co<br \/>Christian Roigk<br \/>Rue Hundicker 11-19<br \/>D-58285 Gevelsberg<br \/>Courrier \u00e9lectronique info@roigk.de<br \/>T\u00e9l\u00e9copieur 02332969999<\/div>\n<p>de votre d\u00e9cision de vous r\u00e9tracter du pr\u00e9sent contrat au moyen d&rsquo;une d\u00e9claration claire (par exemple, lettre envoy\u00e9e par la poste, t\u00e9l\u00e9copie ou courrier \u00e9lectronique). Vous pouvez utiliser \u00e0 cet effet le mod\u00e8le de formulaire de r\u00e9tractation ci-joint, qui n&rsquo;est toutefois pas obligatoire.<\/p>\n<p><b>Cons\u00e9quences de la r\u00e9tractation<\/b><\/p>\n<p>En cas de r\u00e9tractation du pr\u00e9sent contrat, nous vous rembourserons tous les paiements re\u00e7us de votre part, y compris les frais de livraison (\u00e0 l&rsquo;exception des frais suppl\u00e9mentaires d\u00e9coulant du fait que vous avez choisi un mode de livraison autre que le mode de livraison standard le moins cher que nous proposons), sans retard excessif et au plus tard quatorze jours \u00e0 compter de la date \u00e0 laquelle nous aurons re\u00e7u la communication de votre d\u00e9cision de r\u00e9tractation du pr\u00e9sent contrat. Pour ce remboursement, nous utilisons le m\u00eame moyen de paiement que celui que vous avez utilis\u00e9 pour la transaction initiale, \u00e0 moins qu&rsquo;il n&rsquo;en ait \u00e9t\u00e9 express\u00e9ment convenu autrement avec vous ; en aucun cas, des frais ne vous seront factur\u00e9s pour ce remboursement.<\/p>\n<p>Nous pouvons refuser le remboursement jusqu&rsquo;\u00e0 ce que nous ayons r\u00e9cup\u00e9r\u00e9 les marchandises ou jusqu&rsquo;\u00e0 ce que vous ayez fourni la preuve que vous avez renvoy\u00e9 les marchandises, la date retenue \u00e9tant la plus proche.<\/p>\n<p>Vous devez nous renvoyer ou nous remettre les marchandises sans retard excessif et, en tout \u00e9tat de cause, au plus tard quatorze jours \u00e0 compter du jour o\u00f9 vous nous informez de votre d\u00e9cision de r\u00e9tractation du pr\u00e9sent contrat. Le d\u00e9lai est respect\u00e9 si vous renvoyez les marchandises avant l&rsquo;expiration du d\u00e9lai de quatorze jours.<\/p>\n<p>Les frais directs de renvoi des marchandises sont \u00e0 votre charge.<\/p>\n<p><b>Fin de l&rsquo;information sur le droit de r\u00e9tractation<\/b><\/p>\n<p>****************************************************************************************************<\/p>\n<p>\u00a77 Formulaire de r\u00e9tractation<\/p>\n<p>Mod\u00e8le de formulaire de r\u00e9tractation<\/p>\n<p>(Si vous souhaitez vous r\u00e9tracter, veuillez remplir et renvoyer ce formulaire).<\/p>\n<div>\n<p>\u00c0 :<br \/>Roigk GmbH &amp; Co<br \/>Christian Roigk<br \/>Rue Hundicker 11-19<br \/>D-58285 Gevelsberg<br \/>Courrier \u00e9lectronique info@roigk.de<\/p>\n<p>Par la pr\u00e9sente, je\/nous (*) r\u00e9voque(ons) le contrat que j&rsquo;ai\/nous avons (*) conclu pour l&rsquo;achat des marchandises suivantes (*)\/la fourniture du service suivant (*)<\/p>\n<p>_____________________________________________________<\/p>\n<p>Command\u00e9 le (*)\/re\u00e7u le (*)<\/p>\n<p>__________________<\/p>\n<p>Nom du\/des consommateur(s)<\/p>\n<p>_____________________________________________________<\/p>\n<p>Adresse du\/des consommateur(s)<\/p>\n<p>_____________________________________________________<\/p>\n<p>Signature du\/des consommateur(s) (uniquement en cas de communication sur papier)<\/p>\n<p>__________________<\/p>\n<p>Date<\/p>\n<p>__________________<\/p>\n<\/div>\n<p>(*) Biffer la mention inutile.<\/p>\n<p>\u00a78 Garantie<\/p>\n<p>Les dispositions l\u00e9gales en mati\u00e8re de garantie s&rsquo;appliquent.<\/p>\n<p>\u00a79 Langue du contrat<\/p>\n<p>La langue du contrat est exclusivement l&rsquo;allemand.<\/p>\n<\/p>\n<p>Version des CGV juil. 2020<\/p>\n<p><i><span style=\"color: #000000;\"><br \/>\n  <a style=\"color: #000000;\" href=\"http:\/\/www.agb.de\/\" rel=\"nofollow noopener\" target=\"_blank\">CGV gratuites<\/a><br \/>\n<\/span> cr\u00e9\u00e9 par agb.de<\/i><\/p>\n\t\t\t\t\t\t\t\t<\/div>\n\t\t\t\t<\/div>\n\t\t\t\t\t<\/div>\n\t\t<\/div>\n\t\t\t\t\t<\/div>\n\t\t<\/section>\n\t\t\t\t<\/div>\n\t\t","protected":false},"excerpt":{"rendered":"<p>AGB &amp; Widerrufsbelehrung Conditions g\u00e9n\u00e9rales de vente de la soci\u00e9t\u00e9 Roigk GmbH &amp; Co \u00a71 Validit\u00e9 vis-\u00e0-vis des entrepreneurs et d\u00e9finitions (1) Les conditions g\u00e9n\u00e9rales de vente suivantes s&rsquo;appliquent \u00e0 toutes les livraisons entre nous et un consommateur dans leur version en vigueur au moment de la commande. Le consommateur est toute personne physique qui [&hellip;]<\/p>\n","protected":false},"author":1,"featured_media":0,"parent":0,"menu_order":0,"comment_status":"closed","ping_status":"closed","template":"","meta":{"_acf_changed":false,"footnotes":""},"intern":[],"class_list":["post-12614","page","type-page","status-publish","hentry"],"acf":[],"_links":{"self":[{"href":"https:\/\/roigk.de\/fr\/wp-json\/wp\/v2\/pages\/12614","targetHints":{"allow":["GET"]}}],"collection":[{"href":"https:\/\/roigk.de\/fr\/wp-json\/wp\/v2\/pages"}],"about":[{"href":"https:\/\/roigk.de\/fr\/wp-json\/wp\/v2\/types\/page"}],"author":[{"embeddable":true,"href":"https:\/\/roigk.de\/fr\/wp-json\/wp\/v2\/users\/1"}],"replies":[{"embeddable":true,"href":"https:\/\/roigk.de\/fr\/wp-json\/wp\/v2\/comments?post=12614"}],"version-history":[{"count":0,"href":"https:\/\/roigk.de\/fr\/wp-json\/wp\/v2\/pages\/12614\/revisions"}],"wp:attachment":[{"href":"https:\/\/roigk.de\/fr\/wp-json\/wp\/v2\/media?parent=12614"}],"wp:term":[{"taxonomy":"intern","embeddable":true,"href":"https:\/\/roigk.de\/fr\/wp-json\/wp\/v2\/intern?post=12614"}],"curies":[{"name":"wp","href":"https:\/\/api.w.org\/{rel}","templated":true}]}}