{"id":12630,"date":"2020-07-22T16:46:27","date_gmt":"2020-07-22T16:46:27","guid":{"rendered":"http:\/\/roigk.de\/datenschutz\/"},"modified":"2022-09-27T06:38:31","modified_gmt":"2022-09-27T06:38:31","slug":"datenschutz","status":"publish","type":"page","link":"https:\/\/roigk.de\/fr\/datenschutz\/","title":{"rendered":"Protection des donn\u00e9es"},"content":{"rendered":"\t\t<div data-elementor-type=\"wp-page\" data-elementor-id=\"12630\" class=\"elementor elementor-12630 elementor-1749\" data-elementor-post-type=\"page\">\n\t\t\t\t\t\t<section class=\"has_ae_slider elementor-section elementor-top-section elementor-element elementor-element-bb8379e elementor-section-boxed elementor-section-height-default elementor-section-height-default ae-bg-gallery-type-default\" data-id=\"bb8379e\" data-element_type=\"section\">\n\t\t\t\t\t\t<div class=\"elementor-container elementor-column-gap-default\">\n\t\t\t\t\t<div class=\"has_ae_slider elementor-column elementor-col-100 elementor-top-column elementor-element elementor-element-841847d ae-bg-gallery-type-default\" data-id=\"841847d\" data-element_type=\"column\">\n\t\t\t<div class=\"elementor-widget-wrap elementor-element-populated\">\n\t\t\t\t\t\t<div class=\"elementor-element elementor-element-036bdcb elementor-widget elementor-widget-heading\" data-id=\"036bdcb\" data-element_type=\"widget\" data-widget_type=\"heading.default\">\n\t\t\t\t<div class=\"elementor-widget-container\">\n\t\t\t\t\t<h1 class=\"elementor-heading-title elementor-size-default\">Politique de confidentialit\u00e9<\/h1>\t\t\t\t<\/div>\n\t\t\t\t<\/div>\n\t\t\t\t<div class=\"elementor-element elementor-element-3e3435c elementor-widget elementor-widget-text-editor\" data-id=\"3e3435c\" data-element_type=\"widget\" data-widget_type=\"text-editor.default\">\n\t\t\t\t<div class=\"elementor-widget-container\">\n\t\t\t\t\t\t\t\t\t<p>La protection des donn\u00e9es personnelles est une pr\u00e9occupation importante de Roigk GmbH &amp; Co. et est hautement prioritaire. C&rsquo;est pourquoi la soci\u00e9t\u00e9 Roigk GmbH &amp; Co, cit\u00e9e dans les mentions l\u00e9gales, exploite ces pages web conform\u00e9ment aux dispositions l\u00e9gales applicables en mati\u00e8re de protection des donn\u00e9es personnelles et de s\u00e9curit\u00e9 des donn\u00e9es.<\/p>\n<p>Nous avons pris des mesures techniques et organisationnelles pour garantir le respect des r\u00e8gles relatives \u00e0 la protection des donn\u00e9es, tant par nous-m\u00eames que par les prestataires de services externes que nous avons mandat\u00e9s.<\/p>\n<p>Les dispositions suivantes fournissent des informations sur les informations que nous recueillons sur ces pages web, les fins auxquelles nous les utilisons et les personnes \u00e0 qui nous pouvons les mettre \u00e0 disposition.<\/p>\n<p>Donn\u00e9es collect\u00e9es et finalit\u00e9 du traitement<br \/>\nSur les sites web de Roigk GmbH &amp; Co. des cookies sur les sites web de Roigk GmbH &amp; Co. Pour de plus amples informations, veuillez consulter nos directives sur les cookies. Il y est \u00e9galement d\u00e9crit comment \u00e9viter l&rsquo;utilisation de cookies dans les profils d&rsquo;utilisateurs anonymes ou pseudonymes.<\/p>\n<p>L&rsquo;acc\u00e8s \u00e0 notre site web est consign\u00e9 pour des analyses de s\u00e9curit\u00e9 et pour pr\u00e9venir les attaques. \u00c0 l&rsquo;exception de l&rsquo;adresse IP, aucune donn\u00e9e personnelle n&rsquo;est collect\u00e9e et utilis\u00e9e. Une \u00e9valuation compl\u00e8te des adresses IP n&rsquo;est effectu\u00e9e qu&rsquo;en cas d&rsquo;attaque. Les donn\u00e9es du journal sont r\u00e9guli\u00e8rement et rapidement effac\u00e9es. La base juridique du traitement est l&rsquo;art. 6 al. 1 phrase 1 lit. f DSGVO. Notre int\u00e9r\u00eat l\u00e9gitime d\u00e9coule des finalit\u00e9s susmentionn\u00e9es de la collecte des donn\u00e9es<\/p>\n<p>En outre, nous ne recueillons des donn\u00e9es personnelles (par exemple, noms, adresses, num\u00e9ros de t\u00e9l\u00e9phone ou adresses \u00e9lectroniques) dans le cadre de l&rsquo;exploitation de nos sites web que si vous nous les fournissez volontairement (par exemple, lors d&rsquo;un enregistrement, d&rsquo;une demande de contact, d&rsquo;une enqu\u00eate, etc.) et que nous sommes autoris\u00e9s \u00e0 les traiter ou \u00e0 les utiliser sur la base de votre consentement ou sur la base d&rsquo;une disposition l\u00e9gale.<\/p>\n<p>Par principe, nous n&rsquo;utilisons ces donn\u00e9es que dans le but pour lequel vous nous les avez fournies, par exemple pour r\u00e9pondre \u00e0 vos demandes, traiter vos commandes ou vous donner acc\u00e8s \u00e0 des informations ou offres sp\u00e9cifiques.<\/p>\n<p>Vous pouvez r\u00e9voquer les d\u00e9clarations de consentement qui nous ont \u00e9t\u00e9 donn\u00e9es \u00e0 tout moment avec effet pour l&rsquo;avenir. Un courrier \u00e9lectronique \u00e0 l&rsquo;adresse suivante est suffisant : Datenschutzbeauftragter@roigk.de<\/p>\n<p>Une vente des donn\u00e9es personnelles de l&rsquo;utilisateur \u00e0 des tiers n&rsquo;est pas faite express\u00e9ment et sans exception.<\/p>\n<p>Droits des personnes concern\u00e9es<br \/>\nVous en avez le droit :<\/p>\n<p>pour demander des informations sur vos donn\u00e9es personnelles trait\u00e9es par nous conform\u00e9ment \u00e0 l&rsquo;article 15 DSGVO. En particulier, vous pouvez demander des informations sur les finalit\u00e9s du traitement, la cat\u00e9gorie de donn\u00e9es \u00e0 caract\u00e8re personnel, les cat\u00e9gories de destinataires auxquels vos donn\u00e9es ont \u00e9t\u00e9 ou seront communiqu\u00e9es, la dur\u00e9e de conservation pr\u00e9vue, l&rsquo;existence d&rsquo;un droit de rectification, d&rsquo;annulation, de limitation du traitement ou d&rsquo;opposition, l&rsquo;existence d&rsquo;un droit de recours, l&rsquo;origine de vos donn\u00e9es, si elles ne sont pas collect\u00e9es par nous, ainsi que l&rsquo;existence d&rsquo;un processus d\u00e9cisionnel automatis\u00e9, y compris le profilage et, le cas \u00e9ch\u00e9ant, des informations utiles sur les d\u00e9tails de ces donn\u00e9es ;<br \/>\nconform\u00e9ment \u00e0 l&rsquo;article 16 DSGVO, d&rsquo;exiger sans d\u00e9lai la correction des donn\u00e9es personnelles incorrectes ou incompl\u00e8tes que nous avons enregistr\u00e9es ;<br \/>\nconform\u00e9ment \u00e0 l&rsquo;article 17 DSGVO, d&rsquo;exiger la suppression de vos donn\u00e9es personnelles stock\u00e9es chez nous, sauf si le traitement est n\u00e9cessaire pour remplir une obligation l\u00e9gale ou pour faire valoir, exercer ou d\u00e9fendre des droits l\u00e9gaux ;<br \/>\nconform\u00e9ment \u00e0 l&rsquo;article 18 DSGVO, d&rsquo;exiger la limitation du traitement de vos donn\u00e9es \u00e0 caract\u00e8re personnel, dans la mesure o\u00f9 l&rsquo;exactitude des donn\u00e9es est contest\u00e9e par vous, o\u00f9 le traitement est ill\u00e9gal et o\u00f9 nous n&rsquo;avons plus besoin de ces donn\u00e9es.<br \/>\nconform\u00e9ment \u00e0 l&rsquo;article 20 DSGVO, de recevoir les donn\u00e9es \u00e0 caract\u00e8re personnel que vous nous avez fournies dans un format structur\u00e9, commun et lisible par machine ou d&rsquo;exiger qu&rsquo;elles soient transf\u00e9r\u00e9es \u00e0 un autre responsable ;<br \/>\nconform\u00e9ment \u00e0 l&rsquo;article 7, paragraphe 3, de l&rsquo;ODASG, de r\u00e9voquer votre consentement, une fois qu&rsquo;il a \u00e9t\u00e9 accord\u00e9, \u00e0 tout moment. En cons\u00e9quence, nous ne pouvons plus continuer \u00e0 l&rsquo;avenir \u00e0 traiter des donn\u00e9es sur la base de ce consentement et<br \/>\nse plaindre aupr\u00e8s d&rsquo;une autorit\u00e9 de contr\u00f4le conform\u00e9ment \u00e0 l&rsquo;article 77 DSGVO.<br \/>\nTransmission des donn\u00e9es<br \/>\nRoigk GmbH &amp; Co. travaille avec des fournisseurs de services, tels que des fournisseurs d&rsquo;h\u00e9bergement ou de maintenance informatique, en relation avec l&rsquo;exploitation de ce site web et les services fournis par le biais de ce site.<\/p>\n<p>En outre, les donn\u00e9es enregistr\u00e9es lors de l&rsquo;acc\u00e8s aux pages Internet de Roigk GmbH &amp; Co. ne sont transmises \u00e0 des tiers que si nous y sommes contraints par la loi ou par une d\u00e9cision de justice ou si cela est n\u00e9cessaire pour des poursuites judiciaires ou p\u00e9nales en cas d&rsquo;attaques contre l&rsquo;infrastructure Internet.<\/p>\n<p>YouTube<br \/>\nNotre site utilise le fournisseur YouTube LLC, 901 Cherry Avenue, San Bruno, CA 94066, USA, repr\u00e9sent\u00e9 par Google Inc. 1600 Amphitheatre Parkway, Mountain View, CA 94043, USA, pour l&rsquo;int\u00e9gration des vid\u00e9os. Normalement, lorsque vous visitez une page avec des vid\u00e9os int\u00e9gr\u00e9es, votre adresse IP est envoy\u00e9e \u00e0 YouTube et des cookies sont install\u00e9s sur votre ordinateur. Toutefois, nous avons int\u00e9gr\u00e9 nos vid\u00e9os YouTube avec le mode de confidentialit\u00e9 avanc\u00e9 (dans ce cas, YouTube contacte toujours le service Double Click de Google, mais selon les r\u00e8gles de confidentialit\u00e9 de Google, les donn\u00e9es personnelles ne sont pas \u00e9valu\u00e9es dans ce processus). Par cons\u00e9quent, YouTube ne stocke plus d&rsquo;informations sur les visiteurs, sauf s&rsquo;ils regardent la vid\u00e9o. Lorsque vous cliquez sur la vid\u00e9o, votre adresse IP est envoy\u00e9e \u00e0 YouTube et YouTube apprend que vous avez regard\u00e9 la vid\u00e9o. Si vous \u00eates connect\u00e9 \u00e0 YouTube, ces informations sont \u00e9galement associ\u00e9es \u00e0 votre compte (vous pouvez \u00e9viter cela en vous d\u00e9connectant de YouTube avant de visionner la vid\u00e9o).<\/p>\n<p>Nous n&rsquo;avons aucune connaissance ni aucun contr\u00f4le sur la collecte et l&rsquo;utilisation de vos informations par YouTube. Pour plus d&rsquo;informations, veuillez consulter la politique de confidentialit\u00e9 de YouTube \u00e0 l&rsquo;adresse www.google.de\/intl\/de\/policies\/privacy\/. En outre, nous nous r\u00e9f\u00e9rons \u00e0 la description g\u00e9n\u00e9rale de la manipulation et de la d\u00e9sactivation des cookies dans la pr\u00e9sente politique de confidentialit\u00e9.<\/p>\n<p>Protection des mineurs<br \/>\nLes personnes \u00e2g\u00e9es de moins de 18 ans ne doivent pas nous transmettre de donn\u00e9es personnelles sans le consentement de leurs parents ou de leurs tuteurs l\u00e9gaux. Nous ne demandons pas de donn\u00e9es personnelles aux enfants et aux jeunes. Nous ne collectons pas sciemment de telles donn\u00e9es et ne les transmettons pas \u00e0 des tiers.<\/p>\n<p>Politique de confidentialit\u00e9 pour les m\u00e9dias sociaux<br \/>\nRoigk GmbH &amp; Co. prend tr\u00e8s au s\u00e9rieux les discussions en cours sur la protection des donn\u00e9es dans les r\u00e9seaux sociaux. Il n&rsquo;est actuellement ni juridiquement pr\u00e9visible ni d\u00e9finitivement clarifi\u00e9 si et dans quelle mesure tous les r\u00e9seaux offrent leurs services conform\u00e9ment \u00e0 la l\u00e9gislation europ\u00e9enne sur la protection des donn\u00e9es.<\/p>\n<p>Nous attirons donc express\u00e9ment votre attention sur le fait que les services utilis\u00e9s par Roigk GmbH &amp; Co. comme Twitter, Facebook, Xing, YouTube etc. traitent les donn\u00e9es de leurs utilisateurs (par exemple les informations personnelles, l&rsquo;adresse IP) conform\u00e9ment \u00e0 la r\u00e9glementation europ\u00e9enne en mati\u00e8re de protection des donn\u00e9es :<\/p>\n<p>Roigk GmbH &amp; Co. n&rsquo;a aucune influence sur la collecte des donn\u00e9es et leur utilisation ult\u00e9rieure par les r\u00e9seaux sociaux. Ainsi, on ne sait pas dans quelle mesure, o\u00f9 et pendant combien de temps les donn\u00e9es sont stock\u00e9es, dans quelle mesure les r\u00e9seaux respectent les obligations de suppression existantes, quelles \u00e9valuations et quels liens sont faits avec les donn\u00e9es et \u00e0 qui les donn\u00e9es sont transmises.<\/p>\n<p>Google Analytics<br \/>\nCe site web utilise les fonctions du service d&rsquo;analyse web Google Analytics. Le fournisseur est Google Ireland Limited, Gordon House, Barrow Street, Dublin 4, Irlande. Google Analytics utilise ce qu&rsquo;on appelle des \u00ab\u00a0cookies\u00a0\u00bb. Il s&rsquo;agit de fichiers texte qui sont stock\u00e9s sur votre ordinateur et qui permettent d&rsquo;analyser votre utilisation du site web. Les informations g\u00e9n\u00e9r\u00e9es par le cookie concernant votre utilisation de ce site web sont g\u00e9n\u00e9ralement transf\u00e9r\u00e9es \u00e0 un serveur de Google aux \u00c9tats-Unis et y sont stock\u00e9es.<\/p>\n<p>Plugin de navigateur<br \/>\nVous pouvez refuser l&rsquo;utilisation de cookies en s\u00e9lectionnant les param\u00e8tres appropri\u00e9s de votre navigateur, mais veuillez noter que si vous le faites, vous risquez de ne pas pouvoir utiliser toutes les fonctionnalit\u00e9s de ce site web. Vous pouvez \u00e9galement emp\u00eacher la collecte des donn\u00e9es g\u00e9n\u00e9r\u00e9es par le cookie et li\u00e9es \u00e0 votre utilisation du site web (y compris votre adresse IP) par Google et le traitement de ces donn\u00e9es par Google en t\u00e9l\u00e9chargeant et en installant le plugin du navigateur disponible sur le lien suivant :<\/p>\n<p>https:\/\/tools.google.com\/dlpage\/gaoptout?hl=de<\/p>\n<p>Opposition \u00e0 la collecte de donn\u00e9es<br \/>\nVous pouvez emp\u00eacher la collecte de vos donn\u00e9es par Google Analytics en cliquant sur le lien suivant. Un cookie de d\u00e9sactivation est d\u00e9fini pour emp\u00eacher la collecte de vos informations lors de vos prochaines visites sur ce site : D\u00e9sactiver Google Analytics<\/p>\n<p>Vous pouvez trouver plus d&rsquo;informations sur la mani\u00e8re dont Google Analytics traite les donn\u00e9es des utilisateurs dans la politique de confidentialit\u00e9 de Google : https:\/\/support.google.com\/analytics\/answer\/6004245?hl=de<\/p>\n<p>Liens vers les sites web d&rsquo;autres fournisseurs<br \/>\nNos sites web contiennent des liens vers des sites web d&rsquo;autres fournisseurs.<\/p>\n<p>Nous n&rsquo;avons aucune influence sur leur contenu ni sur le respect par ces fournisseurs des r\u00e8gles de protection des donn\u00e9es.<\/p>\n<p>Questions et commentaires ; modifications<br \/>\nRoigk GmbH &amp; Co. r\u00e9pondra \u00e0 toutes les demandes l\u00e9gitimes d&rsquo;information et, si n\u00e9cessaire, de correction, de modification ou de suppression des donn\u00e9es personnelles. Si vous souhaitez faire une telle demande ou si vous avez des questions ou des commentaires sur cette politique de confidentialit\u00e9, veuillez cliquer sur Contact et nous envoyer vos questions et suggestions.<\/p>\n<p>Le d\u00e9l\u00e9gu\u00e9 \u00e0 la protection des donn\u00e9es de la<br \/>\nRoigk GmbH &amp; Co.<br \/>\nRue Hundeicker 11-19<br \/>\n58285 Gevelsberg<\/p>\n<p>Courrier \u00e9lectronique : datenschutzbeauftragter@roigk.de<\/p>\n<p>Actualit\u00e9 et \u00e9volution de cette politique de protection de la vie priv\u00e9e<br \/>\nCette politique de confidentialit\u00e9 est actuellement en vigueur et a le statut 05\/2018.<\/p>\n<p>Dans le cadre du d\u00e9veloppement de nos sites web et de la mise en \u0153uvre de nouvelles technologies ou en raison de modifications des exigences l\u00e9gales ou officielles, des modifications de cette d\u00e9claration de protection des donn\u00e9es peuvent s&rsquo;av\u00e9rer n\u00e9cessaires.<\/p>\n<p>Nous vous recommandons donc de relire de temps en temps cette d\u00e9claration de protection des donn\u00e9es.<\/p>\n\t\t\t\t\t\t\t\t<\/div>\n\t\t\t\t<\/div>\n\t\t\t\t\t<\/div>\n\t\t<\/div>\n\t\t\t\t\t<\/div>\n\t\t<\/section>\n\t\t\t\t<\/div>\n\t\t","protected":false},"excerpt":{"rendered":"<p>Politique de confidentialit\u00e9 La protection des donn\u00e9es personnelles est une pr\u00e9occupation majeure de Roigk GmbH &amp; Co. et constitue une priorit\u00e9. C&rsquo;est pourquoi la soci\u00e9t\u00e9 Roigk GmbH &amp; Co. mentionn\u00e9e dans les mentions l\u00e9gales exploite ces pages web en conformit\u00e9 avec la l\u00e9gislation applicable en mati\u00e8re de protection des donn\u00e9es personnelles et de s\u00e9curit\u00e9 des [&hellip;]<\/p>\n","protected":false},"author":1,"featured_media":0,"parent":0,"menu_order":0,"comment_status":"closed","ping_status":"closed","template":"elementor_header_footer","meta":{"_acf_changed":false,"footnotes":""},"intern":[],"class_list":["post-12630","page","type-page","status-publish","hentry"],"acf":[],"_links":{"self":[{"href":"https:\/\/roigk.de\/fr\/wp-json\/wp\/v2\/pages\/12630","targetHints":{"allow":["GET"]}}],"collection":[{"href":"https:\/\/roigk.de\/fr\/wp-json\/wp\/v2\/pages"}],"about":[{"href":"https:\/\/roigk.de\/fr\/wp-json\/wp\/v2\/types\/page"}],"author":[{"embeddable":true,"href":"https:\/\/roigk.de\/fr\/wp-json\/wp\/v2\/users\/1"}],"replies":[{"embeddable":true,"href":"https:\/\/roigk.de\/fr\/wp-json\/wp\/v2\/comments?post=12630"}],"version-history":[{"count":0,"href":"https:\/\/roigk.de\/fr\/wp-json\/wp\/v2\/pages\/12630\/revisions"}],"wp:attachment":[{"href":"https:\/\/roigk.de\/fr\/wp-json\/wp\/v2\/media?parent=12630"}],"wp:term":[{"taxonomy":"intern","embeddable":true,"href":"https:\/\/roigk.de\/fr\/wp-json\/wp\/v2\/intern?post=12630"}],"curies":[{"name":"wp","href":"https:\/\/api.w.org\/{rel}","templated":true}]}}