{"id":12642,"date":"2020-07-22T16:50:14","date_gmt":"2020-07-22T16:50:14","guid":{"rendered":"http:\/\/roigk.de\/impressum\/"},"modified":"2022-09-25T18:25:57","modified_gmt":"2022-09-25T18:25:57","slug":"impressum","status":"publish","type":"page","link":"https:\/\/roigk.de\/fr\/impressum\/","title":{"rendered":"Impressum"},"content":{"rendered":"\t\t<div data-elementor-type=\"wp-page\" data-elementor-id=\"12642\" class=\"elementor elementor-12642 elementor-1746\" data-elementor-post-type=\"page\">\n\t\t\t\t\t\t<section class=\"has_ae_slider elementor-section elementor-top-section elementor-element elementor-element-bb8379e elementor-section-boxed elementor-section-height-default elementor-section-height-default ae-bg-gallery-type-default\" data-id=\"bb8379e\" data-element_type=\"section\">\n\t\t\t\t\t\t<div class=\"elementor-container elementor-column-gap-default\">\n\t\t\t\t\t<div class=\"has_ae_slider elementor-column elementor-col-100 elementor-top-column elementor-element elementor-element-841847d ae-bg-gallery-type-default\" data-id=\"841847d\" data-element_type=\"column\">\n\t\t\t<div class=\"elementor-widget-wrap elementor-element-populated\">\n\t\t\t\t\t\t<div class=\"elementor-element elementor-element-036bdcb elementor-widget elementor-widget-heading\" data-id=\"036bdcb\" data-element_type=\"widget\" data-widget_type=\"heading.default\">\n\t\t\t\t<div class=\"elementor-widget-container\">\n\t\t\t\t\t<h1 class=\"elementor-heading-title elementor-size-default\">Impressum<\/h1>\t\t\t\t<\/div>\n\t\t\t\t<\/div>\n\t\t\t\t<div class=\"elementor-element elementor-element-3e3435c elementor-widget elementor-widget-text-editor\" data-id=\"3e3435c\" data-element_type=\"widget\" data-widget_type=\"text-editor.default\">\n\t\t\t\t<div class=\"elementor-widget-container\">\n\t\t\t\t\t\t\t\t\t<p><strong>Roigk GmbH &amp; Co<\/strong><br \/>Rue Hundeicker 11-19<br \/>58285 Gevelsberg<\/p>\n<p>T\u00e9l\u00e9phone : +49 2332 969999<br \/>T\u00e9l\u00e9copieur : +49 2332 969977<br \/>Courrier \u00e9lectronique : <a href=\"mailto:info@roigk.de\">info@roigk.de<\/a><\/p>\n<p><b><strong>Repr\u00e9sent\u00e9 par<\/strong><\/b><br \/>Roigk GmbH &amp; Co<br \/>G\u00e9rant : Christian Roigk, dipl\u00f4m\u00e9 en gestion d&rsquo;entreprise,<br \/>Ing\u00e9nieur dipl\u00f4m\u00e9 Bernd Roigk<br \/>Tribunal d&rsquo;enregistrement : Tribunal d&rsquo;instance de Hagen<br \/>Num\u00e9ro d&rsquo;enregistrement : HRB 5652<\/p>\n<p><b><strong>Inscription au registre<\/strong><\/b><br \/>Inscrite au registre du commerce.<br \/>Tribunal d&rsquo;enregistrement : Hagen<br \/>Num\u00e9ro d&rsquo;enregistrement : HRB 5652<\/p>\n<p><b><strong>Num\u00e9ro d&rsquo;identification de la taxe sur le chiffre d&rsquo;affaires<\/strong><\/b><br \/>Num\u00e9ro d&rsquo;identification de la taxe sur le chiffre d&rsquo;affaires conform\u00e9ment au \u00a727a de la loi sur la taxe sur le chiffre d&rsquo;affaires :<br \/>FR 126457149<\/p>\n\t\t\t\t\t\t\t\t<\/div>\n\t\t\t\t<\/div>\n\t\t\t\t\t<\/div>\n\t\t<\/div>\n\t\t\t\t\t<\/div>\n\t\t<\/section>\n\t\t\t\t<\/div>\n\t\t","protected":false},"excerpt":{"rendered":"<p>Impressum Roigk GmbH &amp; CoRue Hundeicker 11-1958285 Gevelsberg T\u00e9l\u00e9phone : +49 2332 969999T\u00e9l\u00e9copieur : +49 2332 969977Courrier \u00e9lectronique : info@roigk.de Repr\u00e9sent\u00e9 parRoigk GmbH &amp; CoG\u00e9rant : Christian Roigk, dipl\u00f4m\u00e9 en gestion d&rsquo;entreprise,Ing\u00e9nieur dipl\u00f4m\u00e9 Bernd RoigkTribunal d&rsquo;enregistrement : Tribunal d&rsquo;instance de HagenNum\u00e9ro d&rsquo;enregistrement : HRB 5652 Inscription au registreInscrite au registre du commerce.Tribunal d&rsquo;enregistrement : HagenNum\u00e9ro [&hellip;]<\/p>\n","protected":false},"author":1,"featured_media":0,"parent":0,"menu_order":0,"comment_status":"closed","ping_status":"closed","template":"elementor_header_footer","meta":{"_acf_changed":false,"footnotes":""},"intern":[],"class_list":["post-12642","page","type-page","status-publish","hentry"],"acf":[],"_links":{"self":[{"href":"https:\/\/roigk.de\/fr\/wp-json\/wp\/v2\/pages\/12642","targetHints":{"allow":["GET"]}}],"collection":[{"href":"https:\/\/roigk.de\/fr\/wp-json\/wp\/v2\/pages"}],"about":[{"href":"https:\/\/roigk.de\/fr\/wp-json\/wp\/v2\/types\/page"}],"author":[{"embeddable":true,"href":"https:\/\/roigk.de\/fr\/wp-json\/wp\/v2\/users\/1"}],"replies":[{"embeddable":true,"href":"https:\/\/roigk.de\/fr\/wp-json\/wp\/v2\/comments?post=12642"}],"version-history":[{"count":0,"href":"https:\/\/roigk.de\/fr\/wp-json\/wp\/v2\/pages\/12642\/revisions"}],"wp:attachment":[{"href":"https:\/\/roigk.de\/fr\/wp-json\/wp\/v2\/media?parent=12642"}],"wp:term":[{"taxonomy":"intern","embeddable":true,"href":"https:\/\/roigk.de\/fr\/wp-json\/wp\/v2\/intern?post=12642"}],"curies":[{"name":"wp","href":"https:\/\/api.w.org\/{rel}","templated":true}]}}