{"id":25709,"date":"2023-03-24T11:53:29","date_gmt":"2023-03-24T11:53:29","guid":{"rendered":"https:\/\/roigk.de\/modes-dexpedition-et-de-paiement\/"},"modified":"2023-03-24T11:53:29","modified_gmt":"2023-03-24T11:53:29","slug":"modes-dexpedition-et-de-paiement","status":"publish","type":"page","link":"https:\/\/roigk.de\/fr\/modes-dexpedition-et-de-paiement\/","title":{"rendered":"Modes d&rsquo;exp\u00e9dition et de paiement"},"content":{"rendered":"\t\t<div data-elementor-type=\"wp-page\" data-elementor-id=\"25709\" class=\"elementor elementor-25709 elementor-4949\" data-elementor-post-type=\"page\">\n\t\t\t\t\t\t<section class=\"has_ae_slider elementor-section elementor-top-section elementor-element elementor-element-6cea600 elementor-section-boxed elementor-section-height-default elementor-section-height-default ae-bg-gallery-type-default\" data-id=\"6cea600\" data-element_type=\"section\">\n\t\t\t\t\t\t<div class=\"elementor-container elementor-column-gap-default\">\n\t\t\t\t\t<div class=\"has_ae_slider elementor-column elementor-col-100 elementor-top-column elementor-element elementor-element-a987c6e ae-bg-gallery-type-default\" data-id=\"a987c6e\" data-element_type=\"column\">\n\t\t\t<div class=\"elementor-widget-wrap elementor-element-populated\">\n\t\t\t\t\t\t<div class=\"elementor-element elementor-element-c668ea0 elementor-widget elementor-widget-heading\" data-id=\"c668ea0\" data-element_type=\"widget\" data-widget_type=\"heading.default\">\n\t\t\t\t<div class=\"elementor-widget-container\">\n\t\t\t\t\t<h1 class=\"elementor-heading-title elementor-size-default\">Modes d'envoi<\/h1>\t\t\t\t<\/div>\n\t\t\t\t<\/div>\n\t\t\t\t<div class=\"elementor-element elementor-element-26d17c9 elementor-widget elementor-widget-text-editor\" data-id=\"26d17c9\" data-element_type=\"widget\" data-widget_type=\"text-editor.default\">\n\t\t\t\t<div class=\"elementor-widget-container\">\n\t\t\t\t\t\t\t\t\t<p>Nous exp\u00e9dions en principe gratuitement. En fonction de la taille du produit, le mode d&rsquo;exp\u00e9dition peut aller de la lettre au paquet en passant par le colis. Le service d&rsquo;exp\u00e9dition varie \u00e9galement en fonction de la taille et du poids du paquet. Le temps d&rsquo;envoi diff\u00e8re aussi. Cependant, nous pr\u00e9voyons en moyenne un d\u00e9lai d&rsquo;exp\u00e9dition de 7 jours ouvrables, dans la mesure o\u00f9 le produit est en stock. Si ce n&rsquo;est pas le cas, le d\u00e9lai d&rsquo;exp\u00e9dition peut aller jusqu&rsquo;\u00e0 4 semaines. Mais nous t&rsquo;informerons alors \u00e0 l&rsquo;avance.<\/p>\n\t\t\t\t\t\t\t\t<\/div>\n\t\t\t\t<\/div>\n\t\t\t\t<div class=\"elementor-element elementor-element-54cfd01 elementor-widget elementor-widget-heading\" data-id=\"54cfd01\" data-element_type=\"widget\" data-widget_type=\"heading.default\">\n\t\t\t\t<div class=\"elementor-widget-container\">\n\t\t\t\t\t<h1 class=\"elementor-heading-title elementor-size-default\">Modes de paiement<\/h1>\t\t\t\t<\/div>\n\t\t\t\t<\/div>\n\t\t\t\t<div class=\"elementor-element elementor-element-7dca068 elementor-widget elementor-widget-text-editor\" data-id=\"7dca068\" data-element_type=\"widget\" data-widget_type=\"text-editor.default\">\n\t\t\t\t<div class=\"elementor-widget-container\">\n\t\t\t\t\t\t\t\t\t<p><label for=\"payment_method_invoice\"><strong>Facture<\/strong><\/label><\/p>\n<p><label for=\"payment_method_invoice\"><\/label><label for=\"payment_method_invoice\"><\/label>Tu recevras une facture de notre part apr\u00e8s la commande. Merci de virer le montant total dans les 14 jours sur le compte qui y est indiqu\u00e9.<\/p>\n\t\t\t\t\t\t\t\t<\/div>\n\t\t\t\t<\/div>\n\t\t\t\t\t<\/div>\n\t\t<\/div>\n\t\t\t\t\t<\/div>\n\t\t<\/section>\n\t\t\t\t<\/div>\n\t\t","protected":false},"excerpt":{"rendered":"<p>Modes d&rsquo;envoi Nous exp\u00e9dions en principe gratuitement. En fonction de la taille du produit, le mode d&rsquo;exp\u00e9dition peut aller de la lettre au paquet en passant par le colis. Le service d&rsquo;exp\u00e9dition varie \u00e9galement en fonction de la taille et du poids du paquet. Le temps d&rsquo;envoi diff\u00e8re aussi. Cependant, nous pr\u00e9voyons en moyenne un [&hellip;]<\/p>\n","protected":false},"author":1,"featured_media":0,"parent":0,"menu_order":0,"comment_status":"closed","ping_status":"closed","template":"","meta":{"_acf_changed":false,"footnotes":""},"intern":[],"class_list":["post-25709","page","type-page","status-publish","hentry"],"acf":[],"_links":{"self":[{"href":"https:\/\/roigk.de\/fr\/wp-json\/wp\/v2\/pages\/25709","targetHints":{"allow":["GET"]}}],"collection":[{"href":"https:\/\/roigk.de\/fr\/wp-json\/wp\/v2\/pages"}],"about":[{"href":"https:\/\/roigk.de\/fr\/wp-json\/wp\/v2\/types\/page"}],"author":[{"embeddable":true,"href":"https:\/\/roigk.de\/fr\/wp-json\/wp\/v2\/users\/1"}],"replies":[{"embeddable":true,"href":"https:\/\/roigk.de\/fr\/wp-json\/wp\/v2\/comments?post=25709"}],"version-history":[{"count":0,"href":"https:\/\/roigk.de\/fr\/wp-json\/wp\/v2\/pages\/25709\/revisions"}],"wp:attachment":[{"href":"https:\/\/roigk.de\/fr\/wp-json\/wp\/v2\/media?parent=25709"}],"wp:term":[{"taxonomy":"intern","embeddable":true,"href":"https:\/\/roigk.de\/fr\/wp-json\/wp\/v2\/intern?post=25709"}],"curies":[{"name":"wp","href":"https:\/\/api.w.org\/{rel}","templated":true}]}}