{"id":12676,"date":"2020-07-20T14:50:00","date_gmt":"2020-07-20T14:50:00","guid":{"rendered":"http:\/\/roigk.de\/produkt\/leve-personne-mobile-pour-piscine-r36\/"},"modified":"2026-01-21T08:36:35","modified_gmt":"2026-01-21T08:36:35","slug":"leve-personne-mobile-pour-piscine-r36","status":"publish","type":"product","link":"https:\/\/roigk.de\/fr\/leve-personne-mobile-pour-piscine-r36\/","title":{"rendered":"L\u00e8ve-personne mobile pour piscine R36"},"content":{"rendered":"","protected":false},"excerpt":{"rendered":"<p>Celui-ci combine quatre avantages consid\u00e9rables :<\/p>\n<p>1) Il est enroulable, aucun douillage ou ancrage au sol n\u2019est n\u00e9cessaire.<br \/>2) Le poids d\u2019environ 140 kg est si l\u00e9ger que m\u00eame les personnes les plus faibles peuvent facilement le pousser.<br \/>3) La nouvelle conception r\u00e9duit consid\u00e9rablement les obstacles \u00e0 l\u2019utilisation pour la personne transport\u00e9e.<br \/>4) Il est possible d\u2019utiliser ce dispositif de la m\u00eame mani\u00e8re qu\u2019un fauteuil roulant et de prendre les personnes directement au vestiaire. Les d\u00e9placements inutiles ne sont plus n\u00e9cessaires.<\/p>\n<p>Avec panneau de commande haut\/bas, bouton d\u2019arr\u00eat d\u2019urgence, affichage num\u00e9rique de l\u2019\u00e9tat de charge, deux roues avec frein. S\u00e9curisation de la position au bord de la piscine gr\u00e2ce au verrouillage \u00e9lectrique automatique de la descente \u00e0 l\u2019avant.<\/p>\n<p>Couleur : blanc poudr\u00e9<br \/>Taille (L-L-H) : environ 1245 x 640 x 1512 mm<br \/>capacit\u00e9 de charge : 136 kg<br \/>Produits pharmaceutiques : Classe 1<br \/>Poids propre de l\u2019ascenseur : environ 140 kg<br \/>Alimentation \u00e9lectrique : piles 24V int\u00e9gr\u00e9es (chargeur inclus)<br \/>Groupe cible : nageurs atteints de divers handicaps<br \/>Positionnement : au bord de la piscine, en particulier des piscines publiques \u2013 convient \u00e0 tous les syst\u00e8mes de canalisation standard o\u00f9 le niveau de l\u2019eau est \u00e0 une hauteur similaire \u00e0 celle de la piscine, par exemple le canal de Wiesbaden, le canal finlandais, le canal en acier inoxydable, etc.<br \/>Mat\u00e9riau : aluminium, acier inoxydable (1.4571)<\/p>\n","protected":false},"featured_media":10953,"template":"","meta":{"_acf_changed":false},"product_brand":[],"product_cat":[157],"product_tag":[],"class_list":{"0":"post-12676","1":"product","2":"type-product","3":"status-publish","4":"has-post-thumbnail","6":"product_cat-elevateur-de-piscine","8":"first","9":"instock","10":"taxable","11":"shipping-taxable","12":"purchasable","13":"product-type-simple"},"acf":[],"_links":{"self":[{"href":"https:\/\/roigk.de\/fr\/wp-json\/wp\/v2\/product\/12676","targetHints":{"allow":["GET"]}}],"collection":[{"href":"https:\/\/roigk.de\/fr\/wp-json\/wp\/v2\/product"}],"about":[{"href":"https:\/\/roigk.de\/fr\/wp-json\/wp\/v2\/types\/product"}],"wp:featuredmedia":[{"embeddable":true,"href":"https:\/\/roigk.de\/fr\/wp-json\/wp\/v2\/media\/10953"}],"wp:attachment":[{"href":"https:\/\/roigk.de\/fr\/wp-json\/wp\/v2\/media?parent=12676"}],"wp:term":[{"taxonomy":"product_brand","embeddable":true,"href":"https:\/\/roigk.de\/fr\/wp-json\/wp\/v2\/product_brand?post=12676"},{"taxonomy":"product_cat","embeddable":true,"href":"https:\/\/roigk.de\/fr\/wp-json\/wp\/v2\/product_cat?post=12676"},{"taxonomy":"product_tag","embeddable":true,"href":"https:\/\/roigk.de\/fr\/wp-json\/wp\/v2\/product_tag?post=12676"}],"curies":[{"name":"wp","href":"https:\/\/api.w.org\/{rel}","templated":true}]}}