{"id":14154,"date":"2020-10-31T23:49:28","date_gmt":"2020-10-31T23:49:28","guid":{"rendered":"http:\/\/roigk.de\/produkt\/passage-de-dalle-pour-lignes-de-nage-150-mm-r161102-20\/"},"modified":"2026-01-21T09:13:59","modified_gmt":"2026-01-21T09:13:59","slug":"passage-de-dalle-pour-lignes-de-nage-150-mm-r161102-20","status":"publish","type":"product","link":"https:\/\/roigk.de\/fr\/passage-de-dalle-pour-lignes-de-nage-150-mm-r161102-20\/","title":{"rendered":"Passage de dalle pour lignes de nage 150 mm R161102-20"},"content":{"rendered":"","protected":false},"excerpt":{"rendered":"<p>Le passage au sol permet de faire passer facilement les lignes de la FINA ou des couloirs d&#8217;entra\u00eenement de natation au sous-sol. Optimal pour les lignes de couloirs de natation de comp\u00e9tition jusqu&#8217;\u00e0 environ 150 mm de diam\u00e8tre. Par exemple, la ligne de comp\u00e9tition Malmsten &#8220;Gold Racing Lane Line&#8221; pour les Jeux olympiques.<\/p>\n<p>Au sous-sol, le passage au sol est compl\u00e9t\u00e9 par des conteneurs de collecte optionnels.<br \/>Le tube de travers\u00e9e stable est \u00e9quip\u00e9 d&#8217;un couvercle \u00e9tanche avec un oeillet de fixation pour maintenir la ligne de nage. Le rouleau de guidage rabattable prot\u00e8ge la ligne de nage et facilite la manipulation. Ne doit pas \u00eatre ouvert par des personnes non autoris\u00e9es. Le couvercle est \u00e9quip\u00e9 d&#8217;une surface en acier inoxydable rainur\u00e9e antid\u00e9rapante ou, en option, d&#8217;un pon\u00e7age color\u00e9 en PRV (classe de glissement C). Une bride d&#8217;\u00e9tanch\u00e9it\u00e9 optionnelle peut \u00eatre soud\u00e9e pour une \u00e9tanch\u00e9it\u00e9 alternative. <\/p>\n<p>Diam\u00e8tre maximal de la ligne de nage : environ 150 mm.<br \/>Taille : environ \u00d8 270 mm<br \/>longueur : 465 mm ou longueur sp\u00e9ciale<br \/>Positionnement : dans la piscine int\u00e9rieure dans le prolongement des lignes de couloirs de nage dans l&#8217;entourage de la piscine.<br \/>Mat\u00e9riau : acier inoxydable V4A (1.4571) 316ti<\/p>\n","protected":false},"featured_media":14151,"template":"","meta":{"_acf_changed":false},"product_brand":[],"product_cat":[158],"product_tag":[],"class_list":{"0":"post-14154","1":"product","2":"type-product","3":"status-publish","4":"has-post-thumbnail","6":"product_cat-lignes-de-nage-lignes-de-separation-et-douilles-de-sol","8":"first","9":"instock","10":"taxable","11":"shipping-taxable","12":"purchasable","13":"product-type-simple"},"acf":[],"_links":{"self":[{"href":"https:\/\/roigk.de\/fr\/wp-json\/wp\/v2\/product\/14154","targetHints":{"allow":["GET"]}}],"collection":[{"href":"https:\/\/roigk.de\/fr\/wp-json\/wp\/v2\/product"}],"about":[{"href":"https:\/\/roigk.de\/fr\/wp-json\/wp\/v2\/types\/product"}],"wp:featuredmedia":[{"embeddable":true,"href":"https:\/\/roigk.de\/fr\/wp-json\/wp\/v2\/media\/14151"}],"wp:attachment":[{"href":"https:\/\/roigk.de\/fr\/wp-json\/wp\/v2\/media?parent=14154"}],"wp:term":[{"taxonomy":"product_brand","embeddable":true,"href":"https:\/\/roigk.de\/fr\/wp-json\/wp\/v2\/product_brand?post=14154"},{"taxonomy":"product_cat","embeddable":true,"href":"https:\/\/roigk.de\/fr\/wp-json\/wp\/v2\/product_cat?post=14154"},{"taxonomy":"product_tag","embeddable":true,"href":"https:\/\/roigk.de\/fr\/wp-json\/wp\/v2\/product_tag?post=14154"}],"curies":[{"name":"wp","href":"https:\/\/api.w.org\/{rel}","templated":true}]}}