{"id":16275,"date":"2021-01-19T17:47:36","date_gmt":"2021-01-19T17:47:36","guid":{"rendered":"http:\/\/roigk.de\/produkt\/toboggan-acier-inox-r150-1\/"},"modified":"2026-01-21T08:53:57","modified_gmt":"2026-01-21T08:53:57","slug":"toboggan-acier-inox-r150-1","status":"publish","type":"product","link":"https:\/\/roigk.de\/fr\/toboggan-acier-inox-r150-1\/","title":{"rendered":"Toboggan acier inox R150-1"},"content":{"rendered":"","protected":false},"excerpt":{"rendered":"<p>Une version au dessus au R152-1.0SE en forme de S incurv\u00e9, avec marches et rampes de s\u00e9curit\u00e9.&nbsp;<\/p>\n<p>Classification selon le DIN EN 1069: Type 1.2<br \/>Dimensions (L\/l\/h) : environ 6 000 x 550 x 3 100 mm<br \/>Hauteur de la plate-forme : environ 1 930 mm<br \/>Quantit\u00e9 d\u2019eau : environ 5 \u2013 10 l\/min<br \/>Mat\u00e9riau : acier inoxydable V4A (1.4571)<br \/>Groupe cible : enfants<br \/>Positionnement : au bord du bassin avec WT = \u00e0 partir d\u2019environ 1 000 mm<\/p>\n","protected":false},"featured_media":16272,"template":"","meta":{"_acf_changed":false},"product_brand":[],"product_cat":[191],"product_tag":[],"class_list":{"0":"post-16275","1":"product","2":"type-product","3":"status-publish","4":"has-post-thumbnail","6":"product_cat-toboggans-aquatiques-rapides-et-colores","8":"first","9":"instock","10":"taxable","11":"shipping-taxable","12":"purchasable","13":"product-type-simple"},"acf":[],"_links":{"self":[{"href":"https:\/\/roigk.de\/fr\/wp-json\/wp\/v2\/product\/16275","targetHints":{"allow":["GET"]}}],"collection":[{"href":"https:\/\/roigk.de\/fr\/wp-json\/wp\/v2\/product"}],"about":[{"href":"https:\/\/roigk.de\/fr\/wp-json\/wp\/v2\/types\/product"}],"wp:featuredmedia":[{"embeddable":true,"href":"https:\/\/roigk.de\/fr\/wp-json\/wp\/v2\/media\/16272"}],"wp:attachment":[{"href":"https:\/\/roigk.de\/fr\/wp-json\/wp\/v2\/media?parent=16275"}],"wp:term":[{"taxonomy":"product_brand","embeddable":true,"href":"https:\/\/roigk.de\/fr\/wp-json\/wp\/v2\/product_brand?post=16275"},{"taxonomy":"product_cat","embeddable":true,"href":"https:\/\/roigk.de\/fr\/wp-json\/wp\/v2\/product_cat?post=16275"},{"taxonomy":"product_tag","embeddable":true,"href":"https:\/\/roigk.de\/fr\/wp-json\/wp\/v2\/product_tag?post=16275"}],"curies":[{"name":"wp","href":"https:\/\/api.w.org\/{rel}","templated":true}]}}