{"id":16287,"date":"2021-01-19T17:48:42","date_gmt":"2021-01-19T17:48:42","guid":{"rendered":"http:\/\/roigk.de\/produkt\/toboggan-large-acier-inox-r150-1breit\/"},"modified":"2026-01-21T08:54:05","modified_gmt":"2026-01-21T08:54:05","slug":"toboggan-large-acier-inox-r150-1breit","status":"publish","type":"product","link":"https:\/\/roigk.de\/fr\/toboggan-large-acier-inox-r150-1breit\/","title":{"rendered":"Toboggan large acier inox R150-1BREIT"},"content":{"rendered":"","protected":false},"excerpt":{"rendered":"<p>Semblable au R150-1, mais avec&nbsp;<span>\u00e9videment<\/span>&nbsp;une largeur de 1 500 mm. Puisque ce toboggan est class\u00e9 comme de type 1.2, il n\u2019est pas n\u00e9cessaire d\u2019obtenir un agr\u00e9ment annuel du T\u00dcV pour ce produit extr\u00eamement durable, comme c\u2019est le cas \u00e9galement pour les toboggans larges normaux.&nbsp;<\/p>\n<p>Classification selon le DIN EN 1069: Type 1.2<br \/>Taille (L-L-H) : environ 6.000 x 1.550 x 3.100 mm<br \/>Hauteur de la plate-forme : environ 1 930 mm<br \/>Quantit\u00e9 d\u2019eau : environ 50 \u00e0 70 l\/min<br \/>Mat\u00e9riau : acier inoxydable V4A (1.4571)<br \/>Groupe cible : enfants<br \/>Positionnement : au bord du bassin avec WT = \u00e0 partir d\u2019environ 1 000 mm<\/p>\n","protected":false},"featured_media":28629,"template":"","meta":{"_acf_changed":false},"product_brand":[],"product_cat":[191],"product_tag":[],"class_list":{"0":"post-16287","1":"product","2":"type-product","3":"status-publish","4":"has-post-thumbnail","6":"product_cat-toboggans-aquatiques-rapides-et-colores","8":"first","9":"instock","10":"taxable","11":"shipping-taxable","12":"purchasable","13":"product-type-simple"},"acf":[],"_links":{"self":[{"href":"https:\/\/roigk.de\/fr\/wp-json\/wp\/v2\/product\/16287","targetHints":{"allow":["GET"]}}],"collection":[{"href":"https:\/\/roigk.de\/fr\/wp-json\/wp\/v2\/product"}],"about":[{"href":"https:\/\/roigk.de\/fr\/wp-json\/wp\/v2\/types\/product"}],"wp:featuredmedia":[{"embeddable":true,"href":"https:\/\/roigk.de\/fr\/wp-json\/wp\/v2\/media\/28629"}],"wp:attachment":[{"href":"https:\/\/roigk.de\/fr\/wp-json\/wp\/v2\/media?parent=16287"}],"wp:term":[{"taxonomy":"product_brand","embeddable":true,"href":"https:\/\/roigk.de\/fr\/wp-json\/wp\/v2\/product_brand?post=16287"},{"taxonomy":"product_cat","embeddable":true,"href":"https:\/\/roigk.de\/fr\/wp-json\/wp\/v2\/product_cat?post=16287"},{"taxonomy":"product_tag","embeddable":true,"href":"https:\/\/roigk.de\/fr\/wp-json\/wp\/v2\/product_tag?post=16287"}],"curies":[{"name":"wp","href":"https:\/\/api.w.org\/{rel}","templated":true}]}}