{"id":16293,"date":"2021-01-19T17:50:01","date_gmt":"2021-01-19T17:50:01","guid":{"rendered":"http:\/\/roigk.de\/produkt\/toboggan-acier-inox-r152-1-0se\/"},"modified":"2026-01-21T08:54:12","modified_gmt":"2026-01-21T08:54:12","slug":"toboggan-acier-inox-r152-1-0se","status":"publish","type":"product","link":"https:\/\/roigk.de\/fr\/toboggan-acier-inox-r152-1-0se\/","title":{"rendered":"Toboggan acier inox R152-1.0SE"},"content":{"rendered":"","protected":false},"excerpt":{"rendered":"<p>Toboggan aquatique en forme de S incurv\u00e9 en acier inoxydable. La face inf\u00e9rieure est compl\u00e8tement ferm\u00e9e et les grandes marches de s\u00e9curit\u00e9 sont \u00e9quip\u00e9es d&#8217;un rev\u00eatement antid\u00e9rapant en joint fibre de verre. Les rampes sont dimensionn\u00e9es pour les enfants et de sorte qu&#8217;elles ne puissent pas \u00eatre franchies. Le toboggan est toujours enti\u00e8rement \u00e9lectropoli pour des raisons esth\u00e9tiques et de protection contre la corrosion.<\/p>\n<p>En option, la surface de glissement pour les bassins pour enfants peut \u00eatre \u00e9tendue jusqu&#8217;au fond du bassin et une protection sous-marine peut \u00eatre install\u00e9e.<\/p>\n<p>S\u00e9curit\u00e9 certifi\u00e9e selon la norme DIN EN 1069, 1 et 2 \/ 2010.<br \/>Classification selon le DIN : Type 1.2<br \/>Taille (L-L-H) : environ 3 300 x 600 x 1 700 mm<br \/>Hauteur de la plate-forme : environ 1.000 mm<br \/>Quantit\u00e9 d&#8217;eau : environ 5 \u00e0 10 l\/min<br \/>Mat\u00e9riau : acier inoxydable V4A (1.4571) <br \/>Groupe cible : enfants et enfants en bas \u00e2ge&nbsp;<br \/>Positionnement : <br \/>au bord du bassin avec WT = \u00e0 partir d&#8217;environ 600 mm (selon la hauteur de chute)<br \/>au bord de la piscine avec extension avec WT = environ 300 \u00e0 600 mm<\/p>\n","protected":false},"featured_media":16290,"template":"","meta":{"_acf_changed":false},"product_brand":[],"product_cat":[191],"product_tag":[],"class_list":{"0":"post-16293","1":"product","2":"type-product","3":"status-publish","4":"has-post-thumbnail","6":"product_cat-toboggans-aquatiques-rapides-et-colores","8":"first","9":"instock","10":"taxable","11":"shipping-taxable","12":"purchasable","13":"product-type-simple"},"acf":[],"_links":{"self":[{"href":"https:\/\/roigk.de\/fr\/wp-json\/wp\/v2\/product\/16293","targetHints":{"allow":["GET"]}}],"collection":[{"href":"https:\/\/roigk.de\/fr\/wp-json\/wp\/v2\/product"}],"about":[{"href":"https:\/\/roigk.de\/fr\/wp-json\/wp\/v2\/types\/product"}],"wp:featuredmedia":[{"embeddable":true,"href":"https:\/\/roigk.de\/fr\/wp-json\/wp\/v2\/media\/16290"}],"wp:attachment":[{"href":"https:\/\/roigk.de\/fr\/wp-json\/wp\/v2\/media?parent=16293"}],"wp:term":[{"taxonomy":"product_brand","embeddable":true,"href":"https:\/\/roigk.de\/fr\/wp-json\/wp\/v2\/product_brand?post=16293"},{"taxonomy":"product_cat","embeddable":true,"href":"https:\/\/roigk.de\/fr\/wp-json\/wp\/v2\/product_cat?post=16293"},{"taxonomy":"product_tag","embeddable":true,"href":"https:\/\/roigk.de\/fr\/wp-json\/wp\/v2\/product_tag?post=16293"}],"curies":[{"name":"wp","href":"https:\/\/api.w.org\/{rel}","templated":true}]}}