{"id":16302,"date":"2021-01-19T18:06:53","date_gmt":"2021-01-19T18:06:53","guid":{"rendered":"http:\/\/roigk.de\/produkt\/toboggan-large-acier-inox-r152-1-0se-breit\/"},"modified":"2026-01-21T08:54:34","modified_gmt":"2026-01-21T08:54:34","slug":"toboggan-large-acier-inox-r152-1-0se-breit","status":"publish","type":"product","link":"https:\/\/roigk.de\/fr\/toboggan-large-acier-inox-r152-1-0se-breit\/","title":{"rendered":"Toboggan large acier inox R152-1.0SE BREIT"},"content":{"rendered":"","protected":false},"excerpt":{"rendered":"<p>LE toboggan large pour les petits enfants avec une large surface de glisse et une pente plate adapt\u00e9e aux enfants.<\/p>\n<p>Semblable au R152-1.0SE, mais avec un toboggan de 1.250 mm de large.<\/p>\n<p>En option, la surface de glisse pour les bassins pour petits enfants peut \u00eatre prolong\u00e9e jusqu&rsquo;au fond du bassin et une protection anti-noyade peut \u00eatre install\u00e9e.<\/p>\n<p>Classification selon la norme DIN EN 1069 : type 1.2<br \/>Dimensions (L\/L\/H) : env. 3.300 x 1.300 x 1.700 mm<br \/>Hauteur de la plate-forme : env. 1.000 mm<br \/>D\u00e9bit d&rsquo;eau : env. 30 &#8211; 50 l\/min<br \/>Mat\u00e9riau : acier inoxydable V4A (1.4571)<br \/>Groupe cible : enfants et petits enfants<br \/>positionnement :<br \/>au bord de la piscine avec WT = \u00e0 partir d&rsquo;env. 600 mm<br \/>au bord de la piscine avec rallonge optionnelle avec WT = env. 300 \u00e0 600 mm<\/p>\n","protected":false},"featured_media":16296,"template":"","meta":{"_acf_changed":false},"product_brand":[],"product_cat":[191],"product_tag":[],"class_list":{"0":"post-16302","1":"product","2":"type-product","3":"status-publish","4":"has-post-thumbnail","6":"product_cat-toboggans-aquatiques-rapides-et-colores","8":"first","9":"instock","10":"taxable","11":"shipping-taxable","12":"purchasable","13":"product-type-simple"},"acf":[],"_links":{"self":[{"href":"https:\/\/roigk.de\/fr\/wp-json\/wp\/v2\/product\/16302","targetHints":{"allow":["GET"]}}],"collection":[{"href":"https:\/\/roigk.de\/fr\/wp-json\/wp\/v2\/product"}],"about":[{"href":"https:\/\/roigk.de\/fr\/wp-json\/wp\/v2\/types\/product"}],"wp:featuredmedia":[{"embeddable":true,"href":"https:\/\/roigk.de\/fr\/wp-json\/wp\/v2\/media\/16296"}],"wp:attachment":[{"href":"https:\/\/roigk.de\/fr\/wp-json\/wp\/v2\/media?parent=16302"}],"wp:term":[{"taxonomy":"product_brand","embeddable":true,"href":"https:\/\/roigk.de\/fr\/wp-json\/wp\/v2\/product_brand?post=16302"},{"taxonomy":"product_cat","embeddable":true,"href":"https:\/\/roigk.de\/fr\/wp-json\/wp\/v2\/product_cat?post=16302"},{"taxonomy":"product_tag","embeddable":true,"href":"https:\/\/roigk.de\/fr\/wp-json\/wp\/v2\/product_tag?post=16302"}],"curies":[{"name":"wp","href":"https:\/\/api.w.org\/{rel}","templated":true}]}}