{"id":16305,"date":"2020-07-20T14:37:53","date_gmt":"2021-01-19T22:14:34","guid":{"rendered":"http:\/\/roigk.de\/produkt\/tour-de-plongeoir-de-10-m-en-acier-inoxydable-r280f-pour-planche\/"},"modified":"2021-09-15T15:09:39","modified_gmt":"2021-09-15T15:09:39","slug":"tour-de-plongeoir-de-10-m-en-acier-inoxydable-r280f-pour-planche","status":"publish","type":"product","link":"https:\/\/roigk.de\/fr\/tour-de-plongeoir-de-10-m-en-acier-inoxydable-r280f-pour-planche\/","title":{"rendered":"Tour de plongeoir de 10 m en acier inoxydable R280f pour planche"},"content":{"rendered":"","protected":false},"excerpt":{"rendered":"<p>Ce produit consiste en la combinaison d&#8217;un plongeoir de 3 m\u00e8tres,&nbsp;<span>d&#8217;un plongeoir<\/span><span>&nbsp;<\/span>de 5 m\u00e8tres,<span>&nbsp;<\/span><span>d&#8217;un plongeoir<\/span><span>&nbsp;<\/span>de 7,5 m\u00e8tres et&nbsp;d&#8217;un plongeoir&nbsp;de 10 m\u00e8tres dans une tour. La superposition des<span>&nbsp;<\/span><span>plongeoirs<\/span>&nbsp;de 5 m et de 10 m permet d&#8217;obtenir une construction tr\u00e8s l\u00e9g\u00e8re et peu encombrante. Des \u00e9carts dans la disposition des<span>&nbsp;<\/span><span>plongeoir<\/span><span>s<\/span>&nbsp;ou des plates-formes extra larges pour les comp\u00e9titions de la FINA ou les Jeux olympiques sont possibles en option.<\/p>\n<p>Profondeur d&#8217;eau minimale requise selon la norme : 4.500 mm<br \/>Mat\u00e9riel : Rev\u00eatement en fibre de verre renforc\u00e9e, garde-corps et \u00e9chelle en acier inoxydable 1.4571 (316Ti) \u00e9lectropoli, colonne et plate-forme en acier galvanis\u00e9<\/p>\n<p>Sur demande, le syst\u00e8me peut \u00e9galement \u00eatre rev\u00eatu de couleur.<\/p>\n","protected":false},"featured_media":9930,"template":"","meta":{"_acf_changed":false},"product_brand":[],"product_cat":[161],"product_tag":[],"class_list":{"0":"post-16305","1":"product","2":"type-product","3":"status-publish","4":"has-post-thumbnail","6":"product_cat-plongeoirs","8":"first","9":"instock","10":"taxable","11":"shipping-taxable","12":"purchasable","13":"product-type-simple"},"acf":[],"_links":{"self":[{"href":"https:\/\/roigk.de\/fr\/wp-json\/wp\/v2\/product\/16305","targetHints":{"allow":["GET"]}}],"collection":[{"href":"https:\/\/roigk.de\/fr\/wp-json\/wp\/v2\/product"}],"about":[{"href":"https:\/\/roigk.de\/fr\/wp-json\/wp\/v2\/types\/product"}],"wp:featuredmedia":[{"embeddable":true,"href":"https:\/\/roigk.de\/fr\/wp-json\/wp\/v2\/media\/9930"}],"wp:attachment":[{"href":"https:\/\/roigk.de\/fr\/wp-json\/wp\/v2\/media?parent=16305"}],"wp:term":[{"taxonomy":"product_brand","embeddable":true,"href":"https:\/\/roigk.de\/fr\/wp-json\/wp\/v2\/product_brand?post=16305"},{"taxonomy":"product_cat","embeddable":true,"href":"https:\/\/roigk.de\/fr\/wp-json\/wp\/v2\/product_cat?post=16305"},{"taxonomy":"product_tag","embeddable":true,"href":"https:\/\/roigk.de\/fr\/wp-json\/wp\/v2\/product_tag?post=16305"}],"curies":[{"name":"wp","href":"https:\/\/api.w.org\/{rel}","templated":true}]}}