{"id":16307,"date":"2020-07-20T14:39:12","date_gmt":"2020-07-20T14:39:12","guid":{"rendered":"http:\/\/roigk.de\/produkt\/plongeoir-1-m-avec-planche-en-acier-inoxydable-r200\/"},"modified":"2026-01-21T08:13:18","modified_gmt":"2026-01-21T08:13:18","slug":"plongeoir-1-m-avec-planche-en-acier-inoxydable-r200","status":"publish","type":"product","link":"https:\/\/roigk.de\/fr\/plongeoir-1-m-avec-planche-en-acier-inoxydable-r200\/","title":{"rendered":"Plongeoir 1 m avec planche en acier inoxydable R200"},"content":{"rendered":"","protected":false},"excerpt":{"rendered":"<p>Sans rambarde<\/p>\n<p>Convenant aux syst\u00e8mes plus importants, la fixation avant du saut se fait sur une grande colonne ronde. L&#8217;ascension peut se faire par derri\u00e8re, par la droite ou par la gauche. La condition pr\u00e9alable \u00e0 l&#8217;utilisation est que le niveau de l&#8217;eau doit \u00eatre inf\u00e9rieur au p\u00e9rim\u00e8tre de la piscine ou \u00e0 la m\u00eame hauteur, sans quoi des barri<span>\u00e8res<\/span>&nbsp;seraient n\u00e9cessaires.<\/p>\n<p>La plate-forme de plongeon est \u00e9quip\u00e9e pour recevoir le r\u00e9glage de rouleau Roigk R771252, l&#8217;amortisseur de bruit Roigk R32 et le palier d&#8217;extr\u00e9mit\u00e9 Roigk R31 ou encore la base de tremplin Durafirm R771161.<\/p>\n<p>Profondeur d&#8217;eau minimale requise selon la norme : 3.400 mm<br \/>Mat\u00e9riau : fibre de verre renforc\u00e9e, acier inoxydable 1.4571 (316Ti) \u00e9lectropoli<br \/>Sur demande, le syst\u00e8me peut \u00e9galement \u00eatre rev\u00eatu de couleur.<\/p>\n","protected":false},"featured_media":10028,"template":"","meta":{"_acf_changed":false},"product_brand":[],"product_cat":[161],"product_tag":[],"class_list":{"0":"post-16307","1":"product","2":"type-product","3":"status-publish","4":"has-post-thumbnail","6":"product_cat-plongeoirs","8":"first","9":"instock","10":"taxable","11":"shipping-taxable","12":"purchasable","13":"product-type-simple"},"acf":[],"_links":{"self":[{"href":"https:\/\/roigk.de\/fr\/wp-json\/wp\/v2\/product\/16307","targetHints":{"allow":["GET"]}}],"collection":[{"href":"https:\/\/roigk.de\/fr\/wp-json\/wp\/v2\/product"}],"about":[{"href":"https:\/\/roigk.de\/fr\/wp-json\/wp\/v2\/types\/product"}],"wp:featuredmedia":[{"embeddable":true,"href":"https:\/\/roigk.de\/fr\/wp-json\/wp\/v2\/media\/10028"}],"wp:attachment":[{"href":"https:\/\/roigk.de\/fr\/wp-json\/wp\/v2\/media?parent=16307"}],"wp:term":[{"taxonomy":"product_brand","embeddable":true,"href":"https:\/\/roigk.de\/fr\/wp-json\/wp\/v2\/product_brand?post=16307"},{"taxonomy":"product_cat","embeddable":true,"href":"https:\/\/roigk.de\/fr\/wp-json\/wp\/v2\/product_cat?post=16307"},{"taxonomy":"product_tag","embeddable":true,"href":"https:\/\/roigk.de\/fr\/wp-json\/wp\/v2\/product_tag?post=16307"}],"curies":[{"name":"wp","href":"https:\/\/api.w.org\/{rel}","templated":true}]}}