{"id":16309,"date":"2020-07-20T14:39:49","date_gmt":"2020-07-20T14:39:49","guid":{"rendered":"http:\/\/roigk.de\/produkt\/plongeoir-1m-avec-planche-en-acier-inoxydable-r205\/"},"modified":"2026-01-21T08:13:25","modified_gmt":"2026-01-21T08:13:25","slug":"plongeoir-1m-avec-planche-en-acier-inoxydable-r205","status":"publish","type":"product","link":"https:\/\/roigk.de\/fr\/plongeoir-1m-avec-planche-en-acier-inoxydable-r205\/","title":{"rendered":"Plongeoir 1m avec planche en acier inoxydable R205"},"content":{"rendered":"","protected":false},"excerpt":{"rendered":"<p>Convenant aux installations plus importantes, la fixation avant du tremplin se fait sur une grande colonne ronde. Il est possible de monter par derri\u00e8re, par la droite ou par la gauche.<\/p>\n<p>La plate-forme du plongeoir avec un garde-corps \u00e0 barreaux verticaux est utilis\u00e9e lorsque le p\u00e9rim\u00e8tre de la piscine est plus bas que le niveau de l&#8217;eau et qu&#8217;il y aurait donc une hauteur de chute de plus de 1 m.<br \/>Le plongeoir est \u00e9quip\u00e9 pour recevoir le r\u00e9glage des rouleaux Roigk R771252, l&#8217;amortisseur de bruit Roigk R32 et le palier d&#8217;extr\u00e9mit\u00e9 Roigk R31 ou encore la sous-structure du plongeoir Durafirm R771161.<\/p>\n<p>Profondeur d&#8217;eau minimale requise selon la norme : 3.400 mm<br \/>Mat\u00e9riau : fibre de verre renforc\u00e9e, acier inoxydable 1.4571 (316Ti) \u00e9lectropoli<\/p>\n<p>Sur demande, le plongeoir peut \u00e9galement \u00eatre rev\u00eatu de couleur.<\/p>\n","protected":false},"featured_media":27102,"template":"","meta":{"_acf_changed":false},"product_brand":[],"product_cat":[161],"product_tag":[],"class_list":{"0":"post-16309","1":"product","2":"type-product","3":"status-publish","4":"has-post-thumbnail","6":"product_cat-plongeoirs","8":"first","9":"instock","10":"taxable","11":"shipping-taxable","12":"purchasable","13":"product-type-simple"},"acf":[],"_links":{"self":[{"href":"https:\/\/roigk.de\/fr\/wp-json\/wp\/v2\/product\/16309","targetHints":{"allow":["GET"]}}],"collection":[{"href":"https:\/\/roigk.de\/fr\/wp-json\/wp\/v2\/product"}],"about":[{"href":"https:\/\/roigk.de\/fr\/wp-json\/wp\/v2\/types\/product"}],"wp:featuredmedia":[{"embeddable":true,"href":"https:\/\/roigk.de\/fr\/wp-json\/wp\/v2\/media\/27102"}],"wp:attachment":[{"href":"https:\/\/roigk.de\/fr\/wp-json\/wp\/v2\/media?parent=16309"}],"wp:term":[{"taxonomy":"product_brand","embeddable":true,"href":"https:\/\/roigk.de\/fr\/wp-json\/wp\/v2\/product_brand?post=16309"},{"taxonomy":"product_cat","embeddable":true,"href":"https:\/\/roigk.de\/fr\/wp-json\/wp\/v2\/product_cat?post=16309"},{"taxonomy":"product_tag","embeddable":true,"href":"https:\/\/roigk.de\/fr\/wp-json\/wp\/v2\/product_tag?post=16309"}],"curies":[{"name":"wp","href":"https:\/\/api.w.org\/{rel}","templated":true}]}}