{"id":16319,"date":"2020-11-23T14:32:38","date_gmt":"2020-11-23T14:32:38","guid":{"rendered":"http:\/\/roigk.de\/produkt\/plateforme-de-plongeoir-3-m-en-acier-inoxydable-r260\/"},"modified":"2026-01-21T08:13:38","modified_gmt":"2026-01-21T08:13:38","slug":"plateforme-de-plongeoir-3-m-en-acier-inoxydable-r260","status":"publish","type":"product","link":"https:\/\/roigk.de\/fr\/plateforme-de-plongeoir-3-m-en-acier-inoxydable-r260\/","title":{"rendered":"Plateforme de plongeoir 3 m en acier inoxydable R260"},"content":{"rendered":"","protected":false},"excerpt":{"rendered":"<p>Aspect discret sur une seule colonne ronde. Il est possible de monter par la droite ou par la gauche.<\/p>\n<p>Profondeur d&#8217;eau minimale requise selon la norme : 3 500 mm<br \/>Mat\u00e9riau : rev\u00eatement de fibre de verre renforc\u00e9e, acier inoxydable 1.4571 (316Ti) \u00e9lectropoli<br \/>Sur demande, le syst\u00e8me peut \u00e9galement \u00eatre rev\u00eatu de couleur.<\/p>\n<p>&nbsp;<\/p>\n","protected":false},"featured_media":27114,"template":"","meta":{"_acf_changed":false},"product_brand":[],"product_cat":[161],"product_tag":[],"class_list":{"0":"post-16319","1":"product","2":"type-product","3":"status-publish","4":"has-post-thumbnail","6":"product_cat-plongeoirs","8":"first","9":"instock","10":"taxable","11":"shipping-taxable","12":"purchasable","13":"product-type-simple"},"acf":[],"_links":{"self":[{"href":"https:\/\/roigk.de\/fr\/wp-json\/wp\/v2\/product\/16319","targetHints":{"allow":["GET"]}}],"collection":[{"href":"https:\/\/roigk.de\/fr\/wp-json\/wp\/v2\/product"}],"about":[{"href":"https:\/\/roigk.de\/fr\/wp-json\/wp\/v2\/types\/product"}],"wp:featuredmedia":[{"embeddable":true,"href":"https:\/\/roigk.de\/fr\/wp-json\/wp\/v2\/media\/27114"}],"wp:attachment":[{"href":"https:\/\/roigk.de\/fr\/wp-json\/wp\/v2\/media?parent=16319"}],"wp:term":[{"taxonomy":"product_brand","embeddable":true,"href":"https:\/\/roigk.de\/fr\/wp-json\/wp\/v2\/product_brand?post=16319"},{"taxonomy":"product_cat","embeddable":true,"href":"https:\/\/roigk.de\/fr\/wp-json\/wp\/v2\/product_cat?post=16319"},{"taxonomy":"product_tag","embeddable":true,"href":"https:\/\/roigk.de\/fr\/wp-json\/wp\/v2\/product_tag?post=16319"}],"curies":[{"name":"wp","href":"https:\/\/api.w.org\/{rel}","templated":true}]}}