{"id":16321,"date":"2020-07-20T14:40:03","date_gmt":"2021-01-19T22:15:40","guid":{"rendered":"http:\/\/roigk.de\/produkt\/tour-de-plongeoir-3-m-en-acier-inoxydable-r250f-pour-planche\/"},"modified":"2021-09-15T15:07:40","modified_gmt":"2021-09-15T15:07:40","slug":"tour-de-plongeoir-3-m-en-acier-inoxydable-r250f-pour-planche","status":"publish","type":"product","link":"https:\/\/roigk.de\/fr\/tour-de-plongeoir-3-m-en-acier-inoxydable-r250f-pour-planche\/","title":{"rendered":"Tour de plongeoir 3 m en acier inoxydable R250f pour planche"},"content":{"rendered":"","protected":false},"excerpt":{"rendered":"<p>Aspect discret sur une seule colonne ronde. Il est possible de monter par la droite ou par la gauche. Le tremplin est \u00e9quip\u00e9 pour recevoir le r\u00e9glage des rouleaux Roigk R771252, l&#8217;amortisseur de bruit Roigk R32 et le palier d&#8217;extr\u00e9mit\u00e9 Roigk R31 ou encore la base de tremplin Durafirm R771161.&nbsp;<\/p>\n<p>Profondeur d&#8217;eau minimale requise selon la norme : 3.700 mm<br \/>Mat\u00e9riau : rev\u00eatement en fibre de verre renforc\u00e9e, garde-corps et \u00e9chelle en acier inoxydable 1.4571 (316Ti) \u00e9lectropoli, colonne et plate-forme en acier galvanis\u00e9<\/p>\n<p>Sur demande, le syst\u00e8me peut \u00e9galement \u00eatre rev\u00eatu de couleur.<\/p>\n","protected":false},"featured_media":10119,"template":"","meta":{"_acf_changed":false},"product_brand":[],"product_cat":[161],"product_tag":[],"class_list":{"0":"post-16321","1":"product","2":"type-product","3":"status-publish","4":"has-post-thumbnail","6":"product_cat-plongeoirs","8":"first","9":"instock","10":"taxable","11":"shipping-taxable","12":"purchasable","13":"product-type-simple"},"acf":[],"_links":{"self":[{"href":"https:\/\/roigk.de\/fr\/wp-json\/wp\/v2\/product\/16321","targetHints":{"allow":["GET"]}}],"collection":[{"href":"https:\/\/roigk.de\/fr\/wp-json\/wp\/v2\/product"}],"about":[{"href":"https:\/\/roigk.de\/fr\/wp-json\/wp\/v2\/types\/product"}],"wp:featuredmedia":[{"embeddable":true,"href":"https:\/\/roigk.de\/fr\/wp-json\/wp\/v2\/media\/10119"}],"wp:attachment":[{"href":"https:\/\/roigk.de\/fr\/wp-json\/wp\/v2\/media?parent=16321"}],"wp:term":[{"taxonomy":"product_brand","embeddable":true,"href":"https:\/\/roigk.de\/fr\/wp-json\/wp\/v2\/product_brand?post=16321"},{"taxonomy":"product_cat","embeddable":true,"href":"https:\/\/roigk.de\/fr\/wp-json\/wp\/v2\/product_cat?post=16321"},{"taxonomy":"product_tag","embeddable":true,"href":"https:\/\/roigk.de\/fr\/wp-json\/wp\/v2\/product_tag?post=16321"}],"curies":[{"name":"wp","href":"https:\/\/api.w.org\/{rel}","templated":true}]}}