{"id":16323,"date":"2020-07-20T14:40:57","date_gmt":"2021-01-19T22:15:48","guid":{"rendered":"http:\/\/roigk.de\/produkt\/tour-de-plongeoir-de-5-m-en-acier-inoxydable-r270f-pour-planche\/"},"modified":"2021-09-15T15:08:52","modified_gmt":"2021-09-15T15:08:52","slug":"tour-de-plongeoir-de-5-m-en-acier-inoxydable-r270f-pour-planche","status":"publish","type":"product","link":"https:\/\/roigk.de\/fr\/tour-de-plongeoir-de-5-m-en-acier-inoxydable-r270f-pour-planche\/","title":{"rendered":"Tour de plongeoir de 5 m en acier inoxydable R270f pour planche"},"content":{"rendered":"","protected":false},"excerpt":{"rendered":"<p>Aspect discret sur une seule colonne ronde. Il est possible de monter par la droite ou par la gauche. Le mod<span>\u00e8l<\/span>e 5 m doit toujours \u00eatre combin\u00e9 avec un mod<span>\u00e8l<\/span>e&nbsp;de 3 m, car les \u00e9chelles ne peuvent avoir qu&#8217;une longueur maximale de 3 000 mm.<\/p>\n<p>Profondeur d&#8217;eau minimale requise selon la norme : 3 700 mm<br \/>Mat\u00e9riau : rev\u00eatement en fibre de verre renforc\u00e9e, garde-corps et \u00e9chelle en acier inoxydable 1.4571 (316Ti) \u00e9lectropoli, colonne et plate-forme en acier galvanis\u00e9<br \/>Sur demande, le&nbsp;<span>mod<\/span><span>\u00e8l<\/span><span>e<\/span><span>&nbsp;<\/span>peut \u00e9galement \u00eatre rev\u00eatu de couleur.<\/p>\n","protected":false},"featured_media":10200,"template":"","meta":{"_acf_changed":false},"product_brand":[],"product_cat":[161],"product_tag":[],"class_list":{"0":"post-16323","1":"product","2":"type-product","3":"status-publish","4":"has-post-thumbnail","6":"product_cat-plongeoirs","8":"first","9":"instock","10":"taxable","11":"shipping-taxable","12":"purchasable","13":"product-type-simple"},"acf":[],"_links":{"self":[{"href":"https:\/\/roigk.de\/fr\/wp-json\/wp\/v2\/product\/16323","targetHints":{"allow":["GET"]}}],"collection":[{"href":"https:\/\/roigk.de\/fr\/wp-json\/wp\/v2\/product"}],"about":[{"href":"https:\/\/roigk.de\/fr\/wp-json\/wp\/v2\/types\/product"}],"wp:featuredmedia":[{"embeddable":true,"href":"https:\/\/roigk.de\/fr\/wp-json\/wp\/v2\/media\/10200"}],"wp:attachment":[{"href":"https:\/\/roigk.de\/fr\/wp-json\/wp\/v2\/media?parent=16323"}],"wp:term":[{"taxonomy":"product_brand","embeddable":true,"href":"https:\/\/roigk.de\/fr\/wp-json\/wp\/v2\/product_brand?post=16323"},{"taxonomy":"product_cat","embeddable":true,"href":"https:\/\/roigk.de\/fr\/wp-json\/wp\/v2\/product_cat?post=16323"},{"taxonomy":"product_tag","embeddable":true,"href":"https:\/\/roigk.de\/fr\/wp-json\/wp\/v2\/product_tag?post=16323"}],"curies":[{"name":"wp","href":"https:\/\/api.w.org\/{rel}","templated":true}]}}