{"id":16327,"date":"2020-07-20T14:48:16","date_gmt":"2020-07-20T14:48:16","guid":{"rendered":"http:\/\/roigk.de\/produkt\/soupape-de-vidange-et-de-trop-plein-r100\/"},"modified":"2026-01-21T08:13:50","modified_gmt":"2026-01-21T08:13:50","slug":"soupape-de-vidange-et-de-trop-plein-r100","status":"publish","type":"product","link":"https:\/\/roigk.de\/fr\/soupape-de-vidange-et-de-trop-plein-r100\/","title":{"rendered":"Soupape de vidange et de trop-plein R100"},"content":{"rendered":"","protected":false},"excerpt":{"rendered":"<p>Pour les cuvettes ou les bacs de passage avec hauteur de d\u00e9bordement selon KOK. Pi\u00e8ce d&#8217;installation avec bride ronde \u00e0 face polie et filetage. Insert de trop-plein sous forme de tuyau vertical avec perforations tout autour. En option avec siphon. En option avec cha\u00eene comme protection antivol.<\/p>\n<p>Connexion filet\u00e9e : 2\u2033 ou 2 1\/2\u2033 en version sp\u00e9ciale<br \/>Hauteur de d\u00e9bordement : 150 mm (ou hauteur sp\u00e9ciale)<br \/>Mat\u00e9riau : acier inoxydable V4A (1.4571)&nbsp;<\/p>\n","protected":false},"featured_media":10831,"template":"","meta":{"_acf_changed":false},"product_brand":[],"product_cat":[163],"product_tag":[],"class_list":{"0":"post-16327","1":"product","2":"type-product","3":"status-publish","4":"has-post-thumbnail","6":"product_cat-douches-verticales-et-equipement-de-piscine-exterieure-fr","8":"first","9":"instock","10":"taxable","11":"shipping-taxable","12":"purchasable","13":"product-type-simple"},"acf":[],"_links":{"self":[{"href":"https:\/\/roigk.de\/fr\/wp-json\/wp\/v2\/product\/16327","targetHints":{"allow":["GET"]}}],"collection":[{"href":"https:\/\/roigk.de\/fr\/wp-json\/wp\/v2\/product"}],"about":[{"href":"https:\/\/roigk.de\/fr\/wp-json\/wp\/v2\/types\/product"}],"wp:featuredmedia":[{"embeddable":true,"href":"https:\/\/roigk.de\/fr\/wp-json\/wp\/v2\/media\/10831"}],"wp:attachment":[{"href":"https:\/\/roigk.de\/fr\/wp-json\/wp\/v2\/media?parent=16327"}],"wp:term":[{"taxonomy":"product_brand","embeddable":true,"href":"https:\/\/roigk.de\/fr\/wp-json\/wp\/v2\/product_brand?post=16327"},{"taxonomy":"product_cat","embeddable":true,"href":"https:\/\/roigk.de\/fr\/wp-json\/wp\/v2\/product_cat?post=16327"},{"taxonomy":"product_tag","embeddable":true,"href":"https:\/\/roigk.de\/fr\/wp-json\/wp\/v2\/product_tag?post=16327"}],"curies":[{"name":"wp","href":"https:\/\/api.w.org\/{rel}","templated":true}]}}