{"id":16333,"date":"2021-01-19T22:16:10","date_gmt":"2021-01-19T22:16:15","guid":{"rendered":"http:\/\/roigk.de\/produkt\/o-volant-darret-en-acier-inoxydable-r201810-10-pour-les-installations-aquatiques\/"},"modified":"2021-08-18T11:51:57","modified_gmt":"2021-08-18T11:51:57","slug":"o-volant-darret-en-acier-inoxydable-r201810-10-pour-les-installations-aquatiques","status":"publish","type":"product","link":"https:\/\/roigk.de\/fr\/o-volant-darret-en-acier-inoxydable-r201810-10-pour-les-installations-aquatiques\/","title":{"rendered":"O# Volant d&rsquo;arr\u00eat en acier inoxydable R201810-10 (pour les installations aquatiques)"},"content":{"rendered":"","protected":false},"excerpt":{"rendered":"<p>En option, nous \u00e9quipons les installations aquatiques d&#8217;un volant d&#8217;arr\u00eat pour encore plus d&#8217;interactivit\u00e9. Tournez le volant&nbsp;<span>\u00e0<\/span><span>&nbsp;<\/span>90 degr\u00e9s et continuez \u00e0 le tourner pour faire couler l&#8217;eau \u00e0 nouveau. Egalement disponible e<span>n option&nbsp;<\/span>pour le champignon aquatique R8214-1000.<\/p>\n","protected":false},"featured_media":16330,"template":"","meta":{"_acf_changed":false},"product_brand":[],"product_cat":[95],"product_tag":[],"class_list":{"0":"post-16333","1":"product","2":"type-product","3":"status-publish","4":"has-post-thumbnail","6":"product_cat-unkategorisiert-fr","8":"first","9":"instock","10":"taxable","11":"shipping-taxable","12":"purchasable","13":"product-type-simple"},"acf":[],"_links":{"self":[{"href":"https:\/\/roigk.de\/fr\/wp-json\/wp\/v2\/product\/16333","targetHints":{"allow":["GET"]}}],"collection":[{"href":"https:\/\/roigk.de\/fr\/wp-json\/wp\/v2\/product"}],"about":[{"href":"https:\/\/roigk.de\/fr\/wp-json\/wp\/v2\/types\/product"}],"wp:featuredmedia":[{"embeddable":true,"href":"https:\/\/roigk.de\/fr\/wp-json\/wp\/v2\/media\/16330"}],"wp:attachment":[{"href":"https:\/\/roigk.de\/fr\/wp-json\/wp\/v2\/media?parent=16333"}],"wp:term":[{"taxonomy":"product_brand","embeddable":true,"href":"https:\/\/roigk.de\/fr\/wp-json\/wp\/v2\/product_brand?post=16333"},{"taxonomy":"product_cat","embeddable":true,"href":"https:\/\/roigk.de\/fr\/wp-json\/wp\/v2\/product_cat?post=16333"},{"taxonomy":"product_tag","embeddable":true,"href":"https:\/\/roigk.de\/fr\/wp-json\/wp\/v2\/product_tag?post=16333"}],"curies":[{"name":"wp","href":"https:\/\/api.w.org\/{rel}","templated":true}]}}