{"id":16339,"date":"2021-01-19T22:16:19","date_gmt":"2021-01-19T22:16:24","guid":{"rendered":"http:\/\/roigk.de\/produkt\/o-volant-darret-colourshine-glass-r201810-20-pour-les-jeux-aquatiques\/"},"modified":"2021-08-18T11:52:09","modified_gmt":"2021-08-18T11:52:09","slug":"o-volant-darret-colourshine-glass-r201810-20-pour-les-jeux-aquatiques","status":"publish","type":"product","link":"https:\/\/roigk.de\/fr\/o-volant-darret-colourshine-glass-r201810-20-pour-les-jeux-aquatiques\/","title":{"rendered":"O# Volant d&rsquo;arr\u00eat Colourshine glass R201810-20 (pour les jeux aquatiques)"},"content":{"rendered":"","protected":false},"excerpt":{"rendered":"<p>En option, nous \u00e9quipons les installations aquatiques d&#8217;un volant pour encore plus d&#8217;interactivit\u00e9. Tournez le volant&nbsp;<span>\u00e0<\/span>&nbsp;90 degr\u00e9s et continuez \u00e0 le tourner pour que l&#8217;eau coule \u00e0 nouveau. Beau volant en verre Colourshine, disponible pour diverses attractions.<\/p>\n","protected":false},"featured_media":16336,"template":"","meta":{"_acf_changed":false},"product_brand":[],"product_cat":[95],"product_tag":[],"class_list":{"0":"post-16339","1":"product","2":"type-product","3":"status-publish","4":"has-post-thumbnail","6":"product_cat-unkategorisiert-fr","8":"first","9":"instock","10":"taxable","11":"shipping-taxable","12":"purchasable","13":"product-type-simple"},"acf":[],"_links":{"self":[{"href":"https:\/\/roigk.de\/fr\/wp-json\/wp\/v2\/product\/16339","targetHints":{"allow":["GET"]}}],"collection":[{"href":"https:\/\/roigk.de\/fr\/wp-json\/wp\/v2\/product"}],"about":[{"href":"https:\/\/roigk.de\/fr\/wp-json\/wp\/v2\/types\/product"}],"wp:featuredmedia":[{"embeddable":true,"href":"https:\/\/roigk.de\/fr\/wp-json\/wp\/v2\/media\/16336"}],"wp:attachment":[{"href":"https:\/\/roigk.de\/fr\/wp-json\/wp\/v2\/media?parent=16339"}],"wp:term":[{"taxonomy":"product_brand","embeddable":true,"href":"https:\/\/roigk.de\/fr\/wp-json\/wp\/v2\/product_brand?post=16339"},{"taxonomy":"product_cat","embeddable":true,"href":"https:\/\/roigk.de\/fr\/wp-json\/wp\/v2\/product_cat?post=16339"},{"taxonomy":"product_tag","embeddable":true,"href":"https:\/\/roigk.de\/fr\/wp-json\/wp\/v2\/product_tag?post=16339"}],"curies":[{"name":"wp","href":"https:\/\/api.w.org\/{rel}","templated":true}]}}