{"id":16341,"date":"2020-07-20T14:28:50","date_gmt":"2020-07-20T14:28:50","guid":{"rendered":"http:\/\/roigk.de\/produkt\/support-de-barriere-r771180-pour-corde-de-barriere\/"},"modified":"2026-01-21T08:13:56","modified_gmt":"2026-01-21T08:13:56","slug":"support-de-barriere-r771180-pour-corde-de-barriere","status":"publish","type":"product","link":"https:\/\/roigk.de\/fr\/support-de-barriere-r771180-pour-corde-de-barriere\/","title":{"rendered":"Support de barri\u00e8re R771180 (pour corde de barri\u00e8re)"},"content":{"rendered":"","protected":false},"excerpt":{"rendered":"<p>Pour une fermeture temporaire des bords de piscine, les supports de barri\u00e8re R771180 peuvent \u00eatre utilis\u00e9s, par exemple avec des cordes de barri\u00e8re Tecolen de 8 mm. Ils sont plac\u00e9s dans des douilles de sol et peuvent \u00eatre retir\u00e9s lorsqu&#8217;ils ne sont pas utilis\u00e9s. Comme douille de sol, nous recommandons le type R771172R avec couvercle amovible int\u00e9gr\u00e9.<\/p>\n<p>Hauteur : 900 mm au-dessus du sol ou hauteur sp\u00e9ciale<br \/>Mat\u00e9riau : acier inoxydable V4A (1.4571 ou optionnellement 1.4539)<\/p>\n","protected":false},"featured_media":9209,"template":"","meta":{"_acf_changed":false},"product_brand":[],"product_cat":[166],"product_tag":[],"class_list":{"0":"post-16341","1":"product","2":"type-product","3":"status-publish","4":"has-post-thumbnail","6":"product_cat-escaliers-garde-corps-et-echelles","8":"first","9":"instock","10":"taxable","11":"shipping-taxable","12":"purchasable","13":"product-type-simple"},"acf":[],"_links":{"self":[{"href":"https:\/\/roigk.de\/fr\/wp-json\/wp\/v2\/product\/16341","targetHints":{"allow":["GET"]}}],"collection":[{"href":"https:\/\/roigk.de\/fr\/wp-json\/wp\/v2\/product"}],"about":[{"href":"https:\/\/roigk.de\/fr\/wp-json\/wp\/v2\/types\/product"}],"wp:featuredmedia":[{"embeddable":true,"href":"https:\/\/roigk.de\/fr\/wp-json\/wp\/v2\/media\/9209"}],"wp:attachment":[{"href":"https:\/\/roigk.de\/fr\/wp-json\/wp\/v2\/media?parent=16341"}],"wp:term":[{"taxonomy":"product_brand","embeddable":true,"href":"https:\/\/roigk.de\/fr\/wp-json\/wp\/v2\/product_brand?post=16341"},{"taxonomy":"product_cat","embeddable":true,"href":"https:\/\/roigk.de\/fr\/wp-json\/wp\/v2\/product_cat?post=16341"},{"taxonomy":"product_tag","embeddable":true,"href":"https:\/\/roigk.de\/fr\/wp-json\/wp\/v2\/product_tag?post=16341"}],"curies":[{"name":"wp","href":"https:\/\/api.w.org\/{rel}","templated":true}]}}