{"id":16351,"date":"2020-07-20T14:41:57","date_gmt":"2020-07-20T14:41:57","guid":{"rendered":"http:\/\/roigk.de\/produkt\/paroi-darret-2500-mm-r83600\/"},"modified":"2026-01-21T08:14:20","modified_gmt":"2026-01-21T08:14:20","slug":"paroi-darret-2500-mm-r83600","status":"publish","type":"product","link":"https:\/\/roigk.de\/fr\/paroi-darret-2500-mm-r83600\/","title":{"rendered":"Paroi d&rsquo;arr\u00eat 2500 mm R83600"},"content":{"rendered":"","protected":false},"excerpt":{"rendered":"<p>En acier inoxydable, avec des trous oblongs pour une perm\u00e9abilit\u00e9 \u00e0 l&#8217;eau de 63 %, avec des supports de ligne de couloir de nage int\u00e9gr\u00e9s (R98A). Sur commande, les entretoises sont adapt\u00e9es \u00e0 la t\u00eate de bassin. Convient par exemple \u00e0 la goutti\u00e8re de Wiesbaden, \u00e0 la goutti\u00e8re finlandaise, \u00e0 la goutti\u00e8re en acier inoxydable, etc.<\/p>\n<p>Norme : DIN EN 13451-6 et FINA<br \/>Taille : environ 300 mm au-dessus du niveau de l&#8217;eau, environ 2 500 mm de long<br \/>Groupe cible : comp\u00e9titions de natation<br \/>Positionnement : au ras du bord du bassin des deux c\u00f4t\u00e9s du bassin<br \/>Mat\u00e9riau : acier inoxydable V4A (1.4571)<\/p>\n","protected":false},"featured_media":10291,"template":"","meta":{"_acf_changed":false},"product_brand":[],"product_cat":[158],"product_tag":[],"class_list":{"0":"post-16351","1":"product","2":"type-product","3":"status-publish","4":"has-post-thumbnail","6":"product_cat-lignes-de-nage-lignes-de-separation-et-douilles-de-sol","8":"first","9":"instock","10":"taxable","11":"shipping-taxable","12":"purchasable","13":"product-type-simple"},"acf":[],"_links":{"self":[{"href":"https:\/\/roigk.de\/fr\/wp-json\/wp\/v2\/product\/16351","targetHints":{"allow":["GET"]}}],"collection":[{"href":"https:\/\/roigk.de\/fr\/wp-json\/wp\/v2\/product"}],"about":[{"href":"https:\/\/roigk.de\/fr\/wp-json\/wp\/v2\/types\/product"}],"wp:featuredmedia":[{"embeddable":true,"href":"https:\/\/roigk.de\/fr\/wp-json\/wp\/v2\/media\/10291"}],"wp:attachment":[{"href":"https:\/\/roigk.de\/fr\/wp-json\/wp\/v2\/media?parent=16351"}],"wp:term":[{"taxonomy":"product_brand","embeddable":true,"href":"https:\/\/roigk.de\/fr\/wp-json\/wp\/v2\/product_brand?post=16351"},{"taxonomy":"product_cat","embeddable":true,"href":"https:\/\/roigk.de\/fr\/wp-json\/wp\/v2\/product_cat?post=16351"},{"taxonomy":"product_tag","embeddable":true,"href":"https:\/\/roigk.de\/fr\/wp-json\/wp\/v2\/product_tag?post=16351"}],"curies":[{"name":"wp","href":"https:\/\/api.w.org\/{rel}","templated":true}]}}