{"id":16357,"date":"2021-01-19T22:17:19","date_gmt":"2021-01-19T22:17:23","guid":{"rendered":"http:\/\/roigk.de\/produkt\/o-aqua-soupape-de-temporisation-r840-pour-jeux-animaux-en-fibre-de-verre-renforcee\/"},"modified":"2022-05-23T06:33:59","modified_gmt":"2022-05-23T06:33:59","slug":"o-aqua-soupape-de-temporisation-r840-pour-jeux-animaux-en-fibre-de-verre-renforcee","status":"publish","type":"product","link":"https:\/\/roigk.de\/fr\/o-aqua-soupape-de-temporisation-r840-pour-jeux-animaux-en-fibre-de-verre-renforcee\/","title":{"rendered":"O# Aqua soupape de temporisation R840 (pour jeux animaux en fibre de verre renforc\u00e9e)"},"content":{"rendered":"","protected":false},"excerpt":{"rendered":"<p>Avec couvercle en acier inoxydable, dur\u00e9e r\u00e9glable, pour le raccordement \u00e0 une conduite d&#8217;eau, raccord de tuyau 1\/2&#8243;.<\/p>\n<p>Option pour Belissima, Balena, Pingo, Flippo, Kurt, Robby, Bubu, Benny, Mobi, Ducky, Pucky, Schildi<\/p>\n","protected":false},"featured_media":16354,"template":"","meta":{"_acf_changed":false},"product_brand":[],"product_cat":[95],"product_tag":[],"class_list":{"0":"post-16357","1":"product","2":"type-product","3":"status-publish","4":"has-post-thumbnail","6":"product_cat-unkategorisiert-fr","8":"first","9":"instock","10":"taxable","11":"shipping-taxable","12":"purchasable","13":"product-type-simple"},"acf":[],"_links":{"self":[{"href":"https:\/\/roigk.de\/fr\/wp-json\/wp\/v2\/product\/16357","targetHints":{"allow":["GET"]}}],"collection":[{"href":"https:\/\/roigk.de\/fr\/wp-json\/wp\/v2\/product"}],"about":[{"href":"https:\/\/roigk.de\/fr\/wp-json\/wp\/v2\/types\/product"}],"wp:featuredmedia":[{"embeddable":true,"href":"https:\/\/roigk.de\/fr\/wp-json\/wp\/v2\/media\/16354"}],"wp:attachment":[{"href":"https:\/\/roigk.de\/fr\/wp-json\/wp\/v2\/media?parent=16357"}],"wp:term":[{"taxonomy":"product_brand","embeddable":true,"href":"https:\/\/roigk.de\/fr\/wp-json\/wp\/v2\/product_brand?post=16357"},{"taxonomy":"product_cat","embeddable":true,"href":"https:\/\/roigk.de\/fr\/wp-json\/wp\/v2\/product_cat?post=16357"},{"taxonomy":"product_tag","embeddable":true,"href":"https:\/\/roigk.de\/fr\/wp-json\/wp\/v2\/product_tag?post=16357"}],"curies":[{"name":"wp","href":"https:\/\/api.w.org\/{rel}","templated":true}]}}