{"id":16359,"date":"2020-07-20T14:17:28","date_gmt":"2020-07-20T14:17:28","guid":{"rendered":"http:\/\/roigk.de\/produkt\/e-soupape-de-temporisation-aqua-time-pour-douche-sur-pied-r43-r43-canon-a-eau-red-nautilus\/"},"modified":"2026-01-21T08:14:27","modified_gmt":"2026-01-21T08:14:27","slug":"e-soupape-de-temporisation-aqua-time-pour-douche-sur-pied-r43-r43-canon-a-eau-red-nautilus","status":"publish","type":"product","link":"https:\/\/roigk.de\/fr\/e-soupape-de-temporisation-aqua-time-pour-douche-sur-pied-r43-r43-canon-a-eau-red-nautilus\/","title":{"rendered":"E# Soupape de temporisation Aqua time R86003 (pour douche sur pied R43, R43, canon \u00e0 eau Red Nautilus)"},"content":{"rendered":"","protected":false},"excerpt":{"rendered":"<p>1\/2&#8243;<br \/>partie sup\u00e9rieure et inf\u00e9rieure compl\u00e8te<\/p>\n","protected":false},"featured_media":13824,"template":"","meta":{"_acf_changed":false},"product_brand":[],"product_cat":[139],"product_tag":[],"class_list":{"0":"post-16359","1":"product","2":"type-product","3":"status-publish","4":"has-post-thumbnail","6":"product_cat-douches-pieces-detachees","8":"first","9":"instock","10":"taxable","11":"shipping-taxable","12":"purchasable","13":"product-type-simple"},"acf":[],"_links":{"self":[{"href":"https:\/\/roigk.de\/fr\/wp-json\/wp\/v2\/product\/16359","targetHints":{"allow":["GET"]}}],"collection":[{"href":"https:\/\/roigk.de\/fr\/wp-json\/wp\/v2\/product"}],"about":[{"href":"https:\/\/roigk.de\/fr\/wp-json\/wp\/v2\/types\/product"}],"wp:featuredmedia":[{"embeddable":true,"href":"https:\/\/roigk.de\/fr\/wp-json\/wp\/v2\/media\/13824"}],"wp:attachment":[{"href":"https:\/\/roigk.de\/fr\/wp-json\/wp\/v2\/media?parent=16359"}],"wp:term":[{"taxonomy":"product_brand","embeddable":true,"href":"https:\/\/roigk.de\/fr\/wp-json\/wp\/v2\/product_brand?post=16359"},{"taxonomy":"product_cat","embeddable":true,"href":"https:\/\/roigk.de\/fr\/wp-json\/wp\/v2\/product_cat?post=16359"},{"taxonomy":"product_tag","embeddable":true,"href":"https:\/\/roigk.de\/fr\/wp-json\/wp\/v2\/product_tag?post=16359"}],"curies":[{"name":"wp","href":"https:\/\/api.w.org\/{rel}","templated":true}]}}