{"id":16365,"date":"2020-07-20T14:17:50","date_gmt":"2020-07-20T14:17:50","guid":{"rendered":"http:\/\/roigk.de\/produkt\/sac-collecteur-pour-lignes-de-natation-de-25-m-r1612-25\/"},"modified":"2026-01-21T08:14:47","modified_gmt":"2026-01-21T08:14:47","slug":"sac-collecteur-pour-lignes-de-natation-de-25-m-r1612-25","status":"publish","type":"product","link":"https:\/\/roigk.de\/fr\/sac-collecteur-pour-lignes-de-natation-de-25-m-r1612-25\/","title":{"rendered":"Sac collecteur pour lignes de natation de 25 m R1612-25"},"content":{"rendered":"","protected":false},"excerpt":{"rendered":"<p>Sac de collecte en b\u00e2che de tissu \u00e0 paroi \u00e9paisse pour les passages au sol, pour un stockage propre des lignes de nage. Fabrication solide \u00e0 paroi \u00e9paisse avec 4 x cordes de suspension avec vis de fixation au plafond. incl. \u00e9vacuation avec possibilit\u00e9 de raccordement pour le tuyau.<\/p>\n<p>Version : pour les lignes de 25m<br \/>Mat\u00e9riau : B\u00e2che tiss\u00e9e<br \/>Drm. 1250 mm, hauteur 800 mm<\/p>\n","protected":false},"featured_media":8455,"template":"","meta":{"_acf_changed":false},"product_brand":[],"product_cat":[158],"product_tag":[],"class_list":{"0":"post-16365","1":"product","2":"type-product","3":"status-publish","4":"has-post-thumbnail","6":"product_cat-lignes-de-nage-lignes-de-separation-et-douilles-de-sol","8":"first","9":"instock","10":"taxable","11":"shipping-taxable","12":"purchasable","13":"product-type-simple"},"acf":[],"_links":{"self":[{"href":"https:\/\/roigk.de\/fr\/wp-json\/wp\/v2\/product\/16365","targetHints":{"allow":["GET"]}}],"collection":[{"href":"https:\/\/roigk.de\/fr\/wp-json\/wp\/v2\/product"}],"about":[{"href":"https:\/\/roigk.de\/fr\/wp-json\/wp\/v2\/types\/product"}],"wp:featuredmedia":[{"embeddable":true,"href":"https:\/\/roigk.de\/fr\/wp-json\/wp\/v2\/media\/8455"}],"wp:attachment":[{"href":"https:\/\/roigk.de\/fr\/wp-json\/wp\/v2\/media?parent=16365"}],"wp:term":[{"taxonomy":"product_brand","embeddable":true,"href":"https:\/\/roigk.de\/fr\/wp-json\/wp\/v2\/product_brand?post=16365"},{"taxonomy":"product_cat","embeddable":true,"href":"https:\/\/roigk.de\/fr\/wp-json\/wp\/v2\/product_cat?post=16365"},{"taxonomy":"product_tag","embeddable":true,"href":"https:\/\/roigk.de\/fr\/wp-json\/wp\/v2\/product_tag?post=16365"}],"curies":[{"name":"wp","href":"https:\/\/api.w.org\/{rel}","templated":true}]}}