{"id":16367,"date":"2020-07-20T14:35:03","date_gmt":"2021-01-19T22:18:05","guid":{"rendered":"http:\/\/roigk.de\/produkt\/o-dispositif-de-reglage-electrique-a-piles-r-14-be-pour-elevateur-de-piscine-r10be\/"},"modified":"2021-09-21T15:41:28","modified_gmt":"2021-09-21T15:41:28","slug":"o-dispositif-de-reglage-electrique-a-piles-r-14-be-pour-elevateur-de-piscine-r10be","status":"publish","type":"product","link":"https:\/\/roigk.de\/fr\/o-dispositif-de-reglage-electrique-a-piles-r-14-be-pour-elevateur-de-piscine-r10be\/","title":{"rendered":"O# Dispositif de r\u00e9glage \u00e9lectrique \u00e0 piles R14BE (pour \u00e9l\u00e9vateur de piscine R10BE)"},"content":{"rendered":"","protected":false},"excerpt":{"rendered":"<p>Avec batterie de 24 volts. Au lieu d&#8217;un syst\u00e8me de pompe hydraulique. Pour une installation imm\u00e9diate en cours de production.<\/p>\n","protected":false},"featured_media":9714,"template":"","meta":{"_acf_changed":false},"product_brand":[],"product_cat":[157],"product_tag":[],"class_list":{"0":"post-16367","1":"product","2":"type-product","3":"status-publish","4":"has-post-thumbnail","6":"product_cat-elevateur-de-piscine","8":"first","9":"instock","10":"taxable","11":"shipping-taxable","12":"purchasable","13":"product-type-simple"},"acf":[],"_links":{"self":[{"href":"https:\/\/roigk.de\/fr\/wp-json\/wp\/v2\/product\/16367","targetHints":{"allow":["GET"]}}],"collection":[{"href":"https:\/\/roigk.de\/fr\/wp-json\/wp\/v2\/product"}],"about":[{"href":"https:\/\/roigk.de\/fr\/wp-json\/wp\/v2\/types\/product"}],"wp:featuredmedia":[{"embeddable":true,"href":"https:\/\/roigk.de\/fr\/wp-json\/wp\/v2\/media\/9714"}],"wp:attachment":[{"href":"https:\/\/roigk.de\/fr\/wp-json\/wp\/v2\/media?parent=16367"}],"wp:term":[{"taxonomy":"product_brand","embeddable":true,"href":"https:\/\/roigk.de\/fr\/wp-json\/wp\/v2\/product_brand?post=16367"},{"taxonomy":"product_cat","embeddable":true,"href":"https:\/\/roigk.de\/fr\/wp-json\/wp\/v2\/product_cat?post=16367"},{"taxonomy":"product_tag","embeddable":true,"href":"https:\/\/roigk.de\/fr\/wp-json\/wp\/v2\/product_tag?post=16367"}],"curies":[{"name":"wp","href":"https:\/\/api.w.org\/{rel}","templated":true}]}}