{"id":16371,"date":"2020-07-20T14:42:55","date_gmt":"2020-07-20T14:42:55","guid":{"rendered":"http:\/\/roigk.de\/produkt\/tour-dobservation-r160-1\/"},"modified":"2026-01-21T08:15:01","modified_gmt":"2026-01-21T08:15:01","slug":"tour-dobservation-r160-1","status":"publish","type":"product","link":"https:\/\/roigk.de\/fr\/tour-dobservation-r160-1\/","title":{"rendered":"Tour d&rsquo;observation R160-1"},"content":{"rendered":"","protected":false},"excerpt":{"rendered":"<p>La s\u00e9curit\u00e9 des baigneurs est une priorit\u00e9 absolue, en particulier dans les piscines ext\u00e9rieures bond\u00e9es. Les ma\u00eetres-nageurs ont besoin d&rsquo;une vue optimale pour assurer la s\u00e9curit\u00e9. Notre tour d&rsquo;observation, d\u00e9velopp\u00e9e selon les suggestions des ma\u00eetres-nageurs, offre la combinaison id\u00e9ale de stabilit\u00e9, fonctionnalit\u00e9 et design.<\/p>\n<p>Vos avantages :<\/p>\n<p>&#8211; Profitez d&rsquo;une s\u00e9curit\u00e9 maximale gr\u00e2ce \u00e0 notre porte de s\u00e9curit\u00e9 et au respect des r\u00e9glementations en mati\u00e8re de s\u00e9curit\u00e9 au travail.<br \/>&#8211; Comptez sur la durabilit\u00e9 et la stabilit\u00e9 de nos mat\u00e9riaux en acier inoxydable V4A (1.4571) r\u00e9sistant \u00e0 la rouille et en GfK dans une construction esth\u00e9tique.<br \/>&#8211; Personnalisez la tour avec des couleurs sp\u00e9ciales ou des designs sp\u00e9ciaux en option selon vos besoins.<br \/>&#8211; B\u00e9n\u00e9ficiez d&rsquo;une taille de cabine confortable et d&rsquo;un design attrayant, \u00e0 la fois visuellement et fonctionnellement impressionnant.<br \/>&#8211; Appr\u00e9ciez la r\u00e9sistance aux intemp\u00e9ries qui fait de la tour un compagnon id\u00e9al pour les piscines ext\u00e9rieures.<\/p>\n<p>La tour d&rsquo;observation id\u00e9ale pour les ma\u00eetres-nageurs est essentielle pour la s\u00e9curit\u00e9 et le bien-\u00eatre dans les piscines ext\u00e9rieures.<\/p>\n","protected":false},"featured_media":10384,"template":"","meta":{"_acf_changed":false},"product_brand":[],"product_cat":[154],"product_tag":[],"class_list":{"0":"post-16371","1":"product","2":"type-product","3":"status-publish","4":"has-post-thumbnail","6":"product_cat-materiel-de-secours-equipements-de-salle-de-premiers-secours-et-signalisation","8":"first","9":"instock","10":"taxable","11":"shipping-taxable","12":"purchasable","13":"product-type-simple"},"acf":[],"_links":{"self":[{"href":"https:\/\/roigk.de\/fr\/wp-json\/wp\/v2\/product\/16371","targetHints":{"allow":["GET"]}}],"collection":[{"href":"https:\/\/roigk.de\/fr\/wp-json\/wp\/v2\/product"}],"about":[{"href":"https:\/\/roigk.de\/fr\/wp-json\/wp\/v2\/types\/product"}],"wp:featuredmedia":[{"embeddable":true,"href":"https:\/\/roigk.de\/fr\/wp-json\/wp\/v2\/media\/10384"}],"wp:attachment":[{"href":"https:\/\/roigk.de\/fr\/wp-json\/wp\/v2\/media?parent=16371"}],"wp:term":[{"taxonomy":"product_brand","embeddable":true,"href":"https:\/\/roigk.de\/fr\/wp-json\/wp\/v2\/product_brand?post=16371"},{"taxonomy":"product_cat","embeddable":true,"href":"https:\/\/roigk.de\/fr\/wp-json\/wp\/v2\/product_cat?post=16371"},{"taxonomy":"product_tag","embeddable":true,"href":"https:\/\/roigk.de\/fr\/wp-json\/wp\/v2\/product_tag?post=16371"}],"curies":[{"name":"wp","href":"https:\/\/api.w.org\/{rel}","templated":true}]}}