{"id":16375,"date":"2020-10-31T23:43:57","date_gmt":"2020-10-31T23:43:57","guid":{"rendered":"http:\/\/roigk.de\/produkt\/passage-de-dalle-pour-lignes-de-nage-120-mm-r161102\/"},"modified":"2026-01-21T08:15:17","modified_gmt":"2026-01-21T08:15:17","slug":"passage-de-dalle-pour-lignes-de-nage-120-mm-r161102","status":"publish","type":"product","link":"https:\/\/roigk.de\/fr\/passage-de-dalle-pour-lignes-de-nage-120-mm-r161102\/","title":{"rendered":"Passage de dalle pour lignes de nage 120 mm R161102"},"content":{"rendered":"","protected":false},"excerpt":{"rendered":"<p>Le tube de travers\u00e9e stable est \u00e9quip\u00e9 d&#8217;un couvercle \u00e9tanche avec un anneau de fixation pour l&#8217;attache de la ligne de nage. Le rouleau de guidage rabattable prot\u00e8ge la ligne de nage et facilite la manipulation. Ne doit pas \u00eatre ouvert par des personnes non autoris\u00e9es. Le couvercle est \u00e9quip\u00e9 d&#8217;une surface en acier inoxydable rainur\u00e9e antid\u00e9rapante ou, en option, d&#8217;un pon\u00e7age color\u00e9 en fibre de verre renforc\u00e9e (classe de glissement C). Une bride d&#8217;\u00e9tanch\u00e9it\u00e9 optionnelle peut \u00eatre soud\u00e9e pour une \u00e9tanch\u00e9it\u00e9 alternative.&nbsp;<\/p>\n<p>Diam\u00e8tre maximal de la ligne : environ 120 mm.<br \/>Taille du tuyau : \u00d8 220 mm<br \/>Longueur : 465 mm ou longueur sp\u00e9ciale<br \/>Positionnement : dans la piscine int\u00e9rieure dans le prolongement des lignes de couloirs de nage dans l&#8217;entourage de la piscine.<br \/>Mat\u00e9riau : acier inoxydable V4A (1.4571)<\/p>\n","protected":false},"featured_media":14145,"template":"","meta":{"_acf_changed":false},"product_brand":[],"product_cat":[158],"product_tag":[],"class_list":{"0":"post-16375","1":"product","2":"type-product","3":"status-publish","4":"has-post-thumbnail","6":"product_cat-lignes-de-nage-lignes-de-separation-et-douilles-de-sol","8":"first","9":"instock","10":"taxable","11":"shipping-taxable","12":"purchasable","13":"product-type-simple"},"acf":[],"_links":{"self":[{"href":"https:\/\/roigk.de\/fr\/wp-json\/wp\/v2\/product\/16375","targetHints":{"allow":["GET"]}}],"collection":[{"href":"https:\/\/roigk.de\/fr\/wp-json\/wp\/v2\/product"}],"about":[{"href":"https:\/\/roigk.de\/fr\/wp-json\/wp\/v2\/types\/product"}],"wp:featuredmedia":[{"embeddable":true,"href":"https:\/\/roigk.de\/fr\/wp-json\/wp\/v2\/media\/14145"}],"wp:attachment":[{"href":"https:\/\/roigk.de\/fr\/wp-json\/wp\/v2\/media?parent=16375"}],"wp:term":[{"taxonomy":"product_brand","embeddable":true,"href":"https:\/\/roigk.de\/fr\/wp-json\/wp\/v2\/product_brand?post=16375"},{"taxonomy":"product_cat","embeddable":true,"href":"https:\/\/roigk.de\/fr\/wp-json\/wp\/v2\/product_cat?post=16375"},{"taxonomy":"product_tag","embeddable":true,"href":"https:\/\/roigk.de\/fr\/wp-json\/wp\/v2\/product_tag?post=16375"}],"curies":[{"name":"wp","href":"https:\/\/api.w.org\/{rel}","templated":true}]}}