{"id":16385,"date":"2020-07-20T15:24:14","date_gmt":"2020-07-20T15:24:14","guid":{"rendered":"http:\/\/roigk.de\/produkt\/wave-trois-queues-deau-ps0137-10\/"},"modified":"2026-01-21T08:15:54","modified_gmt":"2026-01-21T08:15:54","slug":"wave-drei-wasserschweife-ps0137-10","status":"publish","type":"product","link":"https:\/\/roigk.de\/fr\/wave-drei-wasserschweife-ps0137-10\/","title":{"rendered":"WAVE Groupe 3 jets queue d&rsquo;eau PS0137-10"},"content":{"rendered":"<p>WAVE Syst\u00e8me de buses de sol &#8211; 3 jets d&rsquo;eau Syst\u00e8me de buses de sol compos\u00e9 d&rsquo;au moins 3 effets d&rsquo;eau laminaires fins sous forme de jets d&rsquo;eau ; ex\u00e9cution, documentation et fourniture obligatoirement conformes \u00e0 la norme EN 13451. Mat\u00e9riaux, type de r\u00e9alisation : \u00e9l\u00e9ments de buse et pi\u00e8ces de montage, syst\u00e8mes de fixation au moins en acier inoxydable 1.4571, la surface des \u00e9l\u00e9ments de buse doit \u00eatre model\u00e9e et con\u00e7ue en vue d&rsquo;une vie de sonde \u00e0 affinit\u00e9 avec l&rsquo;eau ; les buses planes ou les pi\u00e8ces de montage \u00e0 terminaison horizontale plane ne remplissent pas cette exigence ; \u00e9l\u00e9ments de buse avec aide au montage anti-vandalisme \u00e0 visser dans les pi\u00e8ces de montage ; obligatoirement avec filetage \u00e0 visser Whitworth selon DIN ISO 228. Dimensions : corps de buse visible env. 90 mm Drm. Effet(s) d&rsquo;eau : 3 queues d&rsquo;eau laminaires dispos\u00e9es en \u00e9toile ; queues d&rsquo;eau sous forme de multiples jets de volume doux. L&rsquo;orientation de chaque faisceau peut \u00eatre r\u00e9gl\u00e9e manuellement sur place dans toutes les directions (unidimensionnelle). Syst\u00e8me d&rsquo;ancrage au sol : la buse et l&rsquo;ancrage au sol forment une unit\u00e9 fonctionnelle. Seuls des syst\u00e8mes d&rsquo;ancrage au sol uniformes et similaires peuvent \u00eatre utilis\u00e9s pour les buses de sol au sein d&rsquo;une aire de jeux d&rsquo;eau. C&rsquo;est pourquoi il faut imp\u00e9rativement installer les ancrages de sol du fabricant de l&rsquo;attraction aquatique, avec l&rsquo;option de pouvoir installer sur l&rsquo;ancrage de sol, au niveau du sol, diff\u00e9rentes buses de sol (par ex. brouillard d&rsquo;eau, calices d&rsquo;eau, queues d&rsquo;eau, etc.) au lieu de la buse d\u00e9crite dans l&rsquo;appel d&rsquo;offres. (ancrage au sol dans une position s\u00e9par\u00e9e) Exigences hydrauliques : Les d\u00e9bits doivent \u00eatre optimis\u00e9s en termes de vie des joueurs et de d\u00e9bit d&rsquo;eau ; d\u00e9bit max. d\u00e9bit admissible 39 &#8211; 55 l\/min ; Les effets de l&rsquo;eau des d\u00e9bits min. indiqu\u00e9s ci-dessus et max. Les d\u00e9bits d&rsquo;eau autoris\u00e9s doivent \u00eatre document\u00e9s par des enregistrements vid\u00e9o. Les caract\u00e9ristiques requises doivent imp\u00e9rativement \u00eatre justifi\u00e9es au moyen de fiches techniques accompagn\u00e9es de photos\/rendues, qui doivent \u00eatre jointes \u00e0 l&rsquo;offre lors de sa remise pour pouvoir \u00eatre \u00e9valu\u00e9es. Marque : Roigk Drei Wasserschweife PS0137-10 (www.roigk.de) ou type \u00e9quivalent Marque propos\u00e9e : &#8230;&#8230;&#8230;&#8230;&#8230;&#8230;&#8230;&#8230;&#8230;&#8230;&#8230;&#8230;&#8230;&#8230;&#8230;&#8230;&#8230;<\/p>\n","protected":false},"excerpt":{"rendered":"<p>Amusement aquatique interactif et de nombreux jets doux en forme d&#8217;\u00e9ventail.<\/p>\n<p>Quantit\u00e9 d&#8217;eau : 39 \u00e0 55 l\/min<br \/>Pression de l&#8217;eau : 0,1 \u00e0 0,2 bar<br \/>Groupe cible : enfants et nourrissons<br \/>Positionnement : zones de plans d&#8217;eau ou zones pi\u00e9tonnes (WT max. = 0 mm)<\/p>\n","protected":false},"featured_media":11873,"template":"","meta":{"_acf_changed":false},"product_brand":[],"product_cat":[186],"product_tag":[],"class_list":{"0":"post-16385","1":"product","2":"type-product","3":"status-publish","4":"has-post-thumbnail","6":"product_cat-wave-de-rigolos-jets-deau","8":"first","9":"instock","10":"taxable","11":"shipping-taxable","12":"purchasable","13":"product-type-simple"},"acf":[],"_links":{"self":[{"href":"https:\/\/roigk.de\/fr\/wp-json\/wp\/v2\/product\/16385","targetHints":{"allow":["GET"]}}],"collection":[{"href":"https:\/\/roigk.de\/fr\/wp-json\/wp\/v2\/product"}],"about":[{"href":"https:\/\/roigk.de\/fr\/wp-json\/wp\/v2\/types\/product"}],"wp:featuredmedia":[{"embeddable":true,"href":"https:\/\/roigk.de\/fr\/wp-json\/wp\/v2\/media\/11873"}],"wp:attachment":[{"href":"https:\/\/roigk.de\/fr\/wp-json\/wp\/v2\/media?parent=16385"}],"wp:term":[{"taxonomy":"product_brand","embeddable":true,"href":"https:\/\/roigk.de\/fr\/wp-json\/wp\/v2\/product_brand?post=16385"},{"taxonomy":"product_cat","embeddable":true,"href":"https:\/\/roigk.de\/fr\/wp-json\/wp\/v2\/product_cat?post=16385"},{"taxonomy":"product_tag","embeddable":true,"href":"https:\/\/roigk.de\/fr\/wp-json\/wp\/v2\/product_tag?post=16385"}],"curies":[{"name":"wp","href":"https:\/\/api.w.org\/{rel}","templated":true}]}}