{"id":16405,"date":"2020-07-20T15:25:49","date_gmt":"2020-07-20T15:25:49","guid":{"rendered":"http:\/\/roigk.de\/produkt\/wave-ventilateurs-deau-ps0125-10\/"},"modified":"2026-01-21T08:16:45","modified_gmt":"2026-01-21T08:16:45","slug":"wave-wasserfaecher-ps0125-10","status":"publish","type":"product","link":"https:\/\/roigk.de\/fr\/wave-wasserfaecher-ps0125-10\/","title":{"rendered":"WAVE Jet \u00e9ventail PS0125-10"},"content":{"rendered":"<p>Buse de sol WAVE &#8211; \u00e9ventail d&rsquo;eau Buse de sol r\u00e9glable avec jet en \u00e9ventail ajustable ult\u00e9rieurement dans toutes les directions. Ex\u00e9cution, documentations et \u00e9tendue de la livraison obligatoirement conformes \u00e0 la norme EN 13451. Mat\u00e9riaux, type de r\u00e9alisation : \u00e9l\u00e9ments de buse et pi\u00e8ces de montage, syst\u00e8mes de fixation au moins en acier inoxydable 1.4571, la surface de l&rsquo;\u00e9l\u00e9ment de buse doit \u00eatre model\u00e9e et con\u00e7ue en vue d&rsquo;une vie de la sonde en affinit\u00e9 avec l&rsquo;eau ; les buses planes ou les pi\u00e8ces de montage avec une terminaison plane horizontale ne remplissent pas cette exigence ; \u00e9l\u00e9ment de buse avec aide au montage anti-vandalisme \u00e0 visser dans la pi\u00e8ce de montage ; obligatoirement avec un type de filetage r\u00e9sistant \u00e0 la salet\u00e9 et aux chantiers. Dimensions : corps de buse visible env. 90 mm Drm. Effet(s) d&rsquo;eau : jet en \u00e9ventail comme jet volum\u00e9trique doux multiple. L&rsquo;orientation du faisceau peut \u00eatre r\u00e9gl\u00e9e manuellement sur place dans toutes les directions. Syst\u00e8me d&rsquo;ancrage au sol : la buse et l&rsquo;ancrage au sol forment une unit\u00e9 fonctionnelle. Seuls des syst\u00e8mes d&rsquo;ancrage au sol uniformes et similaires peuvent \u00eatre utilis\u00e9s pour les buses de sol au sein d&rsquo;une aire de jeux d&rsquo;eau. C&rsquo;est pourquoi il faut imp\u00e9rativement installer les ancrages de sol du fabricant de l&rsquo;attraction aquatique, avec l&rsquo;option de pouvoir installer sur l&rsquo;ancrage de sol, au niveau du sol, diff\u00e9rentes buses de sol (par ex. brouillard d&rsquo;eau, calices d&rsquo;eau, queues d&rsquo;eau, etc.) au lieu de la buse d\u00e9crite dans l&rsquo;appel d&rsquo;offres. (ancrage au sol dans une position s\u00e9par\u00e9e) Exigences hydrauliques : Les d\u00e9bits doivent \u00eatre optimis\u00e9s en termes de vie des joueurs et de d\u00e9bit d&rsquo;eau ; d\u00e9bit max. d\u00e9bit admissible 14 &#8211; 25 l\/min ; Les effets de l&rsquo;eau des min. et max. Les d\u00e9bits d&rsquo;eau autoris\u00e9s doivent \u00eatre document\u00e9s par des enregistrements vid\u00e9o. Les caract\u00e9ristiques requises doivent imp\u00e9rativement \u00eatre justifi\u00e9es au moyen de fiches techniques accompagn\u00e9es de photos\/rendues, qui doivent \u00eatre jointes \u00e0 l&rsquo;offre lors de sa remise pour pouvoir \u00eatre \u00e9valu\u00e9es. Marque : Roigk WAVE \u00e9ventail d&rsquo;eau PS0125-10 (www.roigk.de) ou type \u00e9quivalent Marque propos\u00e9e : &#8230;&#8230;&#8230;&#8230;&#8230;&#8230;&#8230;&#8230;&#8230;&#8230;&#8230;&#8230;&#8230;&#8230;&#8230;&#8230;&#8230;<\/p>\n","protected":false},"excerpt":{"rendered":"<p>Un jeu pour toucher et exp\u00e9rimenter avec de doux rayons sous forme d&#8217;\u00e9ventail. Une cascade d&#8217;eau \u00e0 haut r\u00e9gime cr\u00e9e une sorte de mur d&#8217;eau avec sa propre fonction ludique.<\/p>\n<p>Quantit\u00e9 d&#8217;eau : 14 \u00e0 25 l\/min<br \/>Pression de l&#8217;eau : 0,1 \u00e0 0,3 bar<br \/>Groupe cible : enfants et nourrissons (en fonction de la hauteur de pulv\u00e9risation fix\u00e9e)<br \/>Positionnement : zones de plans d&#8217;eau ou zones pi\u00e9tonnes (WT max. = 0 mm)<\/p>\n","protected":false},"featured_media":28743,"template":"","meta":{"_acf_changed":false},"product_brand":[],"product_cat":[186],"product_tag":[],"class_list":{"0":"post-16405","1":"product","2":"type-product","3":"status-publish","4":"has-post-thumbnail","6":"product_cat-wave-de-rigolos-jets-deau","8":"first","9":"instock","10":"taxable","11":"shipping-taxable","12":"purchasable","13":"product-type-simple"},"acf":[],"_links":{"self":[{"href":"https:\/\/roigk.de\/fr\/wp-json\/wp\/v2\/product\/16405","targetHints":{"allow":["GET"]}}],"collection":[{"href":"https:\/\/roigk.de\/fr\/wp-json\/wp\/v2\/product"}],"about":[{"href":"https:\/\/roigk.de\/fr\/wp-json\/wp\/v2\/types\/product"}],"wp:featuredmedia":[{"embeddable":true,"href":"https:\/\/roigk.de\/fr\/wp-json\/wp\/v2\/media\/28743"}],"wp:attachment":[{"href":"https:\/\/roigk.de\/fr\/wp-json\/wp\/v2\/media?parent=16405"}],"wp:term":[{"taxonomy":"product_brand","embeddable":true,"href":"https:\/\/roigk.de\/fr\/wp-json\/wp\/v2\/product_brand?post=16405"},{"taxonomy":"product_cat","embeddable":true,"href":"https:\/\/roigk.de\/fr\/wp-json\/wp\/v2\/product_cat?post=16405"},{"taxonomy":"product_tag","embeddable":true,"href":"https:\/\/roigk.de\/fr\/wp-json\/wp\/v2\/product_tag?post=16405"}],"curies":[{"name":"wp","href":"https:\/\/api.w.org\/{rel}","templated":true}]}}