{"id":16407,"date":"2020-07-20T15:25:56","date_gmt":"2020-07-20T15:25:56","guid":{"rendered":"http:\/\/roigk.de\/produkt\/wave-anneau-deau-fontaine-equipe-r201602-50\/"},"modified":"2026-01-21T08:16:52","modified_gmt":"2026-01-21T08:16:52","slug":"wave-wasserring-mannschaft-r201602-50","status":"publish","type":"product","link":"https:\/\/roigk.de\/fr\/wave-wasserring-mannschaft-r201602-50\/","title":{"rendered":"WAVE Anneau d&rsquo;eau fontaine (\u00e9quipe) R201602-50"},"content":{"rendered":"<p>Syst\u00e8me de buses de sol WAVE Anneau d&rsquo;eau\/\u00e9quipe<br \/>\nSyst\u00e8me de buses de sol dispos\u00e9es en cercle, compos\u00e9 d&rsquo;au moins 12 jets verticaux sur l&rsquo;anneau et d&rsquo;un jet de fontaine central \u00e0 plusieurs jets ; ex\u00e9cution, documentations et \u00e9tendue de la livraison obligatoirement conformes \u00e0 la norme EN 13451. Mat\u00e9riaux,<br \/>\nType de r\u00e9alisation : \u00e9l\u00e9ments de buse et pi\u00e8ces de montage, syst\u00e8mes de fixation au moins en acier inoxydable 1.4571, la surface des \u00e9l\u00e9ments de buse doit \u00eatre model\u00e9e et con\u00e7ue en vue d&rsquo;une vie de la sonde en affinit\u00e9 avec l&rsquo;eau ; les buses planes ou les pi\u00e8ces de montage \u00e0 terminaison horizontale plane ne remplissent pas cette exigence ; \u00e9l\u00e9ments de buse avec aide au montage anti-vandalisme \u00e0 visser dans la<br \/>\nSyst\u00e8me d&rsquo;ancrage au sol : la buse et l&rsquo;ancrage au sol forment une unit\u00e9 fonctionnelle. Seuls des syst\u00e8mes d&rsquo;ancrage au sol uniformes et similaires peuvent \u00eatre utilis\u00e9s pour les buses de sol au sein d&rsquo;une aire de jeux d&rsquo;eau. C&rsquo;est pourquoi il faut imp\u00e9rativement installer les ancrages de sol du fabricant de l&rsquo;attraction aquatique, avec l&rsquo;option de pouvoir installer sur l&rsquo;ancrage de sol, au niveau du sol, diff\u00e9rentes buses de sol (par ex. brouillard d&rsquo;eau, calices d&rsquo;eau, queues d&rsquo;eau, etc.) au lieu de la buse d\u00e9crite dans l&rsquo;appel d&rsquo;offres. (ancrage au sol dans une position s\u00e9par\u00e9e)<br \/>\nExigences hydrauliques : Les d\u00e9bits doivent \u00eatre optimis\u00e9s en termes de vie des joueurs et de d\u00e9bit d&rsquo;eau ; d\u00e9bit max. d\u00e9bit autoris\u00e9 3-6 m\u00b3\/h ; les effets de l&rsquo;eau des d\u00e9bits min. indiqu\u00e9s ci-dessus et max. Les d\u00e9bits d&rsquo;eau autoris\u00e9s doivent \u00eatre document\u00e9s par des enregistrements vid\u00e9o. Les caract\u00e9ristiques requises doivent imp\u00e9rativement \u00eatre justifi\u00e9es au moyen de fiches techniques accompagn\u00e9es de photos\/rendues, qui doivent \u00eatre jointes \u00e0 l&rsquo;offre lors de sa remise pour pouvoir \u00eatre \u00e9valu\u00e9es.<br \/>\nMarque : Roigk Wasserring Mannschaft R201602-50 (www.roigk.de) ou type \u00e9quivalent Marque propos\u00e9e : &#8230;&#8230;&#8230;&#8230;&#8230;&#8230;&#8230;&#8230;&#8230;&#8230;&#8230;&#8230;&#8230;&#8230;&#8230;&#8230;&#8230;<\/p>\n","protected":false},"excerpt":{"rendered":"<p>Cet anneau aquatique amusant est comme une fontaine avec 12 jets verticaux isol\u00e9s et un s\u00e9choir central \u00e0&nbsp;<span>jets multiples<\/span>.&nbsp;<\/p>\n","protected":false},"featured_media":12025,"template":"","meta":{"_acf_changed":false},"product_brand":[],"product_cat":[186],"product_tag":[],"class_list":{"0":"post-16407","1":"product","2":"type-product","3":"status-publish","4":"has-post-thumbnail","6":"product_cat-wave-de-rigolos-jets-deau","8":"first","9":"instock","10":"taxable","11":"shipping-taxable","12":"purchasable","13":"product-type-simple"},"acf":[],"_links":{"self":[{"href":"https:\/\/roigk.de\/fr\/wp-json\/wp\/v2\/product\/16407","targetHints":{"allow":["GET"]}}],"collection":[{"href":"https:\/\/roigk.de\/fr\/wp-json\/wp\/v2\/product"}],"about":[{"href":"https:\/\/roigk.de\/fr\/wp-json\/wp\/v2\/types\/product"}],"wp:featuredmedia":[{"embeddable":true,"href":"https:\/\/roigk.de\/fr\/wp-json\/wp\/v2\/media\/12025"}],"wp:attachment":[{"href":"https:\/\/roigk.de\/fr\/wp-json\/wp\/v2\/media?parent=16407"}],"wp:term":[{"taxonomy":"product_brand","embeddable":true,"href":"https:\/\/roigk.de\/fr\/wp-json\/wp\/v2\/product_brand?post=16407"},{"taxonomy":"product_cat","embeddable":true,"href":"https:\/\/roigk.de\/fr\/wp-json\/wp\/v2\/product_cat?post=16407"},{"taxonomy":"product_tag","embeddable":true,"href":"https:\/\/roigk.de\/fr\/wp-json\/wp\/v2\/product_tag?post=16407"}],"curies":[{"name":"wp","href":"https:\/\/api.w.org\/{rel}","templated":true}]}}