{"id":16421,"date":"2020-07-20T15:26:02","date_gmt":"2020-07-20T15:26:02","guid":{"rendered":"http:\/\/roigk.de\/produkt\/wave-mousse-deau-ps0141-10\/"},"modified":"2026-01-21T08:17:25","modified_gmt":"2026-01-21T08:17:25","slug":"wave-wasserschaum-ps0141-10","status":"publish","type":"product","link":"https:\/\/roigk.de\/fr\/wave-wasserschaum-ps0141-10\/","title":{"rendered":"WAVE Jet mousse d&rsquo;eau PS0141-10"},"content":{"rendered":"<p>Buse de sol WAVE &#8211; Buse de sol \u00e0 mousse d&rsquo;eau avec effet de mousse d&rsquo;eau volumineux, doux, a\u00e9r\u00e9 et bondissant ; ex\u00e9cution, documentations et contenu de la livraison obligatoirement conformes \u00e0 la norme DIN EN 13451. Mat\u00e9riaux, type de r\u00e9alisation : \u00e9l\u00e9ments de buse et pi\u00e8ces de montage, syst\u00e8mes de fixation au moins en acier inoxydable 1.4571, la surface de l&rsquo;\u00e9l\u00e9ment de buse doit \u00eatre model\u00e9e et con\u00e7ue en vue d&rsquo;une vie de la sonde en affinit\u00e9 avec l&rsquo;eau ; les buses planes ou les pi\u00e8ces de montage avec une terminaison plane horizontale ne remplissent pas cette exigence ; \u00e9l\u00e9ment de buse avec aide au montage anti-vandalisme \u00e0 visser dans la pi\u00e8ce de montage ; obligatoirement avec un type de filetage r\u00e9sistant \u00e0 la salet\u00e9 et aux chantiers. Dimensions : corps de buse visible env. 90 mm Drm. Effet(s) d&rsquo;eau : Buse de sol avec effet mousse d&rsquo;eau Syst\u00e8me d&rsquo;ancrage au sol pour buses de sol : Syst\u00e8me d&rsquo;ancrage au sol : la buse et l&rsquo;ancrage au sol forment une unit\u00e9 fonctionnelle. Seuls des syst\u00e8mes d&rsquo;ancrage au sol uniformes et similaires peuvent \u00eatre utilis\u00e9s pour les buses de sol au sein d&rsquo;une aire de jeux d&rsquo;eau. C&rsquo;est pourquoi il faut imp\u00e9rativement installer les ancrages de sol du fabricant de l&rsquo;attraction aquatique, avec l&rsquo;option de pouvoir installer sur l&rsquo;ancrage de sol, au niveau du sol, diff\u00e9rentes buses de sol (par ex. brouillard d&rsquo;eau, calices d&rsquo;eau, queues d&rsquo;eau, etc.) au lieu de la buse d\u00e9crite dans l&rsquo;appel d&rsquo;offres. (ancrage au sol dans une position s\u00e9par\u00e9e) Exigences hydrauliques : Les d\u00e9bits doivent \u00eatre optimis\u00e9s en termes de vie des joueurs et de d\u00e9bit d&rsquo;eau ; d\u00e9bit max. d\u00e9bit autoris\u00e9 55 &#8211; 100 l\/min. Les effets de l&rsquo;eau des min. indiqu\u00e9s ci-dessus et max. Les d\u00e9bits d&rsquo;eau autoris\u00e9s doivent \u00eatre document\u00e9s par des enregistrements vid\u00e9o. Les caract\u00e9ristiques requises doivent imp\u00e9rativement \u00eatre justifi\u00e9es au moyen de fiches techniques accompagn\u00e9es de photos\/rendues, qui doivent \u00eatre jointes \u00e0 l&rsquo;offre lors de sa remise pour pouvoir \u00eatre \u00e9valu\u00e9es. Marque : Mousse \u00e0 l&rsquo;eau Roigk PS0141-10 (www.roigk.de) ou type \u00e9quivalent Marque propos\u00e9e : &#8230;&#8230;&#8230;&#8230;&#8230;&#8230;&#8230;&#8230;&#8230;&#8230;&#8230;&#8230;&#8230;&#8230;&#8230;&#8230;&#8230;<\/p>\n","protected":false},"excerpt":{"rendered":"<p>Buses d&#8217;eau pour jouer, ressentir et arroser. Une grande exp\u00e9rience aquatique avec un effet de mousse volumineuse, douce et a\u00e9rienne pour \u00e9tonner.<\/p>\n<p>Quantit\u00e9 d&#8217;eau : 55 \u00e0 100 l\/min<br \/>Pression de l&#8217;eau : 0,2 \u00e0 0,7 bar<br \/>Groupe cible : enfants et nourrissons<br \/>Positionnement : zones de plans d&#8217;eau ou zones pi\u00e9tonnes (WT max. = 0 mm)<\/p>\n","protected":false},"featured_media":12034,"template":"","meta":{"_acf_changed":false},"product_brand":[],"product_cat":[186],"product_tag":[],"class_list":{"0":"post-16421","1":"product","2":"type-product","3":"status-publish","4":"has-post-thumbnail","6":"product_cat-wave-de-rigolos-jets-deau","8":"first","9":"instock","10":"taxable","11":"shipping-taxable","12":"purchasable","13":"product-type-simple"},"acf":[],"_links":{"self":[{"href":"https:\/\/roigk.de\/fr\/wp-json\/wp\/v2\/product\/16421","targetHints":{"allow":["GET"]}}],"collection":[{"href":"https:\/\/roigk.de\/fr\/wp-json\/wp\/v2\/product"}],"about":[{"href":"https:\/\/roigk.de\/fr\/wp-json\/wp\/v2\/types\/product"}],"wp:featuredmedia":[{"embeddable":true,"href":"https:\/\/roigk.de\/fr\/wp-json\/wp\/v2\/media\/12034"}],"wp:attachment":[{"href":"https:\/\/roigk.de\/fr\/wp-json\/wp\/v2\/media?parent=16421"}],"wp:term":[{"taxonomy":"product_brand","embeddable":true,"href":"https:\/\/roigk.de\/fr\/wp-json\/wp\/v2\/product_brand?post=16421"},{"taxonomy":"product_cat","embeddable":true,"href":"https:\/\/roigk.de\/fr\/wp-json\/wp\/v2\/product_cat?post=16421"},{"taxonomy":"product_tag","embeddable":true,"href":"https:\/\/roigk.de\/fr\/wp-json\/wp\/v2\/product_tag?post=16421"}],"curies":[{"name":"wp","href":"https:\/\/api.w.org\/{rel}","templated":true}]}}