{"id":16435,"date":"2020-07-20T14:25:00","date_gmt":"2020-07-20T14:25:00","guid":{"rendered":"http:\/\/roigk.de\/produkt\/e-bouchon-de-douille-de-sol-bouchon-champignon-8-degres-r771171-pour-les-douilles-de-sol\/"},"modified":"2026-01-21T08:18:16","modified_gmt":"2026-01-21T08:18:16","slug":"e-bouchon-de-douille-de-sol-bouchon-champignon-8-degres-r771171-pour-les-douilles-de-sol","status":"publish","type":"product","link":"https:\/\/roigk.de\/fr\/e-bouchon-de-douille-de-sol-bouchon-champignon-8-degres-r771171-pour-les-douilles-de-sol\/","title":{"rendered":"E# Bouchon de douille de sol &#8211; bouchon champignon 8 degr\u00e9s R771171 (pour les douilles de sol)"},"content":{"rendered":"","protected":false},"excerpt":{"rendered":"<p>Avec couvercle incurv\u00e9 et tube de guidage pour douille de sol R771172, inclin\u00e9 \u00e0 8 degr\u00e9s<br \/>Mat\u00e9riau : acier inoxydable V4A (1.4571)<\/p>\n","protected":false},"featured_media":8944,"template":"","meta":{"_acf_changed":false},"product_brand":[],"product_cat":[141],"product_tag":[],"class_list":{"0":"post-16435","1":"product","2":"type-product","3":"status-publish","4":"has-post-thumbnail","6":"product_cat-lignes-pieces-detachees","8":"first","9":"instock","10":"taxable","11":"shipping-taxable","12":"purchasable","13":"product-type-simple"},"acf":[],"_links":{"self":[{"href":"https:\/\/roigk.de\/fr\/wp-json\/wp\/v2\/product\/16435","targetHints":{"allow":["GET"]}}],"collection":[{"href":"https:\/\/roigk.de\/fr\/wp-json\/wp\/v2\/product"}],"about":[{"href":"https:\/\/roigk.de\/fr\/wp-json\/wp\/v2\/types\/product"}],"wp:featuredmedia":[{"embeddable":true,"href":"https:\/\/roigk.de\/fr\/wp-json\/wp\/v2\/media\/8944"}],"wp:attachment":[{"href":"https:\/\/roigk.de\/fr\/wp-json\/wp\/v2\/media?parent=16435"}],"wp:term":[{"taxonomy":"product_brand","embeddable":true,"href":"https:\/\/roigk.de\/fr\/wp-json\/wp\/v2\/product_brand?post=16435"},{"taxonomy":"product_cat","embeddable":true,"href":"https:\/\/roigk.de\/fr\/wp-json\/wp\/v2\/product_cat?post=16435"},{"taxonomy":"product_tag","embeddable":true,"href":"https:\/\/roigk.de\/fr\/wp-json\/wp\/v2\/product_tag?post=16435"}],"curies":[{"name":"wp","href":"https:\/\/api.w.org\/{rel}","templated":true}]}}