{"id":16439,"date":"2020-07-20T14:26:15","date_gmt":"2020-07-20T14:26:15","guid":{"rendered":"http:\/\/roigk.de\/produkt\/riff-queue-de-dragon-aquatique-canon-a-arc-ps0078-30\/"},"modified":"2026-01-21T08:18:29","modified_gmt":"2026-01-21T08:18:29","slug":"riff-queue-de-dragon-aquatique-canon-a-arc-ps0078-30","status":"publish","type":"product","link":"https:\/\/roigk.de\/fr\/riff-queue-de-dragon-aquatique-canon-a-arc-ps0078-30\/","title":{"rendered":"Queue du Dragon  (canon \u00e0 arc) PS0078-30"},"content":{"rendered":"","protected":false},"excerpt":{"rendered":"<p>Une bataille d&#8217;eau serait tr\u00e8s amusante avec ce canon \u00e0 eau rotatif pour un jeu collectif dynamique gr<span>\u00e2ce<\/span>&nbsp;au jet volumique \u00e0 plusieurs faisceaux.<\/p>\n<p>Hauteur : 1.400 mm <br \/>Angle de pulv\u00e9risation : environ 100 degr\u00e9s (sans arr\u00eat)<br \/>D\u00e9bit d&#8217;eau : 8 \u00e0 21 l\/min<br \/>Pression de l&#8217;eau : 0,25 \u00e0 1 bar<br \/>Groupe cible : les enfants<br \/>Positionnement : Aires de jeux d&#8217;eau (WT max. = 200 mm)<br \/>Mat\u00e9riau : acier inoxydable V4A (1.4571), verre color\u00e9<\/p>\n","protected":false},"featured_media":28794,"template":"","meta":{"_acf_changed":false},"product_brand":[],"product_cat":[177],"product_tag":[],"class_list":{"0":"post-16439","1":"product","2":"type-product","3":"status-publish","4":"has-post-thumbnail","6":"product_cat-riff-zoo-fr","8":"first","9":"instock","10":"taxable","11":"shipping-taxable","12":"purchasable","13":"product-type-simple"},"acf":[],"_links":{"self":[{"href":"https:\/\/roigk.de\/fr\/wp-json\/wp\/v2\/product\/16439","targetHints":{"allow":["GET"]}}],"collection":[{"href":"https:\/\/roigk.de\/fr\/wp-json\/wp\/v2\/product"}],"about":[{"href":"https:\/\/roigk.de\/fr\/wp-json\/wp\/v2\/types\/product"}],"wp:featuredmedia":[{"embeddable":true,"href":"https:\/\/roigk.de\/fr\/wp-json\/wp\/v2\/media\/28794"}],"wp:attachment":[{"href":"https:\/\/roigk.de\/fr\/wp-json\/wp\/v2\/media?parent=16439"}],"wp:term":[{"taxonomy":"product_brand","embeddable":true,"href":"https:\/\/roigk.de\/fr\/wp-json\/wp\/v2\/product_brand?post=16439"},{"taxonomy":"product_cat","embeddable":true,"href":"https:\/\/roigk.de\/fr\/wp-json\/wp\/v2\/product_cat?post=16439"},{"taxonomy":"product_tag","embeddable":true,"href":"https:\/\/roigk.de\/fr\/wp-json\/wp\/v2\/product_tag?post=16439"}],"curies":[{"name":"wp","href":"https:\/\/api.w.org\/{rel}","templated":true}]}}