{"id":16448,"date":"2021-01-19T22:22:29","date_gmt":"2021-01-19T22:22:29","guid":{"rendered":"http:\/\/roigk.de\/produkt\/toboggan-courbe-compact-fibre-de-verre-r202002-10\/"},"modified":"2026-01-21T08:18:37","modified_gmt":"2026-01-21T08:18:37","slug":"toboggan-courbe-compact-fibre-de-verre-r202002-10","status":"publish","type":"product","link":"https:\/\/roigk.de\/fr\/toboggan-courbe-compact-fibre-de-verre-r202002-10\/","title":{"rendered":"Toboggan courb\u00e9 compact fibre de verre R202002-10"},"content":{"rendered":"","protected":false},"excerpt":{"rendered":"<p>Le toboggan aquatique sp\u00e9cialement con\u00e7u pour les abords \u00e9troits des piscines est particuli\u00e8rement adapt\u00e9 aux h\u00f4tels et aux piscines couvertes. <\/p>\n<p>\u00c0 c\u00f4t\u00e9 du bassin, le toboggan ne n\u00e9cessite qu&rsquo;environ 1.300 mm.<br \/>Classification selon DIN EN 1069 : type 2.1<br \/>Dimensions (L\/L\/H) : env. 3.800 x 1.700 x 2.300 mm<br \/>Hauteur de la plate-forme : 1.300 mm<br \/>D\u00e9bit d&rsquo;eau : env. 5 l\/min<br \/>Mat\u00e9riau : plastique renforc\u00e9 de fibres de verre (GRP), acier inoxydable V4A (1.4571)<br \/>Groupe cible : enfants<br \/>Positionnement : au bord de la piscine avec WT = \u00e0 partir d&rsquo;env. 800 mm<\/p>\n","protected":false},"featured_media":16442,"template":"","meta":{"_acf_changed":false},"product_brand":[],"product_cat":[191],"product_tag":[],"class_list":{"0":"post-16448","1":"product","2":"type-product","3":"status-publish","4":"has-post-thumbnail","6":"product_cat-toboggans-aquatiques-rapides-et-colores","8":"first","9":"instock","10":"taxable","11":"shipping-taxable","12":"purchasable","13":"product-type-simple"},"acf":[],"_links":{"self":[{"href":"https:\/\/roigk.de\/fr\/wp-json\/wp\/v2\/product\/16448","targetHints":{"allow":["GET"]}}],"collection":[{"href":"https:\/\/roigk.de\/fr\/wp-json\/wp\/v2\/product"}],"about":[{"href":"https:\/\/roigk.de\/fr\/wp-json\/wp\/v2\/types\/product"}],"wp:featuredmedia":[{"embeddable":true,"href":"https:\/\/roigk.de\/fr\/wp-json\/wp\/v2\/media\/16442"}],"wp:attachment":[{"href":"https:\/\/roigk.de\/fr\/wp-json\/wp\/v2\/media?parent=16448"}],"wp:term":[{"taxonomy":"product_brand","embeddable":true,"href":"https:\/\/roigk.de\/fr\/wp-json\/wp\/v2\/product_brand?post=16448"},{"taxonomy":"product_cat","embeddable":true,"href":"https:\/\/roigk.de\/fr\/wp-json\/wp\/v2\/product_cat?post=16448"},{"taxonomy":"product_tag","embeddable":true,"href":"https:\/\/roigk.de\/fr\/wp-json\/wp\/v2\/product_tag?post=16448"}],"curies":[{"name":"wp","href":"https:\/\/api.w.org\/{rel}","templated":true}]}}