{"id":16454,"date":"2020-07-31T07:19:21","date_gmt":"2020-07-31T07:19:21","guid":{"rendered":"http:\/\/roigk.de\/produkt\/o-bride-detancheite-r788-pour-les-garde-corps-et-douilles-de-sol\/"},"modified":"2026-01-21T08:18:57","modified_gmt":"2026-01-21T08:18:57","slug":"o-bride-detancheite-r788-pour-les-garde-corps-et-douilles-de-sol","status":"publish","type":"product","link":"https:\/\/roigk.de\/fr\/o-bride-detancheite-r788-pour-les-garde-corps-et-douilles-de-sol\/","title":{"rendered":"O# Bride d&rsquo;\u00e9tanch\u00e9it\u00e9 R788 (pour les garde-corps et douilles de sol)"},"content":{"rendered":"","protected":false},"excerpt":{"rendered":"<p>Appropri\u00e9 pour : Tube de 40 mm ou prises de terre pour tube de 40 mm<br \/>A  souder sur les supports de garde-corps, les arcs de poign\u00e9es, les  gaines de sol ou les douilles de sol \u00e0 la hauteur du niveau  d&#8217;\u00e9tanch\u00e9it\u00e9. <br \/>Zone d&#8217;\u00e9tanch\u00e9it\u00e9 selon les recommandations du ZDB  (Zentralverband Deutsches Baugewerbe) pour la construction de piscines  en 2012. <br \/>Mat\u00e9riau : Acier inoxydable V4A (1.4571)<\/p>\n","protected":false},"featured_media":13082,"template":"","meta":{"_acf_changed":false},"product_brand":[],"product_cat":[166,158,165],"product_tag":[],"class_list":{"0":"post-16454","1":"product","2":"type-product","3":"status-publish","4":"has-post-thumbnail","6":"product_cat-escaliers-garde-corps-et-echelles","7":"product_cat-lignes-de-nage-lignes-de-separation-et-douilles-de-sol","8":"product_cat-plot-de-depart","10":"first","11":"instock","12":"taxable","13":"shipping-taxable","14":"purchasable","15":"product-type-simple"},"acf":[],"_links":{"self":[{"href":"https:\/\/roigk.de\/fr\/wp-json\/wp\/v2\/product\/16454","targetHints":{"allow":["GET"]}}],"collection":[{"href":"https:\/\/roigk.de\/fr\/wp-json\/wp\/v2\/product"}],"about":[{"href":"https:\/\/roigk.de\/fr\/wp-json\/wp\/v2\/types\/product"}],"wp:featuredmedia":[{"embeddable":true,"href":"https:\/\/roigk.de\/fr\/wp-json\/wp\/v2\/media\/13082"}],"wp:attachment":[{"href":"https:\/\/roigk.de\/fr\/wp-json\/wp\/v2\/media?parent=16454"}],"wp:term":[{"taxonomy":"product_brand","embeddable":true,"href":"https:\/\/roigk.de\/fr\/wp-json\/wp\/v2\/product_brand?post=16454"},{"taxonomy":"product_cat","embeddable":true,"href":"https:\/\/roigk.de\/fr\/wp-json\/wp\/v2\/product_cat?post=16454"},{"taxonomy":"product_tag","embeddable":true,"href":"https:\/\/roigk.de\/fr\/wp-json\/wp\/v2\/product_tag?post=16454"}],"curies":[{"name":"wp","href":"https:\/\/api.w.org\/{rel}","templated":true}]}}