{"id":16458,"date":"2020-07-20T15:25:10","date_gmt":"2020-07-20T15:25:10","guid":{"rendered":"http:\/\/roigk.de\/produkt\/z-duraflex-maxi-b-plongeoir-r771160-1-pour-les-installations-de-tremplin\/"},"modified":"2026-01-21T08:19:07","modified_gmt":"2026-01-21T08:19:07","slug":"z-duraflex-maxi-b-plongeoir-r771160-1-pour-les-installations-de-tremplin","status":"publish","type":"product","link":"https:\/\/roigk.de\/fr\/z-duraflex-maxi-b-plongeoir-r771160-1-pour-les-installations-de-tremplin\/","title":{"rendered":"Z# Duraflex Maxi B Plongeoir R771160-1 (pour les installations de tremplin)"},"content":{"rendered":"","protected":false},"excerpt":{"rendered":"<p>Avec une conicit\u00e9 suppl\u00e9mentaire de la zone du rouleau jusqu&#8217;\u00e0 l&#8217;extr\u00e9mit\u00e9 de la planche pour une flexibilit\u00e9 accrue et des trous ovales (189 pi\u00e8ces) perc\u00e9s dans la zone de plongeon pour r\u00e9duire le poids de la pointe de la planche.<\/p>\n<p>Longueur : 488 cm<br \/>Largeur : 49,5 cm<br \/>Groupe cible : exclusivement autoris\u00e9 \u00e0 participer \u00e0 tous les Jeux olympiques ainsi qu&#8217;aux comp\u00e9titions nationales et internationales.<\/p>\n","protected":false},"featured_media":24931,"template":"","meta":{"_acf_changed":false},"product_brand":[],"product_cat":[161],"product_tag":[],"class_list":{"0":"post-16458","1":"product","2":"type-product","3":"status-publish","4":"has-post-thumbnail","6":"product_cat-plongeoirs","8":"first","9":"instock","10":"taxable","11":"shipping-taxable","12":"purchasable","13":"product-type-simple"},"acf":[],"_links":{"self":[{"href":"https:\/\/roigk.de\/fr\/wp-json\/wp\/v2\/product\/16458","targetHints":{"allow":["GET"]}}],"collection":[{"href":"https:\/\/roigk.de\/fr\/wp-json\/wp\/v2\/product"}],"about":[{"href":"https:\/\/roigk.de\/fr\/wp-json\/wp\/v2\/types\/product"}],"wp:featuredmedia":[{"embeddable":true,"href":"https:\/\/roigk.de\/fr\/wp-json\/wp\/v2\/media\/24931"}],"wp:attachment":[{"href":"https:\/\/roigk.de\/fr\/wp-json\/wp\/v2\/media?parent=16458"}],"wp:term":[{"taxonomy":"product_brand","embeddable":true,"href":"https:\/\/roigk.de\/fr\/wp-json\/wp\/v2\/product_brand?post=16458"},{"taxonomy":"product_cat","embeddable":true,"href":"https:\/\/roigk.de\/fr\/wp-json\/wp\/v2\/product_cat?post=16458"},{"taxonomy":"product_tag","embeddable":true,"href":"https:\/\/roigk.de\/fr\/wp-json\/wp\/v2\/product_tag?post=16458"}],"curies":[{"name":"wp","href":"https:\/\/api.w.org\/{rel}","templated":true}]}}