{"id":16466,"date":"2020-07-20T14:48:07","date_gmt":"2020-07-20T14:48:07","guid":{"rendered":"http:\/\/roigk.de\/produkt\/bac-de-passage-avec-trop-plein-r99106\/"},"modified":"2026-01-21T08:19:29","modified_gmt":"2026-01-21T08:19:29","slug":"bac-de-passage-avec-trop-plein-r99106","status":"publish","type":"product","link":"https:\/\/roigk.de\/fr\/bac-de-passage-avec-trop-plein-r99106\/","title":{"rendered":"Bac de passage avec trop-plein R99106"},"content":{"rendered":"","protected":false},"excerpt":{"rendered":"<p>Bac de passage avec trop-plein des deux c\u00f4t\u00e9s et entr\u00e9e d&#8217;eau s\u00e9par\u00e9e, y compris raccord de vidange au sol pour la vidange r\u00e9siduelle. Les surfaces de roulement sont rev\u00eatues d&#8217;un rev\u00eatement antid\u00e9rapant (classe de glissement C selon la norme DIN 51097). La d\u00e9marcation lat\u00e9rale est sur\u00e9lev\u00e9e et biseaut\u00e9e \u00e0 45 degr\u00e9s pour emp\u00eacher tout acc\u00e8s non autoris\u00e9. Le plan de roulement est incurv\u00e9 et peut \u00eatre utilis\u00e9 par les utilisateurs de fauteuils roulants, avec un socle int\u00e9gr\u00e9 pour l&#8217;installation d&#8217;une douche autonome (par exemple R43 ou R46). Incluant les raccords d&#8217;entr\u00e9e et de sortie en acier inoxydable ci-dessous pour le raccordement au r\u00e9gime d&#8217;eau. Semblable au R99105R, mais avec une entr\u00e9e d&#8217;eau pure et une sortie de canal des deux c\u00f4t\u00e9s. Particuli\u00e8rement adapt\u00e9 si l&#8217;on s&#8217;attend \u00e0 beaucoup de salet\u00e9.<\/p>\n<p>Taille : 3.000 x 2.400 mm<br \/>Couleur : bleu RAL 5015 ou couleur sp\u00e9ciale<br \/>Mat\u00e9riau : plastique renforc\u00e9 de fibres de verre (GfK) et acier inoxydable V4A (1.4571)<\/p>\n","protected":false},"featured_media":10821,"template":"","meta":{"_acf_changed":false},"product_brand":[],"product_cat":[163],"product_tag":[],"class_list":{"0":"post-16466","1":"product","2":"type-product","3":"status-publish","4":"has-post-thumbnail","6":"product_cat-douches-verticales-et-equipement-de-piscine-exterieure-fr","8":"first","9":"outofstock","10":"taxable","11":"shipping-taxable","12":"purchasable","13":"product-type-simple"},"acf":[],"_links":{"self":[{"href":"https:\/\/roigk.de\/fr\/wp-json\/wp\/v2\/product\/16466","targetHints":{"allow":["GET"]}}],"collection":[{"href":"https:\/\/roigk.de\/fr\/wp-json\/wp\/v2\/product"}],"about":[{"href":"https:\/\/roigk.de\/fr\/wp-json\/wp\/v2\/types\/product"}],"wp:featuredmedia":[{"embeddable":true,"href":"https:\/\/roigk.de\/fr\/wp-json\/wp\/v2\/media\/10821"}],"wp:attachment":[{"href":"https:\/\/roigk.de\/fr\/wp-json\/wp\/v2\/media?parent=16466"}],"wp:term":[{"taxonomy":"product_brand","embeddable":true,"href":"https:\/\/roigk.de\/fr\/wp-json\/wp\/v2\/product_brand?post=16466"},{"taxonomy":"product_cat","embeddable":true,"href":"https:\/\/roigk.de\/fr\/wp-json\/wp\/v2\/product_cat?post=16466"},{"taxonomy":"product_tag","embeddable":true,"href":"https:\/\/roigk.de\/fr\/wp-json\/wp\/v2\/product_tag?post=16466"}],"curies":[{"name":"wp","href":"https:\/\/api.w.org\/{rel}","templated":true}]}}