{"id":16468,"date":"2020-07-20T14:46:47","date_gmt":"2020-07-20T14:46:47","guid":{"rendered":"http:\/\/roigk.de\/produkt\/bac-de-passage-sans-obstacle-r99105r\/"},"modified":"2026-01-21T08:19:36","modified_gmt":"2026-01-21T08:19:36","slug":"bac-de-passage-sans-obstacle-r99105r","status":"publish","type":"product","link":"https:\/\/roigk.de\/fr\/bac-de-passage-sans-obstacle-r99105r\/","title":{"rendered":"Bac de passage sans obstacle R99105R"},"content":{"rendered":"","protected":false},"excerpt":{"rendered":"<p>Le bac de passage sans obstacle en fibre de verre renforc\u00e9e ajoute une touche int\u00e9ressante dans chaque piscine ext\u00e9rieure gr\u00e2ce \u00e0 ses couleurs. Il est \u00e9quip\u00e9 de l&#8217;\u00e9vacuation d&#8217;eau R107 et n&#8217;est pas rempli d&#8217;eau en permanence. Les montants lat\u00e9raux sont biseaut\u00e9s, de sorte qu&#8217;il ne soit pas possible de faire le tour de celle-ci. Un \u00e9l\u00e9ment en acier inoxydable adapt\u00e9 \u00e0 la douche autonome R43 est int\u00e9gr\u00e9 dans le corps en fibre de verre renforc\u00e9e, de sorte que la largeur du jet de douche et de la rigole soient adapt\u00e9es de mani\u00e8re optimale.<\/p>\n<p>Taille : 3 000 x 2 400 mm<br \/>Couleur : bleu RAL 5015 ou couleur sp\u00e9ciale<br \/>Mat\u00e9riau : plastique renforc\u00e9 de fibres de verre (GfK) et acier inoxydable V4A (1.4571)<\/p>\n","protected":false},"featured_media":28549,"template":"","meta":{"_acf_changed":false},"product_brand":[],"product_cat":[163],"product_tag":[],"class_list":{"0":"post-16468","1":"product","2":"type-product","3":"status-publish","4":"has-post-thumbnail","6":"product_cat-douches-verticales-et-equipement-de-piscine-exterieure-fr","8":"first","9":"outofstock","10":"taxable","11":"shipping-taxable","12":"purchasable","13":"product-type-simple"},"acf":[],"_links":{"self":[{"href":"https:\/\/roigk.de\/fr\/wp-json\/wp\/v2\/product\/16468","targetHints":{"allow":["GET"]}}],"collection":[{"href":"https:\/\/roigk.de\/fr\/wp-json\/wp\/v2\/product"}],"about":[{"href":"https:\/\/roigk.de\/fr\/wp-json\/wp\/v2\/types\/product"}],"wp:featuredmedia":[{"embeddable":true,"href":"https:\/\/roigk.de\/fr\/wp-json\/wp\/v2\/media\/28549"}],"wp:attachment":[{"href":"https:\/\/roigk.de\/fr\/wp-json\/wp\/v2\/media?parent=16468"}],"wp:term":[{"taxonomy":"product_brand","embeddable":true,"href":"https:\/\/roigk.de\/fr\/wp-json\/wp\/v2\/product_brand?post=16468"},{"taxonomy":"product_cat","embeddable":true,"href":"https:\/\/roigk.de\/fr\/wp-json\/wp\/v2\/product_cat?post=16468"},{"taxonomy":"product_tag","embeddable":true,"href":"https:\/\/roigk.de\/fr\/wp-json\/wp\/v2\/product_tag?post=16468"}],"curies":[{"name":"wp","href":"https:\/\/api.w.org\/{rel}","templated":true}]}}