{"id":16478,"date":"2020-07-20T14:43:39","date_gmt":"2020-07-20T14:43:39","guid":{"rendered":"http:\/\/roigk.de\/produkt\/e-rosette-en-acier-inoxydable-120-40-pour-rampes-et-echelles-en-tube-de-40-mm\/"},"modified":"2026-01-21T08:20:09","modified_gmt":"2026-01-21T08:20:09","slug":"e-rosette-en-acier-inoxydable-120-40-pour-rampes-et-echelles-en-tube-de-40-mm","status":"publish","type":"product","link":"https:\/\/roigk.de\/fr\/e-rosette-en-acier-inoxydable-120-40-pour-rampes-et-echelles-en-tube-de-40-mm\/","title":{"rendered":"E# Rosette en acier inoxydable 120\/40 (pour rampes et \u00e9chelles en tube de 40 mm)"},"content":{"rendered":"","protected":false},"excerpt":{"rendered":"<p>Diam\u00e8tre ext\u00e9rieur d&#8217;environ 120 mm<br \/>Diam\u00e8tre int\u00e9rieur d&#8217;environ 40,5 mm<br \/>Mat\u00e9riau : acier inoxydable V4A (1.4404) grenaill\u00e9 et \u00e9lectropoli<\/p>\n","protected":false},"featured_media":10454,"template":"","meta":{"_acf_changed":false},"product_brand":[],"product_cat":[143],"product_tag":[],"class_list":{"0":"post-16478","1":"product","2":"type-product","3":"status-publish","4":"has-post-thumbnail","6":"product_cat-echelles-pieces-detachees","8":"first","9":"instock","10":"taxable","11":"shipping-taxable","12":"purchasable","13":"product-type-simple"},"acf":[],"_links":{"self":[{"href":"https:\/\/roigk.de\/fr\/wp-json\/wp\/v2\/product\/16478","targetHints":{"allow":["GET"]}}],"collection":[{"href":"https:\/\/roigk.de\/fr\/wp-json\/wp\/v2\/product"}],"about":[{"href":"https:\/\/roigk.de\/fr\/wp-json\/wp\/v2\/types\/product"}],"wp:featuredmedia":[{"embeddable":true,"href":"https:\/\/roigk.de\/fr\/wp-json\/wp\/v2\/media\/10454"}],"wp:attachment":[{"href":"https:\/\/roigk.de\/fr\/wp-json\/wp\/v2\/media?parent=16478"}],"wp:term":[{"taxonomy":"product_brand","embeddable":true,"href":"https:\/\/roigk.de\/fr\/wp-json\/wp\/v2\/product_brand?post=16478"},{"taxonomy":"product_cat","embeddable":true,"href":"https:\/\/roigk.de\/fr\/wp-json\/wp\/v2\/product_cat?post=16478"},{"taxonomy":"product_tag","embeddable":true,"href":"https:\/\/roigk.de\/fr\/wp-json\/wp\/v2\/product_tag?post=16478"}],"curies":[{"name":"wp","href":"https:\/\/api.w.org\/{rel}","templated":true}]}}