{"id":16491,"date":"2020-07-20T14:22:24","date_gmt":"2021-01-19T22:25:21","guid":{"rendered":"http:\/\/roigk.de\/produkt\/escaliers-de-piscine-r300-2\/"},"modified":"2021-08-18T12:03:24","modified_gmt":"2021-08-18T12:03:24","slug":"escaliers-de-piscine-r300-2","status":"publish","type":"product","link":"https:\/\/roigk.de\/fr\/escaliers-de-piscine-r300-2\/","title":{"rendered":"Escaliers de piscine R300-2"},"content":{"rendered":"","protected":false},"excerpt":{"rendered":"<p>Nous recommandons tout particuli\u00e8rement le R300-2, qui est fabriqu\u00e9 avec de petites marches et sans tube pour les genoux afin d&#8217;\u00e9conomiser du poids et de l&#8217;espace.<\/p>\n<p>Marches : 600 x 140 mm avec profilage antid\u00e9rapant des trous de buse<br \/>Groupe cible : nageurs plus \u00e2g\u00e9s pour lesquels une \u00e9chelle est trop raide<br \/>Positionnement : au bord de la piscine dans des salles de bain priv\u00e9es<br \/>Mat\u00e9riau : acier inoxydable V4A (1.4571) ou (1.4539)<\/p>\n","protected":false},"featured_media":8775,"template":"","meta":{"_acf_changed":false},"product_brand":[],"product_cat":[166],"product_tag":[],"class_list":{"0":"post-16491","1":"product","2":"type-product","3":"status-publish","4":"has-post-thumbnail","6":"product_cat-escaliers-garde-corps-et-echelles","8":"first","9":"instock","10":"taxable","11":"shipping-taxable","12":"product-type-simple"},"acf":[],"_links":{"self":[{"href":"https:\/\/roigk.de\/fr\/wp-json\/wp\/v2\/product\/16491","targetHints":{"allow":["GET"]}}],"collection":[{"href":"https:\/\/roigk.de\/fr\/wp-json\/wp\/v2\/product"}],"about":[{"href":"https:\/\/roigk.de\/fr\/wp-json\/wp\/v2\/types\/product"}],"wp:featuredmedia":[{"embeddable":true,"href":"https:\/\/roigk.de\/fr\/wp-json\/wp\/v2\/media\/8775"}],"wp:attachment":[{"href":"https:\/\/roigk.de\/fr\/wp-json\/wp\/v2\/media?parent=16491"}],"wp:term":[{"taxonomy":"product_brand","embeddable":true,"href":"https:\/\/roigk.de\/fr\/wp-json\/wp\/v2\/product_brand?post=16491"},{"taxonomy":"product_cat","embeddable":true,"href":"https:\/\/roigk.de\/fr\/wp-json\/wp\/v2\/product_cat?post=16491"},{"taxonomy":"product_tag","embeddable":true,"href":"https:\/\/roigk.de\/fr\/wp-json\/wp\/v2\/product_tag?post=16491"}],"curies":[{"name":"wp","href":"https:\/\/api.w.org\/{rel}","templated":true}]}}