{"id":16493,"date":"2020-07-20T14:50:50","date_gmt":"2021-01-19T22:25:29","guid":{"rendered":"http:\/\/roigk.de\/produkt\/escalier-de-piscine-r300-2k-pliable\/"},"modified":"2021-09-21T15:20:42","modified_gmt":"2021-09-21T15:20:42","slug":"escalier-de-piscine-r300-2k-pliable","status":"publish","type":"product","link":"https:\/\/roigk.de\/fr\/escalier-de-piscine-r300-2k-pliable\/","title":{"rendered":"Escalier de piscine R300-2K (pliable)"},"content":{"rendered":"","protected":false},"excerpt":{"rendered":"<p>Pour faciliter le retrait, nous recommandons en particulier le R300\/2, qui peut \u00eatre \u00e9quip\u00e9 d&#8217;un m\u00e9canisme de pliage sur demande, afin qu&#8217;il puisse \u00eatre repli\u00e9 et d\u00e9pli\u00e9 rapidement et facilement (R300-2K). Pour \u00e9conomiser du poids et de l&#8217;espace, l&#8217;escalier est fabriqu\u00e9 avec de petites marches et sans tube pour les genoux.<\/p>\n<p>\u00c9chelons : 600 x 140 mm avec profilage antid\u00e9rapant des trous de buse<br \/>Groupe cible : nageurs plus \u00e2g\u00e9s pour lesquels une \u00e9chelle est trop raide<br \/>Positionnement : au bord de la piscine dans des salles de bain priv\u00e9es<br \/>Mat\u00e9riau : acier inoxydable V4A (1.4571) ou (1.4539)<\/p>\n","protected":false},"featured_media":11029,"template":"","meta":{"_acf_changed":false},"product_brand":[],"product_cat":[166],"product_tag":[],"class_list":{"0":"post-16493","1":"product","2":"type-product","3":"status-publish","4":"has-post-thumbnail","6":"product_cat-escaliers-garde-corps-et-echelles","8":"first","9":"instock","10":"taxable","11":"shipping-taxable","12":"product-type-simple"},"acf":[],"_links":{"self":[{"href":"https:\/\/roigk.de\/fr\/wp-json\/wp\/v2\/product\/16493","targetHints":{"allow":["GET"]}}],"collection":[{"href":"https:\/\/roigk.de\/fr\/wp-json\/wp\/v2\/product"}],"about":[{"href":"https:\/\/roigk.de\/fr\/wp-json\/wp\/v2\/types\/product"}],"wp:featuredmedia":[{"embeddable":true,"href":"https:\/\/roigk.de\/fr\/wp-json\/wp\/v2\/media\/11029"}],"wp:attachment":[{"href":"https:\/\/roigk.de\/fr\/wp-json\/wp\/v2\/media?parent=16493"}],"wp:term":[{"taxonomy":"product_brand","embeddable":true,"href":"https:\/\/roigk.de\/fr\/wp-json\/wp\/v2\/product_brand?post=16493"},{"taxonomy":"product_cat","embeddable":true,"href":"https:\/\/roigk.de\/fr\/wp-json\/wp\/v2\/product_cat?post=16493"},{"taxonomy":"product_tag","embeddable":true,"href":"https:\/\/roigk.de\/fr\/wp-json\/wp\/v2\/product_tag?post=16493"}],"curies":[{"name":"wp","href":"https:\/\/api.w.org\/{rel}","templated":true}]}}