{"id":16502,"date":"2021-01-19T22:25:37","date_gmt":"2021-01-19T22:25:37","guid":{"rendered":"http:\/\/roigk.de\/produkt\/toboggan-elephant-benyamin-r202004-10\/"},"modified":"2026-01-21T08:20:39","modified_gmt":"2026-01-21T08:20:39","slug":"toboggan-elephant-benyamin-r202004-10","status":"publish","type":"product","link":"https:\/\/roigk.de\/fr\/toboggan-elephant-benyamin-r202004-10\/","title":{"rendered":"Toboggan \u00e9l\u00e9phant Benyamin R202004-10"},"content":{"rendered":"","protected":false},"excerpt":{"rendered":"<p>Le toboggan aquatique au design d&rsquo;\u00e9l\u00e9phant est un classique pour les enfants.<\/p>\n<p>Il est encore plus s\u00fbr avec l&rsquo;escalier d&rsquo;acc\u00e8s de s\u00e9curit\u00e9 en option, compos\u00e9 de marches en PRV ferm\u00e9es et antid\u00e9rapantes et d&rsquo;une double main courante.<\/p>\n<p>Classification selon la norme DIN EN 1069 : type 1.2<br \/>Dimensions (L\/L\/H) : env. 2.950 x 2.050 x 1.800 mm<br \/>Hauteur de la plate-forme : env. 1.100 mm<br \/>Mat\u00e9riau : plastique renforc\u00e9 de fibres de verre (GRP), acier inoxydable V4A (1.4571)<br \/>Groupe cible : enfants et petits enfants selon la profondeur de l&rsquo;eau<br \/>Positionnement : au bord du bassin avec WT = \u00e0 partir d&rsquo;env. 700 mm<\/p>\n","protected":false},"featured_media":28414,"template":"","meta":{"_acf_changed":false},"product_brand":[],"product_cat":[191],"product_tag":[],"class_list":{"0":"post-16502","1":"product","2":"type-product","3":"status-publish","4":"has-post-thumbnail","6":"product_cat-toboggans-aquatiques-rapides-et-colores","8":"first","9":"instock","10":"taxable","11":"shipping-taxable","12":"purchasable","13":"product-type-simple"},"acf":[],"_links":{"self":[{"href":"https:\/\/roigk.de\/fr\/wp-json\/wp\/v2\/product\/16502","targetHints":{"allow":["GET"]}}],"collection":[{"href":"https:\/\/roigk.de\/fr\/wp-json\/wp\/v2\/product"}],"about":[{"href":"https:\/\/roigk.de\/fr\/wp-json\/wp\/v2\/types\/product"}],"wp:featuredmedia":[{"embeddable":true,"href":"https:\/\/roigk.de\/fr\/wp-json\/wp\/v2\/media\/28414"}],"wp:attachment":[{"href":"https:\/\/roigk.de\/fr\/wp-json\/wp\/v2\/media?parent=16502"}],"wp:term":[{"taxonomy":"product_brand","embeddable":true,"href":"https:\/\/roigk.de\/fr\/wp-json\/wp\/v2\/product_brand?post=16502"},{"taxonomy":"product_cat","embeddable":true,"href":"https:\/\/roigk.de\/fr\/wp-json\/wp\/v2\/product_cat?post=16502"},{"taxonomy":"product_tag","embeddable":true,"href":"https:\/\/roigk.de\/fr\/wp-json\/wp\/v2\/product_tag?post=16502"}],"curies":[{"name":"wp","href":"https:\/\/api.w.org\/{rel}","templated":true}]}}