{"id":16508,"date":"2021-01-19T22:25:46","date_gmt":"2021-01-19T22:25:46","guid":{"rendered":"http:\/\/roigk.de\/produkt\/toboggan-elephant-benyamin-avec-extension-de-la-trompe-et-protection-sous-marine-r202004-20\/"},"modified":"2026-01-21T08:20:46","modified_gmt":"2026-01-21T08:20:46","slug":"toboggan-elephant-benyamin-avec-extension-de-la-trompe-et-protection-sous-marine-r202004-20","status":"publish","type":"product","link":"https:\/\/roigk.de\/fr\/toboggan-elephant-benyamin-avec-extension-de-la-trompe-et-protection-sous-marine-r202004-20\/","title":{"rendered":"Toboggan \u00e9l\u00e9phant Benyamin avec extension de la trompe et protection sous-marine R202004-20"},"content":{"rendered":"","protected":false},"excerpt":{"rendered":"<p>Semblable au Benyamin.<\/p>\n<p>Pour un atterrissage en douceur, nous recommandons ce toboggan avec rallonge et avec protection flottante pour une s\u00e9curit\u00e9 accrue, selon la norme DIN EN 1069 et GUV, si la profondeur de l&#8217;eau est inf\u00e9rieure \u00e0 700 mm.<\/p>\n<p>La trompe est sp\u00e9cialement adapt\u00e9 \u00e0 la profondeur de la piscine. La longueur du toboggan varie par cons\u00e9quent.<\/p>\n<p>Positionnement : au bord du bassin avec WT = environ 300 \u00e0 700 mm<\/p>\n","protected":false},"featured_media":16505,"template":"","meta":{"_acf_changed":false},"product_brand":[],"product_cat":[191],"product_tag":[],"class_list":{"0":"post-16508","1":"product","2":"type-product","3":"status-publish","4":"has-post-thumbnail","6":"product_cat-toboggans-aquatiques-rapides-et-colores","8":"first","9":"instock","10":"taxable","11":"shipping-taxable","12":"purchasable","13":"product-type-simple"},"acf":[],"_links":{"self":[{"href":"https:\/\/roigk.de\/fr\/wp-json\/wp\/v2\/product\/16508","targetHints":{"allow":["GET"]}}],"collection":[{"href":"https:\/\/roigk.de\/fr\/wp-json\/wp\/v2\/product"}],"about":[{"href":"https:\/\/roigk.de\/fr\/wp-json\/wp\/v2\/types\/product"}],"wp:featuredmedia":[{"embeddable":true,"href":"https:\/\/roigk.de\/fr\/wp-json\/wp\/v2\/media\/16505"}],"wp:attachment":[{"href":"https:\/\/roigk.de\/fr\/wp-json\/wp\/v2\/media?parent=16508"}],"wp:term":[{"taxonomy":"product_brand","embeddable":true,"href":"https:\/\/roigk.de\/fr\/wp-json\/wp\/v2\/product_brand?post=16508"},{"taxonomy":"product_cat","embeddable":true,"href":"https:\/\/roigk.de\/fr\/wp-json\/wp\/v2\/product_cat?post=16508"},{"taxonomy":"product_tag","embeddable":true,"href":"https:\/\/roigk.de\/fr\/wp-json\/wp\/v2\/product_tag?post=16508"}],"curies":[{"name":"wp","href":"https:\/\/api.w.org\/{rel}","templated":true}]}}