{"id":16510,"date":"2020-07-20T14:50:37","date_gmt":"2021-01-19T22:25:59","guid":{"rendered":"http:\/\/roigk.de\/produkt\/o-dispositif-delevation-electrique-r8001e-pour-plongeoir\/"},"modified":"2025-01-27T11:55:56","modified_gmt":"2025-01-27T11:55:56","slug":"o-dispositif-delevation-electrique-r8001e-pour-plongeoir","status":"publish","type":"product","link":"https:\/\/roigk.de\/fr\/o-dispositif-delevation-electrique-r8001e-pour-plongeoir\/","title":{"rendered":"O# Dispositif d&rsquo;\u00e9l\u00e9vation \u00e9lectrique R8001E (pour plongeoir)"},"content":{"rendered":"","protected":false},"excerpt":{"rendered":"<p>En inclinant le tremplin, le dispositif \u00e9lectrique de relevage emp\u00eache efficacement de marcher sur le tremplin, par exemple lorsque le plancher mobile est relev\u00e9, afin d&rsquo;\u00e9viter les sauts. Disponible pour les tremplins Roigk ou Duraflex. La construction robuste en acier inoxydable est viss\u00e9e sur la plate-forme de saut entre le r\u00e9glage des rouleaux et le palier d&rsquo;extr\u00e9mit\u00e9.<\/p>\n<p>Incl. moteur, batterie, chargeur, bo\u00eetier de commande et \u00e9metteur portable.<\/p>\n<p>Tension d&rsquo;entr\u00e9e : 24 V DC (c\u00e2ble 2 x 2,5 mm\u00b2)<br \/>Courant d&rsquo;entr\u00e9e : 2 &#8211; 21 A<br \/>Indice de protection : IP 66 (dynamique)<br \/>Mat\u00e9riau : V4A (1.4571) rev\u00eatu par poudre RAL 7015<\/p>\n","protected":false},"featured_media":25436,"template":"","meta":{"_acf_changed":false},"product_brand":[],"product_cat":[161],"product_tag":[],"class_list":{"0":"post-16510","1":"product","2":"type-product","3":"status-publish","4":"has-post-thumbnail","6":"product_cat-plongeoirs","8":"first","9":"instock","10":"taxable","11":"shipping-taxable","12":"purchasable","13":"product-type-simple"},"acf":[],"_links":{"self":[{"href":"https:\/\/roigk.de\/fr\/wp-json\/wp\/v2\/product\/16510","targetHints":{"allow":["GET"]}}],"collection":[{"href":"https:\/\/roigk.de\/fr\/wp-json\/wp\/v2\/product"}],"about":[{"href":"https:\/\/roigk.de\/fr\/wp-json\/wp\/v2\/types\/product"}],"wp:featuredmedia":[{"embeddable":true,"href":"https:\/\/roigk.de\/fr\/wp-json\/wp\/v2\/media\/25436"}],"wp:attachment":[{"href":"https:\/\/roigk.de\/fr\/wp-json\/wp\/v2\/media?parent=16510"}],"wp:term":[{"taxonomy":"product_brand","embeddable":true,"href":"https:\/\/roigk.de\/fr\/wp-json\/wp\/v2\/product_brand?post=16510"},{"taxonomy":"product_cat","embeddable":true,"href":"https:\/\/roigk.de\/fr\/wp-json\/wp\/v2\/product_cat?post=16510"},{"taxonomy":"product_tag","embeddable":true,"href":"https:\/\/roigk.de\/fr\/wp-json\/wp\/v2\/product_tag?post=16510"}],"curies":[{"name":"wp","href":"https:\/\/api.w.org\/{rel}","templated":true}]}}