{"id":16520,"date":"2020-07-20T14:30:01","date_gmt":"2020-07-20T14:30:01","guid":{"rendered":"http:\/\/roigk.de\/produkt\/e-lot-de-5-joints-pour-la-pompe-a-poignee\/"},"modified":"2026-01-21T08:21:23","modified_gmt":"2026-01-21T08:21:23","slug":"e-lot-de-5-joints-pour-la-pompe-a-poignee","status":"publish","type":"product","link":"https:\/\/roigk.de\/fr\/e-lot-de-5-joints-pour-la-pompe-a-poignee\/","title":{"rendered":"E# Lot de 5 joints (pour la pompe \u00e0 poign\u00e9e)"},"content":{"rendered":"","protected":false},"excerpt":{"rendered":"<p>compos\u00e9 de 5 joints<br \/>Mat\u00e9riau : T\u00e9flon<\/p>\n","protected":false},"featured_media":9300,"template":"","meta":{"_acf_changed":false},"product_brand":[],"product_cat":[137],"product_tag":[],"class_list":{"0":"post-16520","1":"product","2":"type-product","3":"status-publish","4":"has-post-thumbnail","6":"product_cat-attractions-et-cols-de-cygne-pieces-detachees","8":"first","9":"instock","10":"taxable","11":"shipping-taxable","12":"purchasable","13":"product-type-simple"},"acf":[],"_links":{"self":[{"href":"https:\/\/roigk.de\/fr\/wp-json\/wp\/v2\/product\/16520","targetHints":{"allow":["GET"]}}],"collection":[{"href":"https:\/\/roigk.de\/fr\/wp-json\/wp\/v2\/product"}],"about":[{"href":"https:\/\/roigk.de\/fr\/wp-json\/wp\/v2\/types\/product"}],"wp:featuredmedia":[{"embeddable":true,"href":"https:\/\/roigk.de\/fr\/wp-json\/wp\/v2\/media\/9300"}],"wp:attachment":[{"href":"https:\/\/roigk.de\/fr\/wp-json\/wp\/v2\/media?parent=16520"}],"wp:term":[{"taxonomy":"product_brand","embeddable":true,"href":"https:\/\/roigk.de\/fr\/wp-json\/wp\/v2\/product_brand?post=16520"},{"taxonomy":"product_cat","embeddable":true,"href":"https:\/\/roigk.de\/fr\/wp-json\/wp\/v2\/product_cat?post=16520"},{"taxonomy":"product_tag","embeddable":true,"href":"https:\/\/roigk.de\/fr\/wp-json\/wp\/v2\/product_tag?post=16520"}],"curies":[{"name":"wp","href":"https:\/\/api.w.org\/{rel}","templated":true}]}}